{"id":725396,"date":"2025-08-27T19:49:30","date_gmt":"2025-08-27T16:49:30","guid":{"rendered":"https:\/\/roveyayinevi.com.tr\/index.php\/urun\/cocuk-kalbi-12\/"},"modified":"2026-04-16T02:33:28","modified_gmt":"2026-04-15T23:33:28","slug":"cocuk-kalbi-12","status":"publish","type":"product","link":"https:\/\/roveyayinevi.com.tr\/index.php\/urun\/cocuk-kalbi-12\/","title":{"rendered":"\u00c7ocuk Kalbi"},"content":{"rendered":"<p>\u00c7ocuklar\u0131n kalplerini \u0131s\u0131tacak, onlar\u0131 sevgiyle b\u00fcy\u00fctecek klasik bir eser&#8230;T\u00fcm d\u00fcnya dillerine \u00e7evrilen ve e\u011fitimcilerce\u201cD\u00fcnyan\u0131n en yararl\u0131 \u00e7ocuk kitab\u0131\u201d olarak kabul edilen \u00c7ocuk Kalbi, y\u0131llard\u0131r her \u00e7ocu\u011fun en iyi dostu olmaya devam ediyor\u2026\u00d6zveri, d\u00fcr\u00fcstl\u00fck, ahlakl\u0131 olmak, dayan\u0131\u015fma, dostluk, merhamet, vatan ve aile sevgisi gibi pek \u00e7ok erdemin k\u00fc\u00e7\u00fck Enrico\u2019nun dilinden anlat\u0131ld\u0131\u011f\u0131 bu roman, ayn\u0131 anda hem \u00f6\u011fretici hem de \u00e7ok e\u011flenceli.\u00c7ocuklar\u0131n erdemli, ailelerine ve topluma faydal\u0131 birer birey olmalar\u0131 amac\u0131yla, g\u00fcnl\u00fck tarz\u0131nda kaleme al\u0131nm\u0131\u015f \u00c7ocuk Kalbi sadece hayat\u0131 tan\u0131ma yolundaki \u00e7ocuklar\u0131n de\u011fil, ayn\u0131 zamanda \u00f6\u011fretmen ve ebeveynlerin de mutlaka okumas\u0131 gereken bir rehber.<\/p>\n","protected":false},"excerpt":{"rendered":"<p>\u00c7ocuklar\u0131n kalplerini \u0131s\u0131tacak, onlar\u0131 sevgiyle b\u00fcy\u00fctecek klasik bir eser&#8230;T\u00fcm d\u00fcnya dillerine \u00e7evrilen ve e\u011fitimcilerce\u201cD\u00fcnyan\u0131n en yararl\u0131 \u00e7ocuk kitab\u0131\u201d olarak kabul edilen \u00c7ocuk Kalbi, y\u0131llard\u0131r her \u00e7ocu\u011fun<span class=\"excerpt-hellip\"> [\u2026]<\/span><\/p>\n","protected":false},"featured_media":0,"template":"","meta":{"_monsterinsights_skip_tracking":false,"_monsterinsights_sitenote_active":false,"_monsterinsights_sitenote_note":"","_monsterinsights_sitenote_category":0},"product_brand":[],"product_cat":[12274,12631],"product_tag":[],"class_list":{"0":"post-725396","1":"product","2":"type-product","3":"status-publish","5":"product_cat-cocuk-ve-genclik-kitaplari","6":"product_cat-diger-cocuk-ve-genclik-kitaplari","7":"pa_cilt-ciltsiz","8":"pa_tur-kitap","9":"pa_yayinevi-turkuvaz-kitap","10":"pa_yazar-edmondo-de-amicis","12":"first","13":"instock","14":"sale","15":"shipping-taxable","16":"purchasable","17":"product-type-simple"},"_links":{"self":[{"href":"https:\/\/roveyayinevi.com.tr\/index.php\/wp-json\/wp\/v2\/product\/725396","targetHints":{"allow":["GET"]}}],"collection":[{"href":"https:\/\/roveyayinevi.com.tr\/index.php\/wp-json\/wp\/v2\/product"}],"about":[{"href":"https:\/\/roveyayinevi.com.tr\/index.php\/wp-json\/wp\/v2\/types\/product"}],"wp:attachment":[{"href":"https:\/\/roveyayinevi.com.tr\/index.php\/wp-json\/wp\/v2\/media?parent=725396"}],"wp:term":[{"taxonomy":"product_brand","embeddable":true,"href":"https:\/\/roveyayinevi.com.tr\/index.php\/wp-json\/wp\/v2\/product_brand?post=725396"},{"taxonomy":"product_cat","embeddable":true,"href":"https:\/\/roveyayinevi.com.tr\/index.php\/wp-json\/wp\/v2\/product_cat?post=725396"},{"taxonomy":"product_tag","embeddable":true,"href":"https:\/\/roveyayinevi.com.tr\/index.php\/wp-json\/wp\/v2\/product_tag?post=725396"}],"curies":[{"name":"wp","href":"https:\/\/api.w.org\/{rel}","templated":true}]}}