{"id":725395,"date":"2025-08-27T19:49:29","date_gmt":"2025-08-27T16:49:29","guid":{"rendered":"https:\/\/roveyayinevi.com.tr\/index.php\/urun\/ada-annesiyle-duvarlari-boyuyor\/"},"modified":"2026-04-16T02:33:28","modified_gmt":"2026-04-15T23:33:28","slug":"ada-annesiyle-duvarlari-boyuyor","status":"publish","type":"product","link":"https:\/\/roveyayinevi.com.tr\/index.php\/urun\/ada-annesiyle-duvarlari-boyuyor\/","title":{"rendered":"Ada Annesiyle Duvarlar\u0131 Boyuyor"},"content":{"rendered":"<p>Ada, avu\u00e7lar\u0131nda sihirli pembe tozla d\u00fcnyay\u0131 dola\u015fan bir k\u0131z \u00e7ocu\u011fu. \u0130nsanlar\u0131n etraf\u0131ndakirenkleri g\u00f6r\u00fcyor. Ke\u015fke herkes pembe olsa! Ada g\u00f6rd\u00fc\u011f\u00fc her \u015feyi rengarenk yapmak istiyor.Kimi zaman elindeki tozla, kimi zaman da boyalar\u0131yla.Ada kaloriferi rengarenk boyad\u0131. Ama o da ne: Annesi be\u011fenmedi mi yoksa? &#8220;Sence olmu\u015f mu?&#8221;diye soruyor annesi. Ada kalorifere tekrar d\u00f6n\u00fcp bak\u0131yor. Pembesi az m\u0131 olmu\u015f acaba?<\/p>\n","protected":false},"excerpt":{"rendered":"<p>Ada, avu\u00e7lar\u0131nda sihirli pembe tozla d\u00fcnyay\u0131 dola\u015fan bir k\u0131z \u00e7ocu\u011fu. \u0130nsanlar\u0131n etraf\u0131ndakirenkleri g\u00f6r\u00fcyor. Ke\u015fke herkes pembe olsa! Ada g\u00f6rd\u00fc\u011f\u00fc her \u015feyi rengarenk yapmak istiyor.Kimi zaman elindeki<span class=\"excerpt-hellip\"> [\u2026]<\/span><\/p>\n","protected":false},"featured_media":0,"template":"","meta":{"_monsterinsights_skip_tracking":false,"_monsterinsights_sitenote_active":false,"_monsterinsights_sitenote_note":"","_monsterinsights_sitenote_category":0},"product_brand":[],"product_cat":[12274,12631],"product_tag":[],"class_list":{"0":"post-725395","1":"product","2":"type-product","3":"status-publish","5":"product_cat-cocuk-ve-genclik-kitaplari","6":"product_cat-diger-cocuk-ve-genclik-kitaplari","7":"pa_cilt-ciltsiz","8":"pa_tur-kitap","9":"pa_yayinevi-eksik-parca-yayinlari","10":"pa_yazar-nihan-kaya","12":"first","13":"instock","14":"sale","15":"shipping-taxable","16":"purchasable","17":"product-type-simple"},"_links":{"self":[{"href":"https:\/\/roveyayinevi.com.tr\/index.php\/wp-json\/wp\/v2\/product\/725395","targetHints":{"allow":["GET"]}}],"collection":[{"href":"https:\/\/roveyayinevi.com.tr\/index.php\/wp-json\/wp\/v2\/product"}],"about":[{"href":"https:\/\/roveyayinevi.com.tr\/index.php\/wp-json\/wp\/v2\/types\/product"}],"wp:attachment":[{"href":"https:\/\/roveyayinevi.com.tr\/index.php\/wp-json\/wp\/v2\/media?parent=725395"}],"wp:term":[{"taxonomy":"product_brand","embeddable":true,"href":"https:\/\/roveyayinevi.com.tr\/index.php\/wp-json\/wp\/v2\/product_brand?post=725395"},{"taxonomy":"product_cat","embeddable":true,"href":"https:\/\/roveyayinevi.com.tr\/index.php\/wp-json\/wp\/v2\/product_cat?post=725395"},{"taxonomy":"product_tag","embeddable":true,"href":"https:\/\/roveyayinevi.com.tr\/index.php\/wp-json\/wp\/v2\/product_tag?post=725395"}],"curies":[{"name":"wp","href":"https:\/\/api.w.org\/{rel}","templated":true}]}}