{"id":725392,"date":"2025-08-27T19:49:27","date_gmt":"2025-08-27T16:49:27","guid":{"rendered":"https:\/\/roveyayinevi.com.tr\/index.php\/urun\/bugunden-yarina-biriz-4\/"},"modified":"2026-04-16T02:33:28","modified_gmt":"2026-04-15T23:33:28","slug":"bugunden-yarina-biriz-4","status":"publish","type":"product","link":"https:\/\/roveyayinevi.com.tr\/index.php\/urun\/bugunden-yarina-biriz-4\/","title":{"rendered":"Bug\u00fcnden Yar\u0131na Bir\u2019iz 4"},"content":{"rendered":"<p>Bu elinizdeki kitap bir antolojidir. Baz\u0131lar\u0131, her ne kadar \u201c\u00c7ok \u015eairli Kitap\u201d, \u201c\u015eairlerin Topluca Haz\u0131rlad\u0131klar\u0131 \u015eiir Toplusu\u201d gibi ifadelerle antoloji s\u00f6z\u00fcn\u00fc kullanmamay\u0131 d\u00fc\u015f\u00fcn\u00fcyorlar. Ama, hakl\u0131 de\u011filler. Tek hakl\u0131 taraflar\u0131 \u015fu ki; son y\u0131llarda \u00e7ok \u015fiir antolojileri  haz\u0131rland\u0131 ve maalesef bu antolojilerin sanat d\u00fczeyleri d\u00fc\u015f\u00fck ve se\u00e7kiler \u015fairlerin de\u011ferlerini yans\u0131tacak durumda de\u011filler. Oysaki, antoloji haz\u0131rlama gelene\u011finin \u00e7ok eski bir ge\u00e7mi\u015fi vard\u0131r. Antoloji kelimesinin etimolojisine bakt\u0131\u011f\u0131m\u0131zda Yunanca  \u201cAnthos\u201ddan geliyor. Bu \u201c\u00c7i\u00e7ek\u201d anlam\u0131ndad\u0131r. Anthos\u2019un sonuna  eklenen \u201cLegein\u201d kelimesi \u201cDerlemek=Se\u00e7mek\u201d demektir. \u201cAnthoslegein\u201d,  eski Yunanca bir tamlama olup \u201cBah\u00e7eden \u00e7i\u00e7ek derlemek\u201d anlam\u0131na gelir. Bu tamlama Frans\u0131zca\u2019ya \u201cAnthologia\u201d olarak  ge\u00e7mi\u015ftir. Biz de 1929\u2019dan sonra \u201cAntoloji\u201d kelimesini haz\u0131rlanan se\u00e7me kitaplarda kullanmaya ba\u015flam\u0131\u015f\u0131z. \u0130\u015fte baz\u0131lar\u0131n\u0131n \u201cAntoloji\u201d kelimesine tepkisi bundan gelmektedir. 1929\u2019dan \u00f6nce haz\u0131rlanm\u0131\u015f toplu se\u00e7meleri i\u00e7eren kitaplar yok muydu? Edebiyat tarihimiz i\u00e7inde bu se\u00e7melere \u201cMecmua\u201d, \u201cM\u00fcntehabat\u201d, \u201cN\u00fcmuneler\u201d, \u201cC\u00f6nkler\u201d, \u201c\u00c7elenk\u201d, \u201cG\u00fcldesteler\u201d, \u201cToplu\u201d, \u201c\u015eiirler Toplusu\u201d, \u201cSe\u00e7meler\u201d, \u201c\u015eiir Demetleri\u201d, \u201c\u00d6rnekler\u201d, \u201cG\u00fcller\u201d gibi adlar verilerek haz\u0131rlanan \u00e7ok kitaplar bulunuyor. Maalesef, Ali Canib (Y\u00f6ntem)\u2019in 1930 y\u0131l\u0131nda \u201cT\u00fcrk Edebiyat\u0131 Antolojisi\u201d ad\u0131yla yapt\u0131\u011f\u0131 derleme \u00e7al\u0131\u015fmas\u0131, hep \u00f6rnek al\u0131narak genellikle \u201cAntoloji\u201d kelimesi kullan\u0131lagelmi\u015ftir. Biz antoloji kelimesi yerine \u201cG\u00fcldeste\u201d ad\u0131n\u0131 kullanmaya \u00f6zen g\u00f6steriyoruz. G\u00fcldesteler genellikle ayn\u0131 t\u00fcr eserlerin bir oraya toplanmas\u0131yla olu\u015fur. \u015eiir, \u00f6yk\u00fc, g\u00fcfte vb. gibi. Belli bir zaman diliminde verilmi\u015f de\u011fi\u015fik t\u00fcrlerden de se\u00e7meler yap\u0131labilir.<\/p>\n","protected":false},"excerpt":{"rendered":"<p>Bu elinizdeki kitap bir antolojidir. Baz\u0131lar\u0131, her ne kadar \u201c\u00c7ok \u015eairli Kitap\u201d, \u201c\u015eairlerin Topluca Haz\u0131rlad\u0131klar\u0131 \u015eiir Toplusu\u201d gibi ifadelerle antoloji s\u00f6z\u00fcn\u00fc kullanmamay\u0131 d\u00fc\u015f\u00fcn\u00fcyorlar. Ama, hakl\u0131 de\u011filler.<span class=\"excerpt-hellip\"> [\u2026]<\/span><\/p>\n","protected":false},"featured_media":0,"template":"","meta":{"_monsterinsights_skip_tracking":false,"_monsterinsights_sitenote_active":false,"_monsterinsights_sitenote_note":"","_monsterinsights_sitenote_category":0},"product_brand":[],"product_cat":[12291,12509],"product_tag":[],"class_list":{"0":"post-725392","1":"product","2":"type-product","3":"status-publish","5":"product_cat-edebiyat","6":"product_cat-siir","7":"pa_cilt-ciltsiz","8":"pa_tur-kitap","9":"pa_yayinevi-kultur-ajans-yayinlari","10":"pa_yazar-adem-yazar","12":"first","13":"instock","14":"sale","15":"shipping-taxable","16":"purchasable","17":"product-type-simple"},"_links":{"self":[{"href":"https:\/\/roveyayinevi.com.tr\/index.php\/wp-json\/wp\/v2\/product\/725392","targetHints":{"allow":["GET"]}}],"collection":[{"href":"https:\/\/roveyayinevi.com.tr\/index.php\/wp-json\/wp\/v2\/product"}],"about":[{"href":"https:\/\/roveyayinevi.com.tr\/index.php\/wp-json\/wp\/v2\/types\/product"}],"wp:attachment":[{"href":"https:\/\/roveyayinevi.com.tr\/index.php\/wp-json\/wp\/v2\/media?parent=725392"}],"wp:term":[{"taxonomy":"product_brand","embeddable":true,"href":"https:\/\/roveyayinevi.com.tr\/index.php\/wp-json\/wp\/v2\/product_brand?post=725392"},{"taxonomy":"product_cat","embeddable":true,"href":"https:\/\/roveyayinevi.com.tr\/index.php\/wp-json\/wp\/v2\/product_cat?post=725392"},{"taxonomy":"product_tag","embeddable":true,"href":"https:\/\/roveyayinevi.com.tr\/index.php\/wp-json\/wp\/v2\/product_tag?post=725392"}],"curies":[{"name":"wp","href":"https:\/\/api.w.org\/{rel}","templated":true}]}}