{"id":725391,"date":"2025-08-27T19:49:26","date_gmt":"2025-08-27T16:49:26","guid":{"rendered":"https:\/\/roveyayinevi.com.tr\/index.php\/urun\/kafasini-kaybeden-adam\/"},"modified":"2026-04-16T02:33:27","modified_gmt":"2026-04-15T23:33:27","slug":"kafasini-kaybeden-adam","status":"publish","type":"product","link":"https:\/\/roveyayinevi.com.tr\/index.php\/urun\/kafasini-kaybeden-adam\/","title":{"rendered":"Kafas\u0131n\u0131 Kaybeden Adam"},"content":{"rendered":"<p>Gayriciddi \u00fcslupla yaz\u0131lm\u0131\u015f bu mizahi roman ger\u00e7ekd\u0131\u015f\u0131 ve mesnetsizdir. Hi\u00e7bir do\u011frulu\u011fu yoktur.Cumhuriyet Halk Partisi\u2019ne y\u00f6nelik \u00e7ok a\u00e7\u0131k bi\u00e7imde olumsuz siyasi alg\u0131 yaratabilir. Uyar\u0131lar\u0131ma ra\u011fmen olumsuz bir alg\u0131 olu\u015fursa bunun sorumlusu ben de\u011filim.<\/p>\n","protected":false},"excerpt":{"rendered":"<p>Gayriciddi \u00fcslupla yaz\u0131lm\u0131\u015f bu mizahi roman ger\u00e7ekd\u0131\u015f\u0131 ve mesnetsizdir. Hi\u00e7bir do\u011frulu\u011fu yoktur.Cumhuriyet Halk Partisi\u2019ne y\u00f6nelik \u00e7ok a\u00e7\u0131k bi\u00e7imde olumsuz siyasi alg\u0131 yaratabilir. Uyar\u0131lar\u0131ma ra\u011fmen olumsuz bir<span class=\"excerpt-hellip\"> [\u2026]<\/span><\/p>\n","protected":false},"featured_media":0,"template":"","meta":{"_monsterinsights_skip_tracking":false,"_monsterinsights_sitenote_active":false,"_monsterinsights_sitenote_note":"","_monsterinsights_sitenote_category":0},"product_brand":[],"product_cat":[12291,12711],"product_tag":[],"class_list":{"0":"post-725391","1":"product","2":"type-product","3":"status-publish","5":"product_cat-edebiyat","6":"product_cat-roman-oyku","7":"pa_cilt-ciltsiz","8":"pa_tur-kitap","9":"pa_yayinevi-turkuvaz-kitap","10":"pa_yazar-salih-tuna","12":"first","13":"instock","14":"sale","15":"shipping-taxable","16":"purchasable","17":"product-type-simple"},"_links":{"self":[{"href":"https:\/\/roveyayinevi.com.tr\/index.php\/wp-json\/wp\/v2\/product\/725391","targetHints":{"allow":["GET"]}}],"collection":[{"href":"https:\/\/roveyayinevi.com.tr\/index.php\/wp-json\/wp\/v2\/product"}],"about":[{"href":"https:\/\/roveyayinevi.com.tr\/index.php\/wp-json\/wp\/v2\/types\/product"}],"wp:attachment":[{"href":"https:\/\/roveyayinevi.com.tr\/index.php\/wp-json\/wp\/v2\/media?parent=725391"}],"wp:term":[{"taxonomy":"product_brand","embeddable":true,"href":"https:\/\/roveyayinevi.com.tr\/index.php\/wp-json\/wp\/v2\/product_brand?post=725391"},{"taxonomy":"product_cat","embeddable":true,"href":"https:\/\/roveyayinevi.com.tr\/index.php\/wp-json\/wp\/v2\/product_cat?post=725391"},{"taxonomy":"product_tag","embeddable":true,"href":"https:\/\/roveyayinevi.com.tr\/index.php\/wp-json\/wp\/v2\/product_tag?post=725391"}],"curies":[{"name":"wp","href":"https:\/\/api.w.org\/{rel}","templated":true}]}}