{"id":725390,"date":"2025-08-27T19:49:25","date_gmt":"2025-08-27T16:49:25","guid":{"rendered":"https:\/\/roveyayinevi.com.tr\/index.php\/urun\/evet-beyinli-cocuk\/"},"modified":"2026-04-16T02:32:58","modified_gmt":"2026-04-15T23:32:58","slug":"evet-beyinli-cocuk","status":"publish","type":"product","link":"https:\/\/roveyayinevi.com.tr\/index.php\/urun\/evet-beyinli-cocuk\/","title":{"rendered":"Evet-Beyinli \u00c7ocuk"},"content":{"rendered":"<p>B\u00dcT\u00dcN-BEY\u0130NL\u0130 \u00c7OCUK kitab\u0131n\u0131n yazarlar\u0131ndan\u00c7ocu\u011funuzun psikolojik olarak daha dayan\u0131kl\u0131, yarat\u0131c\u0131 ve cesaretli olmas\u0131 i\u00e7in beyin odakl\u0131 stratejilerEkran ba\u011f\u0131ml\u0131l\u0131\u011f\u0131, yemek se\u00e7me al\u0131\u015fkanl\u0131\u011f\u0131, yatma vakti gibi can s\u0131k\u0131c\u0131 sorunlarla y\u00fczle\u015ftiklerinde, \u00e7ocuklar alg\u0131lay\u0131c\u0131 olmak yerine reaksiyon g\u00f6stererek ya kendilerini kapat\u0131rlar ya da rol yaparlar. \u0130\u015fte yazarlar, bu olumsuz duruma Hay\u0131r Beyni yan\u0131t\u0131 diyorlar. Fakat \u00e7ocuklar\u0131m\u0131za kendi problemleriyle ba\u015fa \u00e7\u0131kmalar\u0131 ve bu problemleri \u00e7\u00f6zme yeteneklerini geli\u015ftirmeleri i\u00e7in Evet Beyni yakla\u015f\u0131m\u0131n\u0131 \u00f6\u011fretebiliriz. \u00c7ocuklar Evet Beyni yakla\u015f\u0131m\u0131na ge\u00e7tiklerinde, daha yarat\u0131c\u0131 ve psikolojik olarak daha dayan\u0131kl\u0131 hale gelirler. \u00c7evreleriyle olan ili\u015fkilerinde ve zorluklarla ba\u015f etme konusunda daha becerikli olurlar. Hata yapma konusunda ise \u00e7ok daha az endi\u015feli\u2026T\u00fcm d\u00fcnyada farkl\u0131 sosyo-k\u00fclt\u00fcrel yap\u0131daki binlerce ebeveyn ve \u00e7ocukla yapt\u0131klar\u0131 ba\u015far\u0131l\u0131 bilimsel \u00e7al\u0131\u015fmalar\u0131yla tan\u0131nan Dr. Siegel ve Dr. Bryson anne babalara t\u00fcm ya\u015flardaki \u00e7ocuklar\u0131n faydal\u0131 bir evet beyni moduna ge\u00e7meleri i\u00e7in beceriler, senaryolar ve aktiviteler sunuyorlar. Bu kitap, \u00e7ocu\u011funuzun hem pozitif potansiyelini besleyen hem de i\u00e7indeki parlayan k\u0131v\u0131lc\u0131m\u0131 koruyup onu g\u00fc\u00e7lendiren e\u015fsiz bir anahtar sunuyor. Siz de \u00e7ocu\u011funuza d\u00fcnya ile anlaml\u0131 etkile\u015fimler ve duygusal metanetle dolu bir hayat arma\u011fan edin.<\/p>\n","protected":false},"excerpt":{"rendered":"<p>B\u00dcT\u00dcN-BEY\u0130NL\u0130 \u00c7OCUK kitab\u0131n\u0131n yazarlar\u0131ndan\u00c7ocu\u011funuzun psikolojik olarak daha dayan\u0131kl\u0131, yarat\u0131c\u0131 ve cesaretli olmas\u0131 i\u00e7in beyin odakl\u0131 stratejilerEkran ba\u011f\u0131ml\u0131l\u0131\u011f\u0131, yemek se\u00e7me al\u0131\u015fkanl\u0131\u011f\u0131, yatma vakti gibi can s\u0131k\u0131c\u0131 sorunlarla<span class=\"excerpt-hellip\"> [\u2026]<\/span><\/p>\n","protected":false},"featured_media":0,"template":"","meta":{"_monsterinsights_skip_tracking":false,"_monsterinsights_sitenote_active":false,"_monsterinsights_sitenote_note":"","_monsterinsights_sitenote_category":0},"product_brand":[],"product_cat":[12831,12324],"product_tag":[],"class_list":{"0":"post-725390","1":"product","2":"type-product","3":"status-publish","5":"product_cat-aile-ve-cocuk","6":"product_cat-sosyoloji","7":"pa_cilt-ciltsiz","8":"pa_tur-kitap","9":"pa_yayinevi-diyojen-yayincilik","10":"pa_yazar-daniel-j-siegel-tina-payne-bryson","12":"first","13":"instock","14":"sale","15":"shipping-taxable","16":"purchasable","17":"product-type-simple"},"_links":{"self":[{"href":"https:\/\/roveyayinevi.com.tr\/index.php\/wp-json\/wp\/v2\/product\/725390","targetHints":{"allow":["GET"]}}],"collection":[{"href":"https:\/\/roveyayinevi.com.tr\/index.php\/wp-json\/wp\/v2\/product"}],"about":[{"href":"https:\/\/roveyayinevi.com.tr\/index.php\/wp-json\/wp\/v2\/types\/product"}],"wp:attachment":[{"href":"https:\/\/roveyayinevi.com.tr\/index.php\/wp-json\/wp\/v2\/media?parent=725390"}],"wp:term":[{"taxonomy":"product_brand","embeddable":true,"href":"https:\/\/roveyayinevi.com.tr\/index.php\/wp-json\/wp\/v2\/product_brand?post=725390"},{"taxonomy":"product_cat","embeddable":true,"href":"https:\/\/roveyayinevi.com.tr\/index.php\/wp-json\/wp\/v2\/product_cat?post=725390"},{"taxonomy":"product_tag","embeddable":true,"href":"https:\/\/roveyayinevi.com.tr\/index.php\/wp-json\/wp\/v2\/product_tag?post=725390"}],"curies":[{"name":"wp","href":"https:\/\/api.w.org\/{rel}","templated":true}]}}