{"id":725389,"date":"2025-08-27T19:49:24","date_gmt":"2025-08-27T16:49:24","guid":{"rendered":"https:\/\/roveyayinevi.com.tr\/index.php\/urun\/genclerle-bas-basa-insan-olmak\/"},"modified":"2026-04-16T02:32:58","modified_gmt":"2026-04-15T23:32:58","slug":"genclerle-bas-basa-insan-olmak","status":"publish","type":"product","link":"https:\/\/roveyayinevi.com.tr\/index.php\/urun\/genclerle-bas-basa-insan-olmak\/","title":{"rendered":"Gen\u00e7lerle Ba\u015f Ba\u015fa: \u0130nsan Olmak"},"content":{"rendered":"<p>\u0130nsan nas\u0131l insanla\u015ft\u0131? \u0130nsan topluluklar\u0131, toplumlara nas\u0131l d\u00f6n\u00fc\u015ft\u00fc? K\u00fclt\u00fcr nedir? B\u00fct\u00fcn d\u00fcnya ortak bir k\u00fcresel k\u00fclt\u00fcr\u00fcn egemenli\u011fi alt\u0131na m\u0131 giriyor? Devlet neden kuruldu? Kast sistemi ne demek? S\u00f6m\u00fcr\u00fcn\u00fcn kayna\u011f\u0131 nerededir? Birey fikri hep var m\u0131yd\u0131? Bireyler toplumu de\u011fi\u015ftirebilir mi? \u0130nsan haklar\u0131 kavram\u0131 ne zaman ortaya \u00e7\u0131kt\u0131? Demokrasi ve insan haklar\u0131 i\u00e7in en tehlikeli ideolojiler hangileridir? \u0130nsan\u0131n insanla, \u00f6teki canl\u0131larla, do\u011fayla uyum i\u00e7inde ya\u015fayaca\u011f\u0131 bir toplum kurmak m\u00fcmk\u00fcn m\u00fc? Nas\u0131l bir toplumda bug\u00fcnk\u00fcnden daha \u00f6zg\u00fcr ve daha mutlu ya\u015fayabiliriz?Cem Ero\u011ful bu kitapta \u201cinsan olma\u201dn\u0131n uzun ve g\u00f6rkemli maceras\u0131n\u0131 anlat\u0131yor torunu Kuzey\u2019e. Laf laf\u0131 a\u00e7\u0131yor ve Homo Sapiens\u2019in ortaya \u00e7\u0131kt\u0131\u011f\u0131 d\u00f6nemden modern insan\u0131n ya\u015fad\u0131\u011f\u0131 g\u00fcn\u00fcm\u00fcze bir solukta geliniyor. Bu renkli \u201cdede-torun muhabbeti\u201d, insanl\u0131k tarihinin temel sorular\u0131n\u0131, temel k\u0131r\u0131lmalar\u0131n\u0131, temel d\u00f6n\u00fc\u015f\u00fcmlerini g\u00fcndelik bir sohbetin ak\u0131c\u0131l\u0131\u011f\u0131 i\u00e7inde \u00f6n\u00fcm\u00fcze koyuyor.  Gen\u00e7lerle Ba\u015f Ba\u015fa: \u0130nsan Olmak, yaln\u0131zca gen\u00e7ler i\u00e7in de\u011fil, d\u00fcn\u00fc ve bug\u00fcn\u00fc kavrayarak gelece\u011fe bakmak isteyen her ya\u015ftan okur i\u00e7in de\u011ferli bir kaynak. \u201c\u0130nsan nas\u0131l ki ge\u00e7mi\u015fte hep kendi mimar\u0131 olmu\u015fsa, gelecekte de kendisini yaratmas\u0131n\u0131 bilecektir\u201d diyor Cem Ero\u011ful.<\/p>\n","protected":false},"excerpt":{"rendered":"<p>\u0130nsan nas\u0131l insanla\u015ft\u0131? \u0130nsan topluluklar\u0131, toplumlara nas\u0131l d\u00f6n\u00fc\u015ft\u00fc? K\u00fclt\u00fcr nedir? B\u00fct\u00fcn d\u00fcnya ortak bir k\u00fcresel k\u00fclt\u00fcr\u00fcn egemenli\u011fi alt\u0131na m\u0131 giriyor? Devlet neden kuruldu? Kast sistemi ne<span class=\"excerpt-hellip\"> [\u2026]<\/span><\/p>\n","protected":false},"featured_media":0,"template":"","meta":{"_monsterinsights_skip_tracking":false,"_monsterinsights_sitenote_active":false,"_monsterinsights_sitenote_note":"","_monsterinsights_sitenote_category":0},"product_brand":[],"product_cat":[31194,12337],"product_tag":[],"class_list":{"0":"post-725389","1":"product","2":"type-product","3":"status-publish","5":"product_cat-guncel-siyaset","6":"product_cat-politika-siyaset","7":"pa_cilt-ciltsiz","8":"pa_tur-kitap","9":"pa_yayinevi-yordam-kitap","10":"pa_yazar-cem-erogul","12":"first","13":"instock","14":"sale","15":"shipping-taxable","16":"purchasable","17":"product-type-simple"},"_links":{"self":[{"href":"https:\/\/roveyayinevi.com.tr\/index.php\/wp-json\/wp\/v2\/product\/725389","targetHints":{"allow":["GET"]}}],"collection":[{"href":"https:\/\/roveyayinevi.com.tr\/index.php\/wp-json\/wp\/v2\/product"}],"about":[{"href":"https:\/\/roveyayinevi.com.tr\/index.php\/wp-json\/wp\/v2\/types\/product"}],"wp:attachment":[{"href":"https:\/\/roveyayinevi.com.tr\/index.php\/wp-json\/wp\/v2\/media?parent=725389"}],"wp:term":[{"taxonomy":"product_brand","embeddable":true,"href":"https:\/\/roveyayinevi.com.tr\/index.php\/wp-json\/wp\/v2\/product_brand?post=725389"},{"taxonomy":"product_cat","embeddable":true,"href":"https:\/\/roveyayinevi.com.tr\/index.php\/wp-json\/wp\/v2\/product_cat?post=725389"},{"taxonomy":"product_tag","embeddable":true,"href":"https:\/\/roveyayinevi.com.tr\/index.php\/wp-json\/wp\/v2\/product_tag?post=725389"}],"curies":[{"name":"wp","href":"https:\/\/api.w.org\/{rel}","templated":true}]}}