{"id":725388,"date":"2025-08-27T19:49:24","date_gmt":"2025-08-27T16:49:24","guid":{"rendered":"https:\/\/roveyayinevi.com.tr\/index.php\/urun\/batinin-egemenligi-nasil-kuruldu\/"},"modified":"2026-04-16T02:32:58","modified_gmt":"2026-04-15T23:32:58","slug":"batinin-egemenligi-nasil-kuruldu","status":"publish","type":"product","link":"https:\/\/roveyayinevi.com.tr\/index.php\/urun\/batinin-egemenligi-nasil-kuruldu\/","title":{"rendered":"Bat\u0131\u2019n\u0131n Egemenli\u011fi Nas\u0131l Kuruldu?"},"content":{"rendered":"<p>Kapitalizmin geli\u015fimine ili\u015fkin anaak\u0131m tarihsel anlat\u0131lar, \u0130ngiltere\u2019nin fabrikalar\u0131nda ya da Fransa\u2019n\u0131n giyotinlerinde do\u011fan, \u00f6z\u00fc itibar\u0131yla Avrupal\u0131 bir s\u00fcrece odaklan\u0131r. Anievas ve Ni\u015fanc\u0131o\u011flu ise kapitalizmin jeopolitik k\u00f6kenlerini yeniden de\u011ferlendirdikleri bu kitapta, okura \u00e7ok farkl\u0131 bir hik\u00e2ye anlat\u0131yor.Bat\u0131\u2019n\u0131n Egemenli\u011fi Nas\u0131l Kuruldu? kapitalizmin k\u00f6kenlerine ili\u015fkin disiplinleraras\u0131 ve uluslararas\u0131 bir tarihsel analiz sunarak, yayg\u0131n kan\u0131lar\u0131n aksine, kapitalizmin k\u00f6kenlerinin k\u00fclt\u00fcrel ve co\u011frafi a\u00e7\u0131dan Avrupa\u2019n\u0131n s\u0131n\u0131rlar\u0131na hapsedilemeyece\u011fini iddia ediyor. Kitap, Mo\u011fol istilalar\u0131n\u0131n d\u00fcnyay\u0131 birle\u015ftirmesinden veban\u0131n y\u0131k\u0131c\u0131 ve yarat\u0131c\u0131 etkilerine, Osmanl\u0131 \u0130mparatorlu\u011fu\u2019nun Avrupa \u00fczerindeki jeopolitik bask\u0131s\u0131ndan Amerika ve Asya\u2019daki s\u00f6m\u00fcrgelerin s\u0131n\u0131fsal ve toplumsal cinsiyete dayal\u0131 ili\u015fkilerin ortaya \u00e7\u0131k\u0131\u015f\u0131ndaki tarihsel rol\u00fcne, kapitalizmi yaratan farkl\u0131 s\u00fcre\u00e7leri ustal\u0131kla birbirine ba\u011fl\u0131yor.Avrupa\u2019da kapitalizmin do\u011fu\u015fu a\u00e7\u0131s\u0131ndan belirleyici u\u011fraklar olan burjuva devrimlerine de farkl\u0131 bir bak\u0131\u015f a\u00e7\u0131s\u0131 getiren Anievas ve Ni\u015fanc\u0131o\u011flu, Bat\u0131\u2019n\u0131n Egemenli\u011fi Nas\u0131l Kuruldu? ile okura, son d\u00f6nemin en canl\u0131 disiplinlerinden biri olan uluslararas\u0131 tarihsel sosyolojinin yetkin ve ufuk a\u00e7\u0131c\u0131 bir \u00f6rne\u011fini sunuyor. Bat\u0131\u2019n\u0131n Egemenli\u011fi Nas\u0131l Kuruldu? sadece g\u00fcn\u00fcm\u00fcz\u00fc \u015fekillendiren ili\u015fki ve s\u00fcre\u00e7lerin tarihsel k\u00f6kenlerini anlamak isteyenler i\u00e7in de\u011fil, bunlar\u0131n nas\u0131l de\u011fi\u015ftirilebilece\u011fi \u00fczerine d\u00fc\u015f\u00fcnmek isteyenler i\u00e7in de vazge\u00e7ilmez bir kaynak.<\/p>\n","protected":false},"excerpt":{"rendered":"<p>Kapitalizmin geli\u015fimine ili\u015fkin anaak\u0131m tarihsel anlat\u0131lar, \u0130ngiltere\u2019nin fabrikalar\u0131nda ya da Fransa\u2019n\u0131n giyotinlerinde do\u011fan, \u00f6z\u00fc itibar\u0131yla Avrupal\u0131 bir s\u00fcrece odaklan\u0131r. Anievas ve Ni\u015fanc\u0131o\u011flu ise kapitalizmin jeopolitik k\u00f6kenlerini<span class=\"excerpt-hellip\"> [\u2026]<\/span><\/p>\n","protected":false},"featured_media":0,"template":"","meta":{"_monsterinsights_skip_tracking":false,"_monsterinsights_sitenote_active":false,"_monsterinsights_sitenote_note":"","_monsterinsights_sitenote_category":0},"product_brand":[],"product_cat":[12305,12304],"product_tag":[],"class_list":{"0":"post-725388","1":"product","2":"type-product","3":"status-publish","5":"product_cat-dunya-tarihi","6":"product_cat-tarih","7":"pa_cilt-ciltsiz","8":"pa_tur-kitap","9":"pa_yayinevi-yordam-kitap","10":"pa_yazar-alexander-anievas-kerem-nisancioglu","12":"first","13":"instock","14":"sale","15":"shipping-taxable","16":"purchasable","17":"product-type-simple"},"_links":{"self":[{"href":"https:\/\/roveyayinevi.com.tr\/index.php\/wp-json\/wp\/v2\/product\/725388","targetHints":{"allow":["GET"]}}],"collection":[{"href":"https:\/\/roveyayinevi.com.tr\/index.php\/wp-json\/wp\/v2\/product"}],"about":[{"href":"https:\/\/roveyayinevi.com.tr\/index.php\/wp-json\/wp\/v2\/types\/product"}],"wp:attachment":[{"href":"https:\/\/roveyayinevi.com.tr\/index.php\/wp-json\/wp\/v2\/media?parent=725388"}],"wp:term":[{"taxonomy":"product_brand","embeddable":true,"href":"https:\/\/roveyayinevi.com.tr\/index.php\/wp-json\/wp\/v2\/product_brand?post=725388"},{"taxonomy":"product_cat","embeddable":true,"href":"https:\/\/roveyayinevi.com.tr\/index.php\/wp-json\/wp\/v2\/product_cat?post=725388"},{"taxonomy":"product_tag","embeddable":true,"href":"https:\/\/roveyayinevi.com.tr\/index.php\/wp-json\/wp\/v2\/product_tag?post=725388"}],"curies":[{"name":"wp","href":"https:\/\/api.w.org\/{rel}","templated":true}]}}