{"id":725387,"date":"2025-08-27T19:49:23","date_gmt":"2025-08-27T16:49:23","guid":{"rendered":"https:\/\/roveyayinevi.com.tr\/index.php\/urun\/cani-sikilan-cocuklar-icin-ev-yapimi-bilimsel-etkinlikler\/"},"modified":"2026-04-13T02:40:45","modified_gmt":"2026-04-12T23:40:45","slug":"cani-sikilan-cocuklar-icin-ev-yapimi-bilimsel-etkinlikler","status":"publish","type":"product","link":"https:\/\/roveyayinevi.com.tr\/index.php\/urun\/cani-sikilan-cocuklar-icin-ev-yapimi-bilimsel-etkinlikler\/","title":{"rendered":"Can\u0131 S\u0131k\u0131lan \u00c7ocuklar \u0130\u00e7in Ev Yap\u0131m\u0131 Bilimsel Etkinlikler"},"content":{"rendered":"<p>Can s\u0131k\u0131nt\u0131s\u0131na son!Bu kitapta senin i\u00e7in can s\u0131k\u0131nt\u0131na \u00e7are olabilecek deneyler yazd\u0131m. Sadece deneyleri yazmakla kalmad\u0131m, kimin can\u0131 s\u0131k\u0131lm\u0131\u015f da oturup bir \u015feyler icat etmi\u015f bil istedim. Bu deneylerin as\u0131l mucitlerini de sayfalara ekledim. B\u00f6ylece hem can s\u0131k\u0131nt\u0131n ge\u00e7ecek hem de can s\u0131k\u0131nt\u0131s\u0131n\u0131n ne g\u00fczel bir arkada\u015f oldu\u011funu ke\u015ffetmi\u015f olacaks\u0131n.O zaman arkada\u015f\u0131m, sayfalar\u0131 \u00e7evir de ba\u015flayal\u0131m!<\/p>\n","protected":false},"excerpt":{"rendered":"<p>Can s\u0131k\u0131nt\u0131s\u0131na son!Bu kitapta senin i\u00e7in can s\u0131k\u0131nt\u0131na \u00e7are olabilecek deneyler yazd\u0131m. Sadece deneyleri yazmakla kalmad\u0131m, kimin can\u0131 s\u0131k\u0131lm\u0131\u015f da oturup bir \u015feyler icat etmi\u015f bil<span class=\"excerpt-hellip\"> [\u2026]<\/span><\/p>\n","protected":false},"featured_media":0,"template":"","meta":{"_monsterinsights_skip_tracking":false,"_monsterinsights_sitenote_active":false,"_monsterinsights_sitenote_note":"","_monsterinsights_sitenote_category":0},"product_brand":[],"product_cat":[12275,12274],"product_tag":[],"class_list":{"0":"post-725387","1":"product","2":"type-product","3":"status-publish","5":"product_cat-6-12-yas-kitaplari","6":"product_cat-cocuk-ve-genclik-kitaplari","7":"pa_cilt-ciltsiz","8":"pa_tur-kitap","9":"pa_yayinevi-hayykitap","10":"pa_yazar-hatice-kubra-tongar","12":"first","13":"instock","14":"sale","15":"shipping-taxable","16":"purchasable","17":"product-type-simple"},"_links":{"self":[{"href":"https:\/\/roveyayinevi.com.tr\/index.php\/wp-json\/wp\/v2\/product\/725387","targetHints":{"allow":["GET"]}}],"collection":[{"href":"https:\/\/roveyayinevi.com.tr\/index.php\/wp-json\/wp\/v2\/product"}],"about":[{"href":"https:\/\/roveyayinevi.com.tr\/index.php\/wp-json\/wp\/v2\/types\/product"}],"wp:attachment":[{"href":"https:\/\/roveyayinevi.com.tr\/index.php\/wp-json\/wp\/v2\/media?parent=725387"}],"wp:term":[{"taxonomy":"product_brand","embeddable":true,"href":"https:\/\/roveyayinevi.com.tr\/index.php\/wp-json\/wp\/v2\/product_brand?post=725387"},{"taxonomy":"product_cat","embeddable":true,"href":"https:\/\/roveyayinevi.com.tr\/index.php\/wp-json\/wp\/v2\/product_cat?post=725387"},{"taxonomy":"product_tag","embeddable":true,"href":"https:\/\/roveyayinevi.com.tr\/index.php\/wp-json\/wp\/v2\/product_tag?post=725387"}],"curies":[{"name":"wp","href":"https:\/\/api.w.org\/{rel}","templated":true}]}}