{"id":725386,"date":"2025-08-27T19:49:22","date_gmt":"2025-08-27T16:49:22","guid":{"rendered":"https:\/\/roveyayinevi.com.tr\/index.php\/urun\/elin-kizi\/"},"modified":"2026-04-16T02:32:58","modified_gmt":"2026-04-15T23:32:58","slug":"elin-kizi","status":"publish","type":"product","link":"https:\/\/roveyayinevi.com.tr\/index.php\/urun\/elin-kizi\/","title":{"rendered":"Elin K\u0131z\u0131"},"content":{"rendered":"<p>Yine ku\u015fanm\u0131\u015fs\u0131n o Can al\u0131c\u0131 silahlar\u0131n\u0131 Can\u0131ma kast\u0131n var belli kiKa\u015flar\u0131n gerilmi\u015f bir yay Kirpiklerin k\u0131n\u0131ndan \u00e7\u0131km\u0131\u015f ok misaliBir birY\u00fcre\u011fime de\u011fer \u015fimdiBelliY\u00fcre\u011fine cemre d\u00fc\u015fm\u00fc\u015f senin Belli !<\/p>\n","protected":false},"excerpt":{"rendered":"<p>Yine ku\u015fanm\u0131\u015fs\u0131n o Can al\u0131c\u0131 silahlar\u0131n\u0131 Can\u0131ma kast\u0131n var belli kiKa\u015flar\u0131n gerilmi\u015f bir yay Kirpiklerin k\u0131n\u0131ndan \u00e7\u0131km\u0131\u015f ok misaliBir birY\u00fcre\u011fime de\u011fer \u015fimdiBelliY\u00fcre\u011fine cemre d\u00fc\u015fm\u00fc\u015f senin Belli<span class=\"excerpt-hellip\"> [\u2026]<\/span><\/p>\n","protected":false},"featured_media":0,"template":"","meta":{"_monsterinsights_skip_tracking":false,"_monsterinsights_sitenote_active":false,"_monsterinsights_sitenote_note":"","_monsterinsights_sitenote_category":0},"product_brand":[],"product_cat":[12291,12509],"product_tag":[],"class_list":{"0":"post-725386","1":"product","2":"type-product","3":"status-publish","5":"product_cat-edebiyat","6":"product_cat-siir","7":"pa_cilt-ciltsiz","8":"pa_tur-kitap","9":"pa_yayinevi-fa-yayinlari","10":"pa_yazar-bunyamin-bulanik","12":"first","13":"instock","14":"sale","15":"shipping-taxable","16":"purchasable","17":"product-type-simple"},"_links":{"self":[{"href":"https:\/\/roveyayinevi.com.tr\/index.php\/wp-json\/wp\/v2\/product\/725386","targetHints":{"allow":["GET"]}}],"collection":[{"href":"https:\/\/roveyayinevi.com.tr\/index.php\/wp-json\/wp\/v2\/product"}],"about":[{"href":"https:\/\/roveyayinevi.com.tr\/index.php\/wp-json\/wp\/v2\/types\/product"}],"wp:attachment":[{"href":"https:\/\/roveyayinevi.com.tr\/index.php\/wp-json\/wp\/v2\/media?parent=725386"}],"wp:term":[{"taxonomy":"product_brand","embeddable":true,"href":"https:\/\/roveyayinevi.com.tr\/index.php\/wp-json\/wp\/v2\/product_brand?post=725386"},{"taxonomy":"product_cat","embeddable":true,"href":"https:\/\/roveyayinevi.com.tr\/index.php\/wp-json\/wp\/v2\/product_cat?post=725386"},{"taxonomy":"product_tag","embeddable":true,"href":"https:\/\/roveyayinevi.com.tr\/index.php\/wp-json\/wp\/v2\/product_tag?post=725386"}],"curies":[{"name":"wp","href":"https:\/\/api.w.org\/{rel}","templated":true}]}}