{"id":725383,"date":"2025-08-27T19:49:20","date_gmt":"2025-08-27T16:49:20","guid":{"rendered":"https:\/\/roveyayinevi.com.tr\/index.php\/urun\/zumre-i-bektasiyan\/"},"modified":"2026-04-16T02:32:58","modified_gmt":"2026-04-15T23:32:58","slug":"zumre-i-bektasiyan","status":"publish","type":"product","link":"https:\/\/roveyayinevi.com.tr\/index.php\/urun\/zumre-i-bektasiyan\/","title":{"rendered":"Z\u00fcmre-i Bekta\u015fiyan"},"content":{"rendered":"<p>Bekta\u015filik, XIII. y\u00fczy\u0131lda Horasan\u2019dan Anadolu\u2019ya gelen ve geride silinmez izler b\u0131rakan Hac\u0131 Bekta\u015f Veli\u2019nin fikir ve d\u00fc\u015f\u00fcncelerinden ne\u015fet etmi\u015ftir. Sulucakara\u00f6y\u00fck\u2019te filizlenen Bekta\u015filik zamanla Balkanlar\u2019da ve Akdeniz co\u011frafyas\u0131nda yay\u0131lm\u0131\u015ft\u0131r. Z\u00fcmre-i Bekta\u015fiyan adl\u0131 bu eserde bir araya getirilen yaz\u0131lar Kastamonu, Sand\u0131kl\u0131 ve Tokat gibi Anadolu kentlerinin yan\u0131 s\u0131ra Arnavutluk ve K\u0131br\u0131s\u2019ta tarikat\u0131n izlerini s\u00fcrmektedir.Bekta\u015filer Yeni\u00e7erilerle kader birli\u011fi ederek oca\u011f\u0131n moral g\u00fcc\u00fcn\u00fc art\u0131rm\u0131\u015flar ve manevi terbiyesini \u00fcstlenmi\u015flerdir. Bu birliktelik beraberinde 1826 y\u0131l\u0131nda Yeni\u00e7eri oca\u011f\u0131 la\u011fvedilirken Bekta\u015fili\u011fin de yok edilmek istenmesi tehlikesini do\u011furmu\u015ftur. 1826 tarihinde Bekta\u015filik i\u00e7in yasakl\u0131 bir d\u00f6nem ba\u015flam\u0131\u015ft\u0131r. Yasakl\u0131 y\u0131llarda Bekta\u015filer bir taraftan Arnavut ba\u011f\u0131ms\u0131zl\u0131\u011f\u0131n\u0131 desteklemi\u015fler, bir yandan da Muhibban dergisi gibi yay\u0131n faaliyetleriyle toplum nezdinde kendilerini ifade etmi\u015flerdir. \u0130\u015fte Z\u00fcmre-i Bekta\u015fiyan isimli bu eser t\u00fcm bu s\u00fcre\u00e7leri birinci elden kaynaklar ile anla\u015f\u0131l\u0131r k\u0131lmaktad\u0131r.<\/p>\n","protected":false},"excerpt":{"rendered":"<p>Bekta\u015filik, XIII. y\u00fczy\u0131lda Horasan\u2019dan Anadolu\u2019ya gelen ve geride silinmez izler b\u0131rakan Hac\u0131 Bekta\u015f Veli\u2019nin fikir ve d\u00fc\u015f\u00fcncelerinden ne\u015fet etmi\u015ftir. Sulucakara\u00f6y\u00fck\u2019te filizlenen Bekta\u015filik zamanla Balkanlar\u2019da ve Akdeniz<span class=\"excerpt-hellip\"> [\u2026]<\/span><\/p>\n","protected":false},"featured_media":0,"template":"","meta":{"_monsterinsights_skip_tracking":false,"_monsterinsights_sitenote_active":false,"_monsterinsights_sitenote_note":"","_monsterinsights_sitenote_category":0},"product_brand":[],"product_cat":[13575,12718,12719],"product_tag":[],"class_list":{"0":"post-725383","1":"product","2":"type-product","3":"status-publish","5":"product_cat-alevilik-bektasilik","6":"product_cat-din","7":"product_cat-islam","8":"pa_cilt-ciltsiz","9":"pa_tur-kitap","10":"pa_yayinevi-la-kitap-yayinlari","11":"pa_yazar-fahri-maden","13":"first","14":"instock","15":"sale","16":"shipping-taxable","17":"purchasable","18":"product-type-simple"},"_links":{"self":[{"href":"https:\/\/roveyayinevi.com.tr\/index.php\/wp-json\/wp\/v2\/product\/725383","targetHints":{"allow":["GET"]}}],"collection":[{"href":"https:\/\/roveyayinevi.com.tr\/index.php\/wp-json\/wp\/v2\/product"}],"about":[{"href":"https:\/\/roveyayinevi.com.tr\/index.php\/wp-json\/wp\/v2\/types\/product"}],"wp:attachment":[{"href":"https:\/\/roveyayinevi.com.tr\/index.php\/wp-json\/wp\/v2\/media?parent=725383"}],"wp:term":[{"taxonomy":"product_brand","embeddable":true,"href":"https:\/\/roveyayinevi.com.tr\/index.php\/wp-json\/wp\/v2\/product_brand?post=725383"},{"taxonomy":"product_cat","embeddable":true,"href":"https:\/\/roveyayinevi.com.tr\/index.php\/wp-json\/wp\/v2\/product_cat?post=725383"},{"taxonomy":"product_tag","embeddable":true,"href":"https:\/\/roveyayinevi.com.tr\/index.php\/wp-json\/wp\/v2\/product_tag?post=725383"}],"curies":[{"name":"wp","href":"https:\/\/api.w.org\/{rel}","templated":true}]}}