{"id":725382,"date":"2025-08-27T19:49:19","date_gmt":"2025-08-27T16:49:19","guid":{"rendered":"https:\/\/roveyayinevi.com.tr\/index.php\/urun\/kamilin-odasi\/"},"modified":"2026-04-16T02:32:58","modified_gmt":"2026-04-15T23:32:58","slug":"kamilin-odasi","status":"publish","type":"product","link":"https:\/\/roveyayinevi.com.tr\/index.php\/urun\/kamilin-odasi\/","title":{"rendered":"Kamil\u2019in Odas\u0131"},"content":{"rendered":"<p>\u00c7ukurova\u2019n\u0131n bereketli topraklar\u0131nda, Ya\u015far Kemal, Demirta\u015f Ceyhun, Orhan Kemal ve Y\u0131lmaz G\u00fcney\u2019den ba\u015flayarak edebiyatta, sinemada ve pek \u00e7ok sanat dal\u0131nda de\u011ferli isim yeti\u015fmi\u015ftir.\u00dcmit Ya\u015far O\u011fuzcan, Prof. Dr. Cavit Orhan T\u00fctengil ve Ha\u015fmet Zeybek gibi bilim ve sanat insanlar\u0131n\u0131n yeti\u015fti\u011fi Tarsus topra\u011f\u0131na yeni bir tohum daha d\u00fc\u015ft\u00fc ve filizlenerek kitaba d\u00f6n\u00fc\u015ft\u00fc.Nihat \u00c7apar\u2019\u0131n Orhan Kamil\u2019in Odas\u0131 \u00f6yk\u00fc kitab\u0131, bu tohumun filiz vermi\u015f halidir. Bu, \u00c7apar\u2019\u0131n ilk edebiyat denemesidir.  Oyun yazar\u0131 ve y\u00f6netmeni de olan Nihat \u00c7APAR, edebiyat\u0131n tiyatroyu, tiyatronun da edebiyat\u0131 besleme ili\u015fkisi \u00fczerinden sanat\u00e7\u0131 olma \u00f6zelli\u011fini edebiyata da yans\u0131tabilmi\u015ftir.Orhan Kamil\u2019in Odas\u0131 \u00f6yk\u00fc kitab\u0131, g\u00fcndelik hayat i\u00e7indeki s\u0131radan insanlara uzan\u0131yor, onlar\u0131n ruhuna dokunuyor, kimi zaman i\u00e7 seslerini dinlerken kimi zaman da ya\u015fanan dramlar\u0131n d\u0131\u015fa vurumunu ak\u0131c\u0131 bir dille anlat\u0131yor. Bir Anadolu kenti olan Tarsus ve \u0130stanbul aras\u0131na s\u0131k\u0131\u015fm\u0131\u015f karakterlerin i\u00e7 aksiyonlar\u0131 \u00fczerinden b\u00fcy\u00fck bir co\u011frafyan\u0131n i\u00e7 sesini duyulur k\u0131l\u0131yor.Nihat \u00c7apar\u2019\u0131n Orhan Kamil\u2019in Odas\u0131 eseri, tohumdan filize d\u00f6n\u00fc\u015fm\u00fc\u015f, topraktan ba\u015f\u0131n\u0131 \u00e7\u0131karm\u0131\u015f; yani edebiyat d\u00fcnyas\u0131na ilk ad\u0131m\u0131 atm\u0131\u015ft\u0131r. \u00c7apar, hi\u00e7 ku\u015fkusuz, edebiyat d\u00fcnyas\u0131n\u0131n onca birikiminden, havas\u0131ndan, suyundan ve g\u00fcne\u015finden beslendi\u011fi \u00f6l\u00e7\u00fcde meyveye duracak ve yeni \u00fcr\u00fcnler verecektir. U\u011fur Pi\u015fmanl\u0131k<\/p>\n","protected":false},"excerpt":{"rendered":"<p>\u00c7ukurova\u2019n\u0131n bereketli topraklar\u0131nda, Ya\u015far Kemal, Demirta\u015f Ceyhun, Orhan Kemal ve Y\u0131lmaz G\u00fcney\u2019den ba\u015flayarak edebiyatta, sinemada ve pek \u00e7ok sanat dal\u0131nda de\u011ferli isim yeti\u015fmi\u015ftir.\u00dcmit Ya\u015far O\u011fuzcan, Prof.<span class=\"excerpt-hellip\"> [\u2026]<\/span><\/p>\n","protected":false},"featured_media":0,"template":"","meta":{"_monsterinsights_skip_tracking":false,"_monsterinsights_sitenote_active":false,"_monsterinsights_sitenote_note":"","_monsterinsights_sitenote_category":0},"product_brand":[],"product_cat":[12291,12711],"product_tag":[],"class_list":{"0":"post-725382","1":"product","2":"type-product","3":"status-publish","5":"product_cat-edebiyat","6":"product_cat-roman-oyku","7":"pa_cilt-ciltsiz","8":"pa_tur-kitap","9":"pa_yayinevi-la-kitap-yayinlari","10":"pa_yazar-nihat-capar","12":"first","13":"instock","14":"sale","15":"shipping-taxable","16":"purchasable","17":"product-type-simple"},"_links":{"self":[{"href":"https:\/\/roveyayinevi.com.tr\/index.php\/wp-json\/wp\/v2\/product\/725382","targetHints":{"allow":["GET"]}}],"collection":[{"href":"https:\/\/roveyayinevi.com.tr\/index.php\/wp-json\/wp\/v2\/product"}],"about":[{"href":"https:\/\/roveyayinevi.com.tr\/index.php\/wp-json\/wp\/v2\/types\/product"}],"wp:attachment":[{"href":"https:\/\/roveyayinevi.com.tr\/index.php\/wp-json\/wp\/v2\/media?parent=725382"}],"wp:term":[{"taxonomy":"product_brand","embeddable":true,"href":"https:\/\/roveyayinevi.com.tr\/index.php\/wp-json\/wp\/v2\/product_brand?post=725382"},{"taxonomy":"product_cat","embeddable":true,"href":"https:\/\/roveyayinevi.com.tr\/index.php\/wp-json\/wp\/v2\/product_cat?post=725382"},{"taxonomy":"product_tag","embeddable":true,"href":"https:\/\/roveyayinevi.com.tr\/index.php\/wp-json\/wp\/v2\/product_tag?post=725382"}],"curies":[{"name":"wp","href":"https:\/\/api.w.org\/{rel}","templated":true}]}}