{"id":725381,"date":"2025-08-27T19:49:18","date_gmt":"2025-08-27T16:49:18","guid":{"rendered":"https:\/\/roveyayinevi.com.tr\/index.php\/urun\/kirklar\/"},"modified":"2026-04-16T02:32:58","modified_gmt":"2026-04-15T23:32:58","slug":"kirklar","status":"publish","type":"product","link":"https:\/\/roveyayinevi.com.tr\/index.php\/urun\/kirklar\/","title":{"rendered":"K\u0131rklar"},"content":{"rendered":"<p>\u0130nsan; Ana rahminde d\u00f6llendikten sonraki k\u0131rk g\u00fcn i\u00e7inde cenin halini al\u0131r, can olur.Ana rahminde k\u0131rk hafta i\u00e7inde tamamlan\u0131r, do\u011far, biyolojik insan olur.Do\u011fduktan sonra k\u0131rk\u0131 \u00e7\u0131k\u0131ncaya kadar \u00f6zenle yabanc\u0131lardan, u\u011frulardan korunur, k\u0131rk ay i\u00e7inde konu\u015fur, kendi ayaklar\u0131 \u00fczerinde do\u011frulur, kendi hayat\u0131na y\u00fcr\u00fcmeye ba\u015flar. Hayat denilen ser\u00fcven ba\u015flar. Bu ser\u00fcvende t\u00fcm y\u00f6nler mubaht\u0131r. T\u00fcm y\u00f6nler mubaht\u0131r demek sonsuz \u00f6zg\u00fcrl\u00fckt\u00fcr, ancak bu \u00f6zg\u00fcrl\u00fck i\u00e7inde sadece bir tek y\u00f6n insan\u0131 insan olmaya g\u00f6t\u00fcr\u00fcr. Yollar\u0131n baz\u0131lar\u0131 ise insan\u0131 iyice insanl\u0131ktan uzakla\u015ft\u0131r\u0131r. Bu ger\u00e7e\u011fi bilmek gerekir. Bildikten sonra hangi y\u00f6ne gidece\u011fine insan \u00f6zg\u00fcr iradesiyle karar verebilir. \u0130nsan k\u0131rk ya\u015f\u0131na ula\u015ft\u0131\u011f\u0131nda Kemal\u2019e erer. Bunun anlam\u0131 ki\u015fi ne y\u00f6ne gidece\u011fine karar vermi\u015ftir. Bu ser\u00fcven yolculu\u011funda 40\u2019lar Meclisine varanlar, insan\u0131 k\u00e2mil olmaya y\u00f6nelmi\u015f demektir.\u0130nsan olmaya.A\u015fk ile<\/p>\n","protected":false},"excerpt":{"rendered":"<p>\u0130nsan; Ana rahminde d\u00f6llendikten sonraki k\u0131rk g\u00fcn i\u00e7inde cenin halini al\u0131r, can olur.Ana rahminde k\u0131rk hafta i\u00e7inde tamamlan\u0131r, do\u011far, biyolojik insan olur.Do\u011fduktan sonra k\u0131rk\u0131 \u00e7\u0131k\u0131ncaya kadar<span class=\"excerpt-hellip\"> [\u2026]<\/span><\/p>\n","protected":false},"featured_media":0,"template":"","meta":{"_monsterinsights_skip_tracking":false,"_monsterinsights_sitenote_active":false,"_monsterinsights_sitenote_note":"","_monsterinsights_sitenote_category":0},"product_brand":[],"product_cat":[13575,12718,12719],"product_tag":[],"class_list":{"0":"post-725381","1":"product","2":"type-product","3":"status-publish","5":"product_cat-alevilik-bektasilik","6":"product_cat-din","7":"product_cat-islam","8":"pa_cilt-ciltsiz","9":"pa_tur-kitap","10":"pa_yayinevi-la-kitap-yayinlari","11":"pa_yazar-haydar-ersoz","13":"first","14":"instock","15":"sale","16":"shipping-taxable","17":"purchasable","18":"product-type-simple"},"_links":{"self":[{"href":"https:\/\/roveyayinevi.com.tr\/index.php\/wp-json\/wp\/v2\/product\/725381","targetHints":{"allow":["GET"]}}],"collection":[{"href":"https:\/\/roveyayinevi.com.tr\/index.php\/wp-json\/wp\/v2\/product"}],"about":[{"href":"https:\/\/roveyayinevi.com.tr\/index.php\/wp-json\/wp\/v2\/types\/product"}],"wp:attachment":[{"href":"https:\/\/roveyayinevi.com.tr\/index.php\/wp-json\/wp\/v2\/media?parent=725381"}],"wp:term":[{"taxonomy":"product_brand","embeddable":true,"href":"https:\/\/roveyayinevi.com.tr\/index.php\/wp-json\/wp\/v2\/product_brand?post=725381"},{"taxonomy":"product_cat","embeddable":true,"href":"https:\/\/roveyayinevi.com.tr\/index.php\/wp-json\/wp\/v2\/product_cat?post=725381"},{"taxonomy":"product_tag","embeddable":true,"href":"https:\/\/roveyayinevi.com.tr\/index.php\/wp-json\/wp\/v2\/product_tag?post=725381"}],"curies":[{"name":"wp","href":"https:\/\/api.w.org\/{rel}","templated":true}]}}