{"id":725379,"date":"2025-08-27T19:49:17","date_gmt":"2025-08-27T16:49:17","guid":{"rendered":"https:\/\/roveyayinevi.com.tr\/index.php\/urun\/isminiz-kaderinizdir\/"},"modified":"2026-04-11T02:40:42","modified_gmt":"2026-04-10T23:40:42","slug":"isminiz-kaderinizdir","status":"publish","type":"product","link":"https:\/\/roveyayinevi.com.tr\/index.php\/urun\/isminiz-kaderinizdir\/","title":{"rendered":"\u0130sminiz Kaderinizdir"},"content":{"rendered":"<p>Bir yola \u00e7\u0131kt\u0131\u011f\u0131n\u0131zda engellerle kar\u015f\u0131la\u015facaks\u0131n\u0131z.Size, \u201chay\u0131r\u201d denecek.Al\u00e7ak s\u00fcr\u00fcn\u00fcrken dirsekleriniz, dizleriniz yara olacak.Aya\u011fa kalkt\u0131\u011f\u0131n\u0131zda ise yedi\u011finiz yumruk ile kendinizi yerde bulacaks\u0131n\u0131z.Yumruk yedi\u011finizde s\u0131rt \u00fcst\u00fc d\u00fc\u015f\u00fcn ki, g\u00f6\u011fe bakt\u0131\u011f\u0131n\u0131zda aya\u011fa kalkmak i\u00e7in bir nedeniniz olsun.\u201d   * * * * ** Akademik konu\u015fmalar yapanlar ile stundup yapanlar\u0131n ortas\u0131nda bir yerde, ahl\u00e2k\u00ee ve k\u00fclt\u00fcrel yap\u0131y\u0131 bozucu hi\u00e7bir c\u00fcmle kurmadan, din\u00ee ve siyasi hi\u00e7bir konuya girmeden, \u00fclkemizin t\u00fcm insan\u0131n\u0131 kucaklayan motivasyon konu\u015fmalar\u0131 yapan;* \u0130nand\u0131klar\u0131, bildikleri ve kendi deneyimleri sonunda \u00f6z\u00fcmsedikleri do\u011frular\u0131 insanlarla payla\u015fmak \u00fczere yola \u00e7\u0131kan, b\u00fct\u00fcn zorluklara ra\u011fmen hayallerinden vazge\u00e7meyen ve \u201cBizim i\u015fimiz vazge\u00e7meyenlerle\u2026\u201d diyen,* \u201cHayal kurun. Hayal kurmak, dua etmek gibidir.\u201d diyen,* Gen\u00e7lere,\u201cBa\u015fkalar\u0131n\u0131n hayallerinin de\u011fil, kendi  hayalinizin pe\u015finden ko\u015fun.\u201d diyen,* \u201cBiz zihinlere konu\u015fmak istemiyoruz. Zihinler kirli. Biz y\u00fcreklere talibiz.\u201d diyen,Motivasyon \u0130kizleri\u2019nin;hayallerinin pe\u015finden ko\u015fma hik\u00e2yesinden, zorlu kariyer yolculu\u011fundan ve motivasyon konu\u015fmalar\u0131ndan ilham alarak hayallerinizi ger\u00e7ekle\u015ftirmeye haz\u0131r m\u0131s\u0131n\u0131z?<\/p>\n","protected":false},"excerpt":{"rendered":"<p>Bir yola \u00e7\u0131kt\u0131\u011f\u0131n\u0131zda engellerle kar\u015f\u0131la\u015facaks\u0131n\u0131z.Size, \u201chay\u0131r\u201d denecek.Al\u00e7ak s\u00fcr\u00fcn\u00fcrken dirsekleriniz, dizleriniz yara olacak.Aya\u011fa kalkt\u0131\u011f\u0131n\u0131zda ise yedi\u011finiz yumruk ile kendinizi yerde bulacaks\u0131n\u0131z.Yumruk yedi\u011finizde s\u0131rt \u00fcst\u00fc d\u00fc\u015f\u00fcn ki, g\u00f6\u011fe<span class=\"excerpt-hellip\"> [\u2026]<\/span><\/p>\n","protected":false},"featured_media":0,"template":"","meta":{"_monsterinsights_skip_tracking":false,"_monsterinsights_sitenote_active":false,"_monsterinsights_sitenote_note":"","_monsterinsights_sitenote_category":0},"product_brand":[],"product_cat":[12364,12376],"product_tag":[],"class_list":{"0":"post-725379","1":"product","2":"type-product","3":"status-publish","5":"product_cat-genel-konular","6":"product_cat-kisisel-gelisim","7":"pa_cilt-ciltsiz","8":"pa_tur-kitap","9":"pa_yayinevi-cinaralti-yayinlari","10":"pa_yazar-mustafa-altintas-kemal-altintas","12":"first","13":"instock","14":"sale","15":"shipping-taxable","16":"purchasable","17":"product-type-simple"},"_links":{"self":[{"href":"https:\/\/roveyayinevi.com.tr\/index.php\/wp-json\/wp\/v2\/product\/725379","targetHints":{"allow":["GET"]}}],"collection":[{"href":"https:\/\/roveyayinevi.com.tr\/index.php\/wp-json\/wp\/v2\/product"}],"about":[{"href":"https:\/\/roveyayinevi.com.tr\/index.php\/wp-json\/wp\/v2\/types\/product"}],"wp:attachment":[{"href":"https:\/\/roveyayinevi.com.tr\/index.php\/wp-json\/wp\/v2\/media?parent=725379"}],"wp:term":[{"taxonomy":"product_brand","embeddable":true,"href":"https:\/\/roveyayinevi.com.tr\/index.php\/wp-json\/wp\/v2\/product_brand?post=725379"},{"taxonomy":"product_cat","embeddable":true,"href":"https:\/\/roveyayinevi.com.tr\/index.php\/wp-json\/wp\/v2\/product_cat?post=725379"},{"taxonomy":"product_tag","embeddable":true,"href":"https:\/\/roveyayinevi.com.tr\/index.php\/wp-json\/wp\/v2\/product_tag?post=725379"}],"curies":[{"name":"wp","href":"https:\/\/api.w.org\/{rel}","templated":true}]}}