{"id":725377,"date":"2025-08-27T19:49:15","date_gmt":"2025-08-27T16:49:15","guid":{"rendered":"https:\/\/roveyayinevi.com.tr\/index.php\/urun\/kizil-cember-2\/"},"modified":"2026-04-16T02:32:58","modified_gmt":"2026-04-15T23:32:58","slug":"kizil-cember-2","status":"publish","type":"product","link":"https:\/\/roveyayinevi.com.tr\/index.php\/urun\/kizil-cember-2\/","title":{"rendered":"K\u0131z\u0131l \u00c7ember"},"content":{"rendered":"<p>Bir anda \u00fcst\u00fcme devasa birg\u00f6lge d\u00fc\u015ft\u00fc. O muhte\u015fem kehribar g\u00f6zleriyle Lacu sbana bak\u0131yordu.Di\u011ferlerinden \u00e7ok daha b\u00fcy\u00fckt\u00fc.Sar\u0131ms\u0131 ve turuncu tonlar\u0131 aras\u0131nda s\u00fcrekli de\u011fi\u015fen, sanki yan\u0131yormu\u015f da alevleri dalgalan\u0131yor gibi g\u00f6r\u00fcnen t\u00fcyleri vard\u0131.Kanatlar\u0131n\u0131n parlakl\u0131\u011f\u0131 sanki keskinmi\u015f gibi hava veriyor ve \u0131\u015f\u0131\u011f\u0131 yans\u0131t\u0131yordu. Kanatlar\u0131na yakla\u015f\u0131p dokundu\u011fumda bir ku\u015fun t\u00fcy\u00fcnden \u00e7ok daha yumu\u015fakt\u0131.Geriden bak\u0131l\u0131nca bir kartal v\u00fccuduyla benze\u015fiyordu ama \u00e7ok daha kasl\u0131yd\u0131.G\u00f6\u011fs\u00fc olduk\u00e7a kabar\u0131k ve g\u00fc\u00e7l\u00fc g\u00f6r\u00fcn\u00fcyor, bacaklar\u0131 kasl\u0131 ve sadece benim boyum kadar boyu vard\u0131.O da bacaklar\u0131n\u0131n t\u00fcys\u00fcz yeriydi.Zaten kendimle onlar\u0131n b\u00fcy\u00fckl\u00fc\u011f\u00fcn\u00fc \u00f6l\u00e7mem pireyle deveyi \u00f6l\u00e7mem gibi olurdu san\u0131r\u0131m. Arka taraf\u0131na d\u00f6n\u00fck oldu\u011fu i\u00e7in ba\u015f\u0131n\u0131 tam g\u00f6remiyordum.Yan taraf\u0131ndan bakt\u0131\u011f\u0131m kadar\u0131yla ba\u015f\u0131 ayn\u0131 kartalba\u015f\u0131 gibi ve gagas\u0131 y\u0131rt\u0131c\u0131 bir ku\u015funki gibi e\u011fik, sivri ve keskin g\u00f6r\u00fcn\u00fcyordu.  <\/p>\n","protected":false},"excerpt":{"rendered":"<p>Bir anda \u00fcst\u00fcme devasa birg\u00f6lge d\u00fc\u015ft\u00fc. O muhte\u015fem kehribar g\u00f6zleriyle Lacu sbana bak\u0131yordu.Di\u011ferlerinden \u00e7ok daha b\u00fcy\u00fckt\u00fc.Sar\u0131ms\u0131 ve turuncu tonlar\u0131 aras\u0131nda s\u00fcrekli de\u011fi\u015fen, sanki yan\u0131yormu\u015f da alevleri<span class=\"excerpt-hellip\"> [\u2026]<\/span><\/p>\n","protected":false},"featured_media":0,"template":"","meta":{"_monsterinsights_skip_tracking":false,"_monsterinsights_sitenote_active":false,"_monsterinsights_sitenote_note":"","_monsterinsights_sitenote_category":0},"product_brand":[],"product_cat":[12291,12711],"product_tag":[],"class_list":{"0":"post-725377","1":"product","2":"type-product","3":"status-publish","5":"product_cat-edebiyat","6":"product_cat-roman-oyku","7":"pa_cilt-ciltsiz","8":"pa_tur-kitap","9":"pa_yayinevi-cinaralti-yayinlari","10":"pa_yazar-hale-yildiz","12":"first","13":"instock","14":"sale","15":"shipping-taxable","16":"purchasable","17":"product-type-simple"},"_links":{"self":[{"href":"https:\/\/roveyayinevi.com.tr\/index.php\/wp-json\/wp\/v2\/product\/725377","targetHints":{"allow":["GET"]}}],"collection":[{"href":"https:\/\/roveyayinevi.com.tr\/index.php\/wp-json\/wp\/v2\/product"}],"about":[{"href":"https:\/\/roveyayinevi.com.tr\/index.php\/wp-json\/wp\/v2\/types\/product"}],"wp:attachment":[{"href":"https:\/\/roveyayinevi.com.tr\/index.php\/wp-json\/wp\/v2\/media?parent=725377"}],"wp:term":[{"taxonomy":"product_brand","embeddable":true,"href":"https:\/\/roveyayinevi.com.tr\/index.php\/wp-json\/wp\/v2\/product_brand?post=725377"},{"taxonomy":"product_cat","embeddable":true,"href":"https:\/\/roveyayinevi.com.tr\/index.php\/wp-json\/wp\/v2\/product_cat?post=725377"},{"taxonomy":"product_tag","embeddable":true,"href":"https:\/\/roveyayinevi.com.tr\/index.php\/wp-json\/wp\/v2\/product_tag?post=725377"}],"curies":[{"name":"wp","href":"https:\/\/api.w.org\/{rel}","templated":true}]}}