{"id":725374,"date":"2025-08-27T19:49:12","date_gmt":"2025-08-27T16:49:12","guid":{"rendered":"https:\/\/roveyayinevi.com.tr\/index.php\/urun\/maya-mitolojisi\/"},"modified":"2026-04-16T02:32:58","modified_gmt":"2026-04-15T23:32:58","slug":"maya-mitolojisi","status":"publish","type":"product","link":"https:\/\/roveyayinevi.com.tr\/index.php\/urun\/maya-mitolojisi\/","title":{"rendered":"Maya Mitolojisi"},"content":{"rendered":"<p>Takvim sistemleri, bilinmezleri, gizem, kehanet ve rit\u00fcelleriyle MayalarHalk bilimci Lewis Spence, Mayalar\u0131n tarihine, k\u00fclt\u00fcr ve medeniyetine dair derinlere iniyor. Olas\u0131l\u0131klarla \u00e7evrelenmi\u015f bilgiye nas\u0131l ula\u015f\u0131ld\u0131\u011f\u0131n\u0131n bilgisini bize aktar\u0131rken ke\u015fifleri s\u0131ras\u0131ndaki hayranl\u0131\u011f\u0131n\u0131 ve heyecan\u0131n\u0131 da bizden saklayam\u0131yor. Spence, Maya mitolojik sistemini tan\u0131t\u0131rken bir taraftan da antik bir toplumun d\u00fc\u015f\u00fcn\u00fc\u015f bi\u00e7imini de g\u00f6zler \u00f6n\u00fcne seriyor. Bu eser, ba\u015fta Maya panteonu ve mitleri olmak \u00fczere Mayalarla ileti\u015fime ge\u00e7en halklar, in\u015fa ettikleri medeniyet, gelenekler, efsaneler, rit\u00fceller ve evren tasavvurlar\u0131 gibi bir\u00e7ok bilinmeyene dair \u00f6nc\u00fcller bar\u0131nd\u0131r\u0131yor.<\/p>\n","protected":false},"excerpt":{"rendered":"<p>Takvim sistemleri, bilinmezleri, gizem, kehanet ve rit\u00fcelleriyle MayalarHalk bilimci Lewis Spence, Mayalar\u0131n tarihine, k\u00fclt\u00fcr ve medeniyetine dair derinlere iniyor. Olas\u0131l\u0131klarla \u00e7evrelenmi\u015f bilgiye nas\u0131l ula\u015f\u0131ld\u0131\u011f\u0131n\u0131n bilgisini bize<span class=\"excerpt-hellip\"> [\u2026]<\/span><\/p>\n","protected":false},"featured_media":0,"template":"","meta":{"_monsterinsights_skip_tracking":false,"_monsterinsights_sitenote_active":false,"_monsterinsights_sitenote_note":"","_monsterinsights_sitenote_category":0},"product_brand":[],"product_cat":[12370,12304],"product_tag":[],"class_list":{"0":"post-725374","1":"product","2":"type-product","3":"status-publish","5":"product_cat-arastirma-inceleme","6":"product_cat-tarih","7":"pa_cilt-ciltsiz","8":"pa_tur-kitap","9":"pa_yayinevi-kara-karga-yayinlari","10":"pa_yazar-lewis-spence","12":"first","13":"instock","14":"sale","15":"shipping-taxable","16":"purchasable","17":"product-type-simple"},"_links":{"self":[{"href":"https:\/\/roveyayinevi.com.tr\/index.php\/wp-json\/wp\/v2\/product\/725374","targetHints":{"allow":["GET"]}}],"collection":[{"href":"https:\/\/roveyayinevi.com.tr\/index.php\/wp-json\/wp\/v2\/product"}],"about":[{"href":"https:\/\/roveyayinevi.com.tr\/index.php\/wp-json\/wp\/v2\/types\/product"}],"wp:attachment":[{"href":"https:\/\/roveyayinevi.com.tr\/index.php\/wp-json\/wp\/v2\/media?parent=725374"}],"wp:term":[{"taxonomy":"product_brand","embeddable":true,"href":"https:\/\/roveyayinevi.com.tr\/index.php\/wp-json\/wp\/v2\/product_brand?post=725374"},{"taxonomy":"product_cat","embeddable":true,"href":"https:\/\/roveyayinevi.com.tr\/index.php\/wp-json\/wp\/v2\/product_cat?post=725374"},{"taxonomy":"product_tag","embeddable":true,"href":"https:\/\/roveyayinevi.com.tr\/index.php\/wp-json\/wp\/v2\/product_tag?post=725374"}],"curies":[{"name":"wp","href":"https:\/\/api.w.org\/{rel}","templated":true}]}}