{"id":725372,"date":"2025-08-27T19:49:11","date_gmt":"2025-08-27T16:49:11","guid":{"rendered":"https:\/\/roveyayinevi.com.tr\/index.php\/urun\/sampiyon-kartlarim-dunyadaki-anitlar\/"},"modified":"2026-04-16T02:32:58","modified_gmt":"2026-04-15T23:32:58","slug":"sampiyon-kartlarim-dunyadaki-anitlar","status":"publish","type":"product","link":"https:\/\/roveyayinevi.com.tr\/index.php\/urun\/sampiyon-kartlarim-dunyadaki-anitlar\/","title":{"rendered":"\u015eampiyon Kartlar\u0131m-D\u00fcnyadaki An\u0131tlar"},"content":{"rendered":"<p>\u015eampiyon Kartlar\u0131m\u00d6\u011frenmek hi\u00e7 bu kadar e\u011flenceli olmam\u0131\u015ft\u0131!.. D\u00fcnyadaki \u00fclkelerden dinozorlara, soyu t\u00fckenmekte olan hayvanlardan insan v\u00fccuduna kadar, birbirinden ilgin\u00e7 10 farkl\u0131 temada oyun kartlar\u0131 setleri. Her bir sette 50 kart ve seviyeye g\u00f6re toplamda 150 soru ve cevap bulunuyor. \u00c7ocuklar arkada\u015flar\u0131yla, aileleriyle hatta kendi kendilerine oynayabilir, oynarken \u00f6\u011frenir. Oyunun sonunda ise kimin \u201c\u015fampiyon\u201d oldu\u011fu ortaya \u00e7\u0131kar.<\/p>\n","protected":false},"excerpt":{"rendered":"<p>\u015eampiyon Kartlar\u0131m\u00d6\u011frenmek hi\u00e7 bu kadar e\u011flenceli olmam\u0131\u015ft\u0131!.. D\u00fcnyadaki \u00fclkelerden dinozorlara, soyu t\u00fckenmekte olan hayvanlardan insan v\u00fccuduna kadar, birbirinden ilgin\u00e7 10 farkl\u0131 temada oyun kartlar\u0131 setleri. Her<span class=\"excerpt-hellip\"> [\u2026]<\/span><\/p>\n","protected":false},"featured_media":0,"template":"","meta":{"_monsterinsights_skip_tracking":false,"_monsterinsights_sitenote_active":false,"_monsterinsights_sitenote_note":"","_monsterinsights_sitenote_category":0},"product_brand":[],"product_cat":[12274,24599],"product_tag":[],"class_list":{"0":"post-725372","1":"product","2":"type-product","3":"status-publish","5":"product_cat-cocuk-ve-genclik-kitaplari","6":"product_cat-zeka-gelisimi","7":"pa_cilt-ciltsiz","8":"pa_tur-kitap","9":"pa_yayinevi-odtu-gelistirme-vakfi-yayincilik","10":"pa_yazar-kolektif","12":"first","13":"instock","14":"sale","15":"shipping-taxable","16":"purchasable","17":"product-type-simple"},"_links":{"self":[{"href":"https:\/\/roveyayinevi.com.tr\/index.php\/wp-json\/wp\/v2\/product\/725372","targetHints":{"allow":["GET"]}}],"collection":[{"href":"https:\/\/roveyayinevi.com.tr\/index.php\/wp-json\/wp\/v2\/product"}],"about":[{"href":"https:\/\/roveyayinevi.com.tr\/index.php\/wp-json\/wp\/v2\/types\/product"}],"wp:attachment":[{"href":"https:\/\/roveyayinevi.com.tr\/index.php\/wp-json\/wp\/v2\/media?parent=725372"}],"wp:term":[{"taxonomy":"product_brand","embeddable":true,"href":"https:\/\/roveyayinevi.com.tr\/index.php\/wp-json\/wp\/v2\/product_brand?post=725372"},{"taxonomy":"product_cat","embeddable":true,"href":"https:\/\/roveyayinevi.com.tr\/index.php\/wp-json\/wp\/v2\/product_cat?post=725372"},{"taxonomy":"product_tag","embeddable":true,"href":"https:\/\/roveyayinevi.com.tr\/index.php\/wp-json\/wp\/v2\/product_tag?post=725372"}],"curies":[{"name":"wp","href":"https:\/\/api.w.org\/{rel}","templated":true}]}}