{"id":725370,"date":"2025-08-27T19:49:09","date_gmt":"2025-08-27T16:49:09","guid":{"rendered":"https:\/\/roveyayinevi.com.tr\/index.php\/urun\/upuzun-hidden-pictures-eglenceli-etkinlikler\/"},"modified":"2026-04-16T02:32:58","modified_gmt":"2026-04-15T23:32:58","slug":"upuzun-hidden-pictures-eglenceli-etkinlikler","status":"publish","type":"product","link":"https:\/\/roveyayinevi.com.tr\/index.php\/urun\/upuzun-hidden-pictures-eglenceli-etkinlikler\/","title":{"rendered":"Upuzun Hidden Pictures E\u011flenceli Etkinlikler"},"content":{"rendered":"<p>Haz\u0131r Ol Yerini AlBa\u015flaAlt\u0131 ko\u015fucu kimi zaman k\u00f6pr\u00fclerden, kimi zaman parklardan ya da yer alt\u0131 t\u00fcnellerinden ge\u00e7erek yapt\u0131\u011f\u0131 b\u00fcy\u00fck yar\u0131\u015fta sen de yerini al. 5 metre uzunlu\u011funda ki Hidden Pictrures kitab\u0131, b\u00fct\u00fcn ailenin bir arada yapabilce\u011fi ya da her yere g\u00f6t\u00fcrebilece\u011fi m\u00fckemmel bir e\u011flence arac\u0131d\u0131r.<\/p>\n","protected":false},"excerpt":{"rendered":"<p>Haz\u0131r Ol Yerini AlBa\u015flaAlt\u0131 ko\u015fucu kimi zaman k\u00f6pr\u00fclerden, kimi zaman parklardan ya da yer alt\u0131 t\u00fcnellerinden ge\u00e7erek yapt\u0131\u011f\u0131 b\u00fcy\u00fck yar\u0131\u015fta sen de yerini al. 5 metre<span class=\"excerpt-hellip\"> [\u2026]<\/span><\/p>\n","protected":false},"featured_media":0,"template":"","meta":{"_monsterinsights_skip_tracking":false,"_monsterinsights_sitenote_active":false,"_monsterinsights_sitenote_note":"","_monsterinsights_sitenote_category":0},"product_brand":[],"product_cat":[12492,12274],"product_tag":[],"class_list":{"0":"post-725370","1":"product","2":"type-product","3":"status-publish","5":"product_cat-bilmece-bulmaca","6":"product_cat-cocuk-ve-genclik-kitaplari","7":"pa_cilt-ciltsiz","8":"pa_tur-kitap","9":"pa_yayinevi-dikkat-atolyesi-yayinlari","10":"pa_yazar-kolektif","12":"first","13":"instock","14":"sale","15":"shipping-taxable","16":"purchasable","17":"product-type-simple"},"_links":{"self":[{"href":"https:\/\/roveyayinevi.com.tr\/index.php\/wp-json\/wp\/v2\/product\/725370","targetHints":{"allow":["GET"]}}],"collection":[{"href":"https:\/\/roveyayinevi.com.tr\/index.php\/wp-json\/wp\/v2\/product"}],"about":[{"href":"https:\/\/roveyayinevi.com.tr\/index.php\/wp-json\/wp\/v2\/types\/product"}],"wp:attachment":[{"href":"https:\/\/roveyayinevi.com.tr\/index.php\/wp-json\/wp\/v2\/media?parent=725370"}],"wp:term":[{"taxonomy":"product_brand","embeddable":true,"href":"https:\/\/roveyayinevi.com.tr\/index.php\/wp-json\/wp\/v2\/product_brand?post=725370"},{"taxonomy":"product_cat","embeddable":true,"href":"https:\/\/roveyayinevi.com.tr\/index.php\/wp-json\/wp\/v2\/product_cat?post=725370"},{"taxonomy":"product_tag","embeddable":true,"href":"https:\/\/roveyayinevi.com.tr\/index.php\/wp-json\/wp\/v2\/product_tag?post=725370"}],"curies":[{"name":"wp","href":"https:\/\/api.w.org\/{rel}","templated":true}]}}