{"id":725369,"date":"2025-08-27T19:49:08","date_gmt":"2025-08-27T16:49:08","guid":{"rendered":"https:\/\/roveyayinevi.com.tr\/index.php\/urun\/photo-puzzle-mania\/"},"modified":"2026-04-16T02:32:58","modified_gmt":"2026-04-15T23:32:58","slug":"photo-puzzle-mania","status":"publish","type":"product","link":"https:\/\/roveyayinevi.com.tr\/index.php\/urun\/photo-puzzle-mania\/","title":{"rendered":"Photo Puzzle Mania!"},"content":{"rendered":"<p>E\u011flenceli Foto\u011fraf Etkinlikleri ! Foto\u011fraflardan olu\u015fan bu etkinliklere haz\u0131r m\u0131s\u0131n ? Photo Puzzlemania \u015fa\u015f\u0131rt\u0131c\u0131 ve heycanl\u0131 yedi farkl\u0131 bulmacadan olu\u015fmaktad\u0131r. Bu kitapta en pop\u00fcler Hidden Pictures bulmacalar\u0131, fark bulma etkinlikleri, e\u015fle\u015ftirme, labirent ve daha fazlas\u0131n\u0131 bulacaks\u0131n\u0131z. Tekrar tekrar bakmak isteyece\u011finiz muhte\u015fem foto\u011fraflar her ya\u015ftan bulmaca severleri bekliyor. Photo Puzzlemania yarat\u0131c\u0131 ve zorlay\u0131c\u0131 b\u0131lmacalar\u0131 \u00e7\u00f6zerken e\u011flenceli dakikalar ge\u00e7ireceksiziniz.<\/p>\n","protected":false},"excerpt":{"rendered":"<p>E\u011flenceli Foto\u011fraf Etkinlikleri ! Foto\u011fraflardan olu\u015fan bu etkinliklere haz\u0131r m\u0131s\u0131n ? Photo Puzzlemania \u015fa\u015f\u0131rt\u0131c\u0131 ve heycanl\u0131 yedi farkl\u0131 bulmacadan olu\u015fmaktad\u0131r. Bu kitapta en pop\u00fcler Hidden Pictures<span class=\"excerpt-hellip\"> [\u2026]<\/span><\/p>\n","protected":false},"featured_media":0,"template":"","meta":{"_monsterinsights_skip_tracking":false,"_monsterinsights_sitenote_active":false,"_monsterinsights_sitenote_note":"","_monsterinsights_sitenote_category":0},"product_brand":[],"product_cat":[12492,12274],"product_tag":[],"class_list":{"0":"post-725369","1":"product","2":"type-product","3":"status-publish","5":"product_cat-bilmece-bulmaca","6":"product_cat-cocuk-ve-genclik-kitaplari","7":"pa_cilt-ciltsiz","8":"pa_tur-kitap","9":"pa_yayinevi-dikkat-atolyesi-yayinlari","10":"pa_yazar-kolektif","12":"first","13":"instock","14":"sale","15":"shipping-taxable","16":"purchasable","17":"product-type-simple"},"_links":{"self":[{"href":"https:\/\/roveyayinevi.com.tr\/index.php\/wp-json\/wp\/v2\/product\/725369","targetHints":{"allow":["GET"]}}],"collection":[{"href":"https:\/\/roveyayinevi.com.tr\/index.php\/wp-json\/wp\/v2\/product"}],"about":[{"href":"https:\/\/roveyayinevi.com.tr\/index.php\/wp-json\/wp\/v2\/types\/product"}],"wp:attachment":[{"href":"https:\/\/roveyayinevi.com.tr\/index.php\/wp-json\/wp\/v2\/media?parent=725369"}],"wp:term":[{"taxonomy":"product_brand","embeddable":true,"href":"https:\/\/roveyayinevi.com.tr\/index.php\/wp-json\/wp\/v2\/product_brand?post=725369"},{"taxonomy":"product_cat","embeddable":true,"href":"https:\/\/roveyayinevi.com.tr\/index.php\/wp-json\/wp\/v2\/product_cat?post=725369"},{"taxonomy":"product_tag","embeddable":true,"href":"https:\/\/roveyayinevi.com.tr\/index.php\/wp-json\/wp\/v2\/product_tag?post=725369"}],"curies":[{"name":"wp","href":"https:\/\/api.w.org\/{rel}","templated":true}]}}