{"id":725368,"date":"2025-08-27T19:49:07","date_gmt":"2025-08-27T16:49:07","guid":{"rendered":"https:\/\/roveyayinevi.com.tr\/index.php\/urun\/2-sinif-zihinden-eglenceli-ogretici-toplama\/"},"modified":"2026-04-16T02:32:58","modified_gmt":"2026-04-15T23:32:58","slug":"2-sinif-zihinden-eglenceli-ogretici-toplama","status":"publish","type":"product","link":"https:\/\/roveyayinevi.com.tr\/index.php\/urun\/2-sinif-zihinden-eglenceli-ogretici-toplama\/","title":{"rendered":"2. S\u0131n\u0131f Zihinden E\u011flenceli &#8211; \u00d6\u011fretici Toplama"},"content":{"rendered":"<p>Toplama \u0130\u015flemi \u00d6\u011frenmenin En E\u011flenceli Hali!Hi\u00e7 kimse Dikkat At\u00f6lyesi Yay\u0131nlar\u0131 kadar e\u011flenceli aktiviteleri ve \u00f6\u011frenmeyi bir araya getiremez. Bu kitap uzmanlar taraf\u0131ndan geli\u015ftirildi. Okulda ve evde \u00f6\u011frenmeyi peki\u015ftiren, ba\u015far\u0131y\u0131 artt\u0131ran, \u00e7ocuklar\u0131n temel becerilerini gu\u0308\u00e7lendirmek i\u00e7in Hidden Pictures bulmacalar\u0131yla desteklendi. Bu kitap MEB ilkokul mu\u0308fredat\u0131 desteklidir.Bu kitapta;\u2022 \u0130\u015flemsel ve matematiksel d\u00fc\u015f\u00fcnme yetene\u011fi\u2022 Toplama stratejileri\u2022 Say\u0131 problemleri\u2022 Pratik toplama i\u015flemleri etkinlikleri sizleri bekliyor.Aktif \u00d6\u011frenmeyi Destekler\u2022 Anla\u015f\u0131lmas\u0131 kolay, ilgi \u00e7ekici al\u0131\u015ft\u0131rmalar ve etkinlikler,\u2022 Rahat\u00e7a takip edilebilen y\u00f6nergeler,\u2022 Matematik mu\u0308fredat\u0131na uygunluk,\u00d6\u011frenci merkezli yakla\u015f\u0131mla \u00e7ocu\u011funuz kitaptaki al\u0131\u015ft\u0131rmalar\u0131 tamamlad\u0131k\u00e7a kendine gu\u0308veni artacak ve ger\u00e7ek ba\u015far\u0131 duygusunu tan\u0131maya ba\u015flayacakt\u0131r.Mu\u0308fredatla E\u011flenceli Etkinliklerin Birle\u015fimi\u2022 Dikkat ve detaylara odaklanmay\u0131,\u2022 Analitik du\u0308\u015fu\u0308nmeyi,\u2022 Yeni \u00f6\u011frenme stratejilerine a\u00e7\u0131k olmay\u0131,\u2022 Problem \u00e7\u00f6zerken birden fazla teknik kullanma yetene\u011fini geli\u015ftirir.<\/p>\n","protected":false},"excerpt":{"rendered":"<p>Toplama \u0130\u015flemi \u00d6\u011frenmenin En E\u011flenceli Hali!Hi\u00e7 kimse Dikkat At\u00f6lyesi Yay\u0131nlar\u0131 kadar e\u011flenceli aktiviteleri ve \u00f6\u011frenmeyi bir araya getiremez. Bu kitap uzmanlar taraf\u0131ndan geli\u015ftirildi. Okulda ve evde<span class=\"excerpt-hellip\"> [\u2026]<\/span><\/p>\n","protected":false},"featured_media":0,"template":"","meta":{"_monsterinsights_skip_tracking":false,"_monsterinsights_sitenote_active":false,"_monsterinsights_sitenote_note":"","_monsterinsights_sitenote_category":0},"product_brand":[],"product_cat":[12275,12274],"product_tag":[],"class_list":{"0":"post-725368","1":"product","2":"type-product","3":"status-publish","5":"product_cat-6-12-yas-kitaplari","6":"product_cat-cocuk-ve-genclik-kitaplari","7":"pa_cilt-ciltsiz","8":"pa_tur-kitap","9":"pa_yayinevi-dikkat-atolyesi-yayinlari","10":"pa_yazar-kolektif","12":"first","13":"instock","14":"sale","15":"shipping-taxable","16":"purchasable","17":"product-type-simple"},"_links":{"self":[{"href":"https:\/\/roveyayinevi.com.tr\/index.php\/wp-json\/wp\/v2\/product\/725368","targetHints":{"allow":["GET"]}}],"collection":[{"href":"https:\/\/roveyayinevi.com.tr\/index.php\/wp-json\/wp\/v2\/product"}],"about":[{"href":"https:\/\/roveyayinevi.com.tr\/index.php\/wp-json\/wp\/v2\/types\/product"}],"wp:attachment":[{"href":"https:\/\/roveyayinevi.com.tr\/index.php\/wp-json\/wp\/v2\/media?parent=725368"}],"wp:term":[{"taxonomy":"product_brand","embeddable":true,"href":"https:\/\/roveyayinevi.com.tr\/index.php\/wp-json\/wp\/v2\/product_brand?post=725368"},{"taxonomy":"product_cat","embeddable":true,"href":"https:\/\/roveyayinevi.com.tr\/index.php\/wp-json\/wp\/v2\/product_cat?post=725368"},{"taxonomy":"product_tag","embeddable":true,"href":"https:\/\/roveyayinevi.com.tr\/index.php\/wp-json\/wp\/v2\/product_tag?post=725368"}],"curies":[{"name":"wp","href":"https:\/\/api.w.org\/{rel}","templated":true}]}}