{"id":725365,"date":"2025-08-27T19:49:05","date_gmt":"2025-08-27T16:49:05","guid":{"rendered":"https:\/\/roveyayinevi.com.tr\/index.php\/urun\/gelmis-gecmis-en-buyuk-doga-tarihcileri\/"},"modified":"2026-04-16T02:32:58","modified_gmt":"2026-04-15T23:32:58","slug":"gelmis-gecmis-en-buyuk-doga-tarihcileri","status":"publish","type":"product","link":"https:\/\/roveyayinevi.com.tr\/index.php\/urun\/gelmis-gecmis-en-buyuk-doga-tarihcileri\/","title":{"rendered":"Gelmi\u015f Ge\u00e7mi\u015f En B\u00fcy\u00fck Do\u011fa Tarih\u00e7ileri"},"content":{"rendered":"<p>Canl\u0131lar\u0131n mimikri y\u00f6ntemi kulland\u0131\u011f\u0131n\u0131 ilk ke\u015ffeden kimdir?D\u00fcnya bug\u00fcn g\u00f6rd\u00fc\u011f\u00fcm\u00fcz ya\u015fam \u00e7e\u015fitlili\u011fine nas\u0131l ula\u015ft\u0131?Bizi biz yapan genlerimizi kim ke\u015ffetti?Modern hayvan bilimine dair ilk ansiklopediyi kim yazd\u0131? Do\u011fa bilimine ad\u0131m atmaya ve \u00f6nemli do\u011fa tarih\u00e7ileriyle tan\u0131\u015fmaya haz\u0131r m\u0131s\u0131n?Gelmi\u015f Ge\u00e7mi\u015f En B\u00fcy\u00fck Do\u011fa Tarih\u00e7ileri, alan\u0131nda \u00f6nde gelen bilim insanlar\u0131n\u0131 tan\u0131t\u0131p onlar\u0131n bilimsel \u00e7al\u0131\u015fmalar\u0131n\u0131 olduk\u00e7a detayl\u0131 ve ilgi \u00e7ekecek bir bi\u00e7imde \u00f6\u011fretirken \u00e7ocuklara da ilham veriyor. Yazar Hakk\u0131nda:Felicia Law, \u00c7ocuklar i\u00e7in e\u011fitici, \u00f6\u011fretici ve ayn\u0131 zamanda e\u011flenceli kitaplar kaleme alm\u0131\u015ft\u0131r. T\u00fcrk\u00e7eye \u00e7evrilmi\u015f \u00e7ok say\u0131da kitab\u0131 \u00e7e\u015fitli yay\u0131nevleri taraf\u0131ndan okurlar\u0131n\u0131n be\u011fenisine sunulmu\u015ftur.<\/p>\n","protected":false},"excerpt":{"rendered":"<p>Canl\u0131lar\u0131n mimikri y\u00f6ntemi kulland\u0131\u011f\u0131n\u0131 ilk ke\u015ffeden kimdir?D\u00fcnya bug\u00fcn g\u00f6rd\u00fc\u011f\u00fcm\u00fcz ya\u015fam \u00e7e\u015fitlili\u011fine nas\u0131l ula\u015ft\u0131?Bizi biz yapan genlerimizi kim ke\u015ffetti?Modern hayvan bilimine dair ilk ansiklopediyi kim yazd\u0131? Do\u011fa<span class=\"excerpt-hellip\"> [\u2026]<\/span><\/p>\n","protected":false},"featured_media":0,"template":"","meta":{"_monsterinsights_skip_tracking":false,"_monsterinsights_sitenote_active":false,"_monsterinsights_sitenote_note":"","_monsterinsights_sitenote_category":0},"product_brand":[],"product_cat":[13829,12274],"product_tag":[],"class_list":{"0":"post-725365","1":"product","2":"type-product","3":"status-publish","5":"product_cat-bilimsel-kitaplar","6":"product_cat-cocuk-ve-genclik-kitaplari","7":"pa_cilt-ciltsiz","8":"pa_tur-kitap","9":"pa_yayinevi-the-cocuk","10":"pa_yazar-felicia-law","12":"first","13":"instock","14":"sale","15":"shipping-taxable","16":"purchasable","17":"product-type-simple"},"_links":{"self":[{"href":"https:\/\/roveyayinevi.com.tr\/index.php\/wp-json\/wp\/v2\/product\/725365","targetHints":{"allow":["GET"]}}],"collection":[{"href":"https:\/\/roveyayinevi.com.tr\/index.php\/wp-json\/wp\/v2\/product"}],"about":[{"href":"https:\/\/roveyayinevi.com.tr\/index.php\/wp-json\/wp\/v2\/types\/product"}],"wp:attachment":[{"href":"https:\/\/roveyayinevi.com.tr\/index.php\/wp-json\/wp\/v2\/media?parent=725365"}],"wp:term":[{"taxonomy":"product_brand","embeddable":true,"href":"https:\/\/roveyayinevi.com.tr\/index.php\/wp-json\/wp\/v2\/product_brand?post=725365"},{"taxonomy":"product_cat","embeddable":true,"href":"https:\/\/roveyayinevi.com.tr\/index.php\/wp-json\/wp\/v2\/product_cat?post=725365"},{"taxonomy":"product_tag","embeddable":true,"href":"https:\/\/roveyayinevi.com.tr\/index.php\/wp-json\/wp\/v2\/product_tag?post=725365"}],"curies":[{"name":"wp","href":"https:\/\/api.w.org\/{rel}","templated":true}]}}