{"id":725362,"date":"2025-08-27T19:49:03","date_gmt":"2025-08-27T16:49:03","guid":{"rendered":"https:\/\/roveyayinevi.com.tr\/index.php\/urun\/gelmis-gecmis-en-buyuk-gokbilimciler\/"},"modified":"2026-04-16T02:32:57","modified_gmt":"2026-04-15T23:32:57","slug":"gelmis-gecmis-en-buyuk-gokbilimciler","status":"publish","type":"product","link":"https:\/\/roveyayinevi.com.tr\/index.php\/urun\/gelmis-gecmis-en-buyuk-gokbilimciler\/","title":{"rendered":"Gelmi\u015f Ge\u00e7mi\u015f En B\u00fcy\u00fck G\u00f6kbilimciler"},"content":{"rendered":"<p>D\u00fcnyan\u0131n \u00e7eviresini ilk hesaplayan kimdir?Galileo hangi fikrini savunmaktan vazge\u00e7medi?Isaac Newton yer\u00e7ekimini nas\u0131l ke\u015ffetti?Kim y\u0131ld\u0131zlar\u0131n parlakl\u0131\u011f\u0131n\u0131 \u00f6l\u00e7mek i\u00e7in \u00f6zel bir alet icat etti? G\u00f6kbilime ad\u0131m atmaya ve \u00f6nemli g\u00f6kbilimcilerle tan\u0131\u015fmaya haz\u0131r m\u0131s\u0131n?Gelmi\u015f Ge\u00e7mi\u015f En B\u00fcy\u00fck G\u00f6kbilimciler, alan\u0131nda \u00f6nde gelen bilim insanlar\u0131n\u0131 tan\u0131t\u0131p onlar\u0131n bilimsel \u00e7al\u0131\u015fmalar\u0131n\u0131 olduk\u00e7a detayl\u0131 ve ilgi \u00e7ekecek bir bi\u00e7imde \u00f6\u011fretirken \u00e7ocuklara da ilham veriyor. Yazar Hakk\u0131nda:Gerry Bailey, \u00c7ocuklar i\u00e7in e\u011fitici, \u00f6\u011fretici ve ayn\u0131 zamanda e\u011flenceli kitaplar kaleme alm\u0131\u015ft\u0131r. Kitaplar\u0131nda genellikle bilim ve tarih konular\u0131na yer verir. Yay\u0131mlanan 150\u2019den fazla kitab\u0131n\u0131n \u00e7o\u011fu T\u00fcrk\u00e7eye \u00e7evrilmi\u015ftir.<\/p>\n","protected":false},"excerpt":{"rendered":"<p>D\u00fcnyan\u0131n \u00e7eviresini ilk hesaplayan kimdir?Galileo hangi fikrini savunmaktan vazge\u00e7medi?Isaac Newton yer\u00e7ekimini nas\u0131l ke\u015ffetti?Kim y\u0131ld\u0131zlar\u0131n parlakl\u0131\u011f\u0131n\u0131 \u00f6l\u00e7mek i\u00e7in \u00f6zel bir alet icat etti? G\u00f6kbilime ad\u0131m atmaya ve<span class=\"excerpt-hellip\"> [\u2026]<\/span><\/p>\n","protected":false},"featured_media":0,"template":"","meta":{"_monsterinsights_skip_tracking":false,"_monsterinsights_sitenote_active":false,"_monsterinsights_sitenote_note":"","_monsterinsights_sitenote_category":0},"product_brand":[],"product_cat":[13829,12274],"product_tag":[],"class_list":{"0":"post-725362","1":"product","2":"type-product","3":"status-publish","5":"product_cat-bilimsel-kitaplar","6":"product_cat-cocuk-ve-genclik-kitaplari","7":"pa_cilt-ciltsiz","8":"pa_tur-kitap","9":"pa_yayinevi-the-cocuk","10":"pa_yazar-gerry-bailey","12":"first","13":"instock","14":"sale","15":"shipping-taxable","16":"purchasable","17":"product-type-simple"},"_links":{"self":[{"href":"https:\/\/roveyayinevi.com.tr\/index.php\/wp-json\/wp\/v2\/product\/725362","targetHints":{"allow":["GET"]}}],"collection":[{"href":"https:\/\/roveyayinevi.com.tr\/index.php\/wp-json\/wp\/v2\/product"}],"about":[{"href":"https:\/\/roveyayinevi.com.tr\/index.php\/wp-json\/wp\/v2\/types\/product"}],"wp:attachment":[{"href":"https:\/\/roveyayinevi.com.tr\/index.php\/wp-json\/wp\/v2\/media?parent=725362"}],"wp:term":[{"taxonomy":"product_brand","embeddable":true,"href":"https:\/\/roveyayinevi.com.tr\/index.php\/wp-json\/wp\/v2\/product_brand?post=725362"},{"taxonomy":"product_cat","embeddable":true,"href":"https:\/\/roveyayinevi.com.tr\/index.php\/wp-json\/wp\/v2\/product_cat?post=725362"},{"taxonomy":"product_tag","embeddable":true,"href":"https:\/\/roveyayinevi.com.tr\/index.php\/wp-json\/wp\/v2\/product_tag?post=725362"}],"curies":[{"name":"wp","href":"https:\/\/api.w.org\/{rel}","templated":true}]}}