{"id":725360,"date":"2025-08-27T19:49:01","date_gmt":"2025-08-27T16:49:01","guid":{"rendered":"https:\/\/roveyayinevi.com.tr\/index.php\/urun\/gecmise-yolculuk-ciltli\/"},"modified":"2026-04-16T02:32:57","modified_gmt":"2026-04-15T23:32:57","slug":"gecmise-yolculuk-ciltli","status":"publish","type":"product","link":"https:\/\/roveyayinevi.com.tr\/index.php\/urun\/gecmise-yolculuk-ciltli\/","title":{"rendered":"Ge\u00e7mi\u015fe Yolculuk  (Ciltli )"},"content":{"rendered":"<p>Bir tarafta zor ge\u00e7en \u00e7ocuklu\u011funa ra\u011fmen ba\u015far\u0131l\u0131 bir m\u00fchendis olan h\u0131rsl\u0131 bir adam ve di\u011fer tarafta asistan\u0131 olarak \u00e7al\u0131\u015ft\u0131\u011f\u0131 patronunun g\u00fczeller g\u00fczeli e\u015fi. Yasak ve tutkulu bir a\u015fk\u0131n esiri bu iki sevgili, Birinci D\u00fcnya Sava\u015f\u0131\u2019n\u0131n patlak vermesiyle dokuz y\u0131ll\u0131k bir ayr\u0131l\u0131\u011fa s\u00fcr\u00fcklenirler. Kaderin onlar i\u00e7in \u00e7izdi\u011fi yolda ilerlerken sonunda bir g\u00fcn bir tren istasyonunda yeniden kavu\u015ftuklar\u0131nda aldat\u0131c\u0131 bir iyimserli\u011fin pen\u00e7esine d\u00fc\u015ft\u00fcklerinden habersizdirler. Tren yolculu\u011fu onlar\u0131 yak\u0131nla\u015ft\u0131rsa da asl\u0131nda aralar\u0131nda kapanmayacak kadar b\u00fcy\u00fck bir bo\u015fluk oldu\u011funu fark etmeleri uzun s\u00fcrmez, art\u0131k sadece ge\u00e7mi\u015fin pe\u015finde ko\u015fan iki yaln\u0131z g\u00f6lgeden ibarettirler.Kitaptaki di\u011fer \u00f6yk\u00fc olan Orman\u0131n \u00dczerindeki Y\u0131ld\u0131z\u2019da Zweig kar\u015f\u0131l\u0131ks\u0131z bir a\u015fk\u0131n doruk noktas\u0131na ula\u015f\u0131p hi\u00e7li\u011fe uzanan tren raylar\u0131nda \u00e7aresizce karanl\u0131\u011fa g\u00f6m\u00fcl\u00fc\u015f\u00fcn\u00fc anlat\u0131r ve insan ruhunun sakl\u0131 taraflar\u0131na bir kez daha \u0131\u015f\u0131k tutar.Kahredici bilinmezliklerin yol a\u00e7t\u0131\u011f\u0131 duygusal \u00e7alkant\u0131lar\u0131 ele alan, Zweig\u2019\u0131n incelikli analizleri ile insan\u0131n i\u00e7ini hem ac\u0131tan hem de \u0131s\u0131tan bu eseri Levent Baka\u00e7\u2019\u0131n \u00f6zenli \u00e7evirisiyle sunuyoruz.<\/p>\n","protected":false},"excerpt":{"rendered":"<p>Bir tarafta zor ge\u00e7en \u00e7ocuklu\u011funa ra\u011fmen ba\u015far\u0131l\u0131 bir m\u00fchendis olan h\u0131rsl\u0131 bir adam ve di\u011fer tarafta asistan\u0131 olarak \u00e7al\u0131\u015ft\u0131\u011f\u0131 patronunun g\u00fczeller g\u00fczeli e\u015fi. Yasak ve tutkulu<span class=\"excerpt-hellip\"> [\u2026]<\/span><\/p>\n","protected":false},"featured_media":0,"template":"","meta":{"_monsterinsights_skip_tracking":false,"_monsterinsights_sitenote_active":false,"_monsterinsights_sitenote_note":"","_monsterinsights_sitenote_category":0},"product_brand":[],"product_cat":[12291,12711],"product_tag":[],"class_list":{"0":"post-725360","1":"product","2":"type-product","3":"status-publish","5":"product_cat-edebiyat","6":"product_cat-roman-oyku","7":"pa_cilt-ciltli","8":"pa_tur-kitap","9":"pa_yayinevi-koridor-yayincilik","10":"pa_yazar-stefan-zweig","12":"first","13":"instock","14":"sale","15":"shipping-taxable","16":"purchasable","17":"product-type-simple"},"_links":{"self":[{"href":"https:\/\/roveyayinevi.com.tr\/index.php\/wp-json\/wp\/v2\/product\/725360","targetHints":{"allow":["GET"]}}],"collection":[{"href":"https:\/\/roveyayinevi.com.tr\/index.php\/wp-json\/wp\/v2\/product"}],"about":[{"href":"https:\/\/roveyayinevi.com.tr\/index.php\/wp-json\/wp\/v2\/types\/product"}],"wp:attachment":[{"href":"https:\/\/roveyayinevi.com.tr\/index.php\/wp-json\/wp\/v2\/media?parent=725360"}],"wp:term":[{"taxonomy":"product_brand","embeddable":true,"href":"https:\/\/roveyayinevi.com.tr\/index.php\/wp-json\/wp\/v2\/product_brand?post=725360"},{"taxonomy":"product_cat","embeddable":true,"href":"https:\/\/roveyayinevi.com.tr\/index.php\/wp-json\/wp\/v2\/product_cat?post=725360"},{"taxonomy":"product_tag","embeddable":true,"href":"https:\/\/roveyayinevi.com.tr\/index.php\/wp-json\/wp\/v2\/product_tag?post=725360"}],"curies":[{"name":"wp","href":"https:\/\/api.w.org\/{rel}","templated":true}]}}