{"id":725357,"date":"2025-08-27T19:48:58","date_gmt":"2025-08-27T16:48:58","guid":{"rendered":"https:\/\/roveyayinevi.com.tr\/index.php\/urun\/istanbul-bebek\/"},"modified":"2026-04-16T02:32:57","modified_gmt":"2026-04-15T23:32:57","slug":"istanbul-bebek","status":"publish","type":"product","link":"https:\/\/roveyayinevi.com.tr\/index.php\/urun\/istanbul-bebek\/","title":{"rendered":"\u0130stanbul Bebek"},"content":{"rendered":"<p>1940 ve 1950&#8217;li y\u0131llarda Bebek semtinde ya\u015fayan insanlar m\u00fctevazi, ho\u015fg\u00f6r\u00fcl\u00fc ve \u00e7elebi insanlard\u0131. Kimin zengin, kimin fakir oldu\u011fu belli olmazd\u0131. \u00c7\u00fcnk\u00fc kimse farkl\u0131 oldu\u011funu kar\u015f\u0131s\u0131ndakine belli etmeyi sevmezdi. Semtte M\u00fcslim veya gayrim\u00fcslim olsun herkes elindekini arkada\u015f\u0131, kom\u015fusu ve \u00e7evresiyle payla\u015fmay\u0131, birbirine yard\u0131m etmeyi severdi. Harp y\u0131llar\u0131nda her t\u00fcrl\u00fc yeyecek maddesinin karne ile al\u0131nd\u0131\u011f\u0131 zamanlarda herkes \u00e7evresindekilerin durumunu bilir ve dayan\u0131\u015fma i\u00e7inde olurdu. Bebek&#8217;te iki dotro vard\u0131 birisi Rum, di\u011feri Ermeniydi. Bu doktorlar\u0131n \u00e7o\u011fu o s\u0131k\u0131nt\u0131l\u0131 g\u00fcnlerde fakir hastalar\u0131n evlerine kadar giderek muayene ederle ve kiminden muayene \u00fccreti olarak ne verirlerse al\u0131rlar, kininde de para almazlard\u0131. Herkes birbirini sever, sayar, g\u00f6rd\u00fc\u011f\u00fcnde Selmala\u015f\u0131r, hal ve hat\u0131r sorulurdu&#8230;<\/p>\n","protected":false},"excerpt":{"rendered":"<p>1940 ve 1950&#8217;li y\u0131llarda Bebek semtinde ya\u015fayan insanlar m\u00fctevazi, ho\u015fg\u00f6r\u00fcl\u00fc ve \u00e7elebi insanlard\u0131. Kimin zengin, kimin fakir oldu\u011fu belli olmazd\u0131. \u00c7\u00fcnk\u00fc kimse farkl\u0131 oldu\u011funu kar\u015f\u0131s\u0131ndakine belli<span class=\"excerpt-hellip\"> [\u2026]<\/span><\/p>\n","protected":false},"featured_media":0,"template":"","meta":{"_monsterinsights_skip_tracking":false,"_monsterinsights_sitenote_active":false,"_monsterinsights_sitenote_note":"","_monsterinsights_sitenote_category":0},"product_brand":[],"product_cat":[13054,20153],"product_tag":[],"class_list":{"0":"post-725357","1":"product","2":"type-product","3":"status-publish","5":"product_cat-gezi-ve-rehber-kitaplari","6":"product_cat-istanbul-rehberi","7":"pa_cilt-ciltsiz","8":"pa_tur-kitap","9":"pa_yayinevi-nergiz-yayinlari","10":"pa_yazar-umran-mustafa-iscan","12":"first","13":"instock","14":"sale","15":"shipping-taxable","16":"purchasable","17":"product-type-simple"},"_links":{"self":[{"href":"https:\/\/roveyayinevi.com.tr\/index.php\/wp-json\/wp\/v2\/product\/725357","targetHints":{"allow":["GET"]}}],"collection":[{"href":"https:\/\/roveyayinevi.com.tr\/index.php\/wp-json\/wp\/v2\/product"}],"about":[{"href":"https:\/\/roveyayinevi.com.tr\/index.php\/wp-json\/wp\/v2\/types\/product"}],"wp:attachment":[{"href":"https:\/\/roveyayinevi.com.tr\/index.php\/wp-json\/wp\/v2\/media?parent=725357"}],"wp:term":[{"taxonomy":"product_brand","embeddable":true,"href":"https:\/\/roveyayinevi.com.tr\/index.php\/wp-json\/wp\/v2\/product_brand?post=725357"},{"taxonomy":"product_cat","embeddable":true,"href":"https:\/\/roveyayinevi.com.tr\/index.php\/wp-json\/wp\/v2\/product_cat?post=725357"},{"taxonomy":"product_tag","embeddable":true,"href":"https:\/\/roveyayinevi.com.tr\/index.php\/wp-json\/wp\/v2\/product_tag?post=725357"}],"curies":[{"name":"wp","href":"https:\/\/api.w.org\/{rel}","templated":true}]}}