{"id":725355,"date":"2025-08-27T19:48:57","date_gmt":"2025-08-27T16:48:57","guid":{"rendered":"https:\/\/roveyayinevi.com.tr\/index.php\/urun\/cilgin-ressamlar-ciltli\/"},"modified":"2026-04-16T02:32:57","modified_gmt":"2026-04-15T23:32:57","slug":"cilgin-ressamlar-ciltli","status":"publish","type":"product","link":"https:\/\/roveyayinevi.com.tr\/index.php\/urun\/cilgin-ressamlar-ciltli\/","title":{"rendered":"\u00c7\u0131lg\u0131n Ressamlar ( Ciltli )"},"content":{"rendered":"<p>Helikopter tasarlayan Da Vinci&#8217;den ilk resim \u00e7al\u0131\u015fmas\u0131n\u0131 10 ya\u015f\u0131nda yapan Dali&#8217;ye, hi\u00e7bir ressam\u0131n g\u00fclmedi\u011fi kadar \u00e7ok g\u00fclen Renoir&#8217;dan en \u00fcretken sanat\u00e7\u0131 unvan\u0131n\u0131 alan Picasso&#8217;ya kadar birbirinden \u00e7\u0131lg\u0131n tam 13 ressam!Garip, acayip, hatta e\u011flenceli mi e\u011flenceli hayat hik\u00e2yeleri ilginizi \u00e7ekiyorsa bu kitap tam size g\u00f6re!K\u0131l kafal\u0131 kahraman\u0131m\u0131z Badana F\u0131r\u00e7as\u0131&#8217;n\u0131n size anlatacak epey \u00f6yk\u00fcs\u00fc var. \u00c7\u0131lg\u0131n Ressamlar: Bol e\u011flenceli, k\u0131p\u0131r k\u0131p\u0131r ve \u00e7ok komik bir kitap.\u0130yi okumalar!<\/p>\n","protected":false},"excerpt":{"rendered":"<p>Helikopter tasarlayan Da Vinci&#8217;den ilk resim \u00e7al\u0131\u015fmas\u0131n\u0131 10 ya\u015f\u0131nda yapan Dali&#8217;ye, hi\u00e7bir ressam\u0131n g\u00fclmedi\u011fi kadar \u00e7ok g\u00fclen Renoir&#8217;dan en \u00fcretken sanat\u00e7\u0131 unvan\u0131n\u0131 alan Picasso&#8217;ya kadar birbirinden<span class=\"excerpt-hellip\"> [\u2026]<\/span><\/p>\n","protected":false},"featured_media":0,"template":"","meta":{"_monsterinsights_skip_tracking":false,"_monsterinsights_sitenote_active":false,"_monsterinsights_sitenote_note":"","_monsterinsights_sitenote_category":0},"product_brand":[],"product_cat":[12275,12274],"product_tag":[],"class_list":{"0":"post-725355","1":"product","2":"type-product","3":"status-publish","5":"product_cat-6-12-yas-kitaplari","6":"product_cat-cocuk-ve-genclik-kitaplari","7":"pa_cilt-ciltli","8":"pa_tur-kitap","9":"pa_yayinevi-nesil-genc","10":"pa_yazar-sengul-asal","12":"first","13":"instock","14":"sale","15":"shipping-taxable","16":"purchasable","17":"product-type-simple"},"_links":{"self":[{"href":"https:\/\/roveyayinevi.com.tr\/index.php\/wp-json\/wp\/v2\/product\/725355","targetHints":{"allow":["GET"]}}],"collection":[{"href":"https:\/\/roveyayinevi.com.tr\/index.php\/wp-json\/wp\/v2\/product"}],"about":[{"href":"https:\/\/roveyayinevi.com.tr\/index.php\/wp-json\/wp\/v2\/types\/product"}],"wp:attachment":[{"href":"https:\/\/roveyayinevi.com.tr\/index.php\/wp-json\/wp\/v2\/media?parent=725355"}],"wp:term":[{"taxonomy":"product_brand","embeddable":true,"href":"https:\/\/roveyayinevi.com.tr\/index.php\/wp-json\/wp\/v2\/product_brand?post=725355"},{"taxonomy":"product_cat","embeddable":true,"href":"https:\/\/roveyayinevi.com.tr\/index.php\/wp-json\/wp\/v2\/product_cat?post=725355"},{"taxonomy":"product_tag","embeddable":true,"href":"https:\/\/roveyayinevi.com.tr\/index.php\/wp-json\/wp\/v2\/product_tag?post=725355"}],"curies":[{"name":"wp","href":"https:\/\/api.w.org\/{rel}","templated":true}]}}