{"id":725354,"date":"2025-08-27T19:48:56","date_gmt":"2025-08-27T16:48:56","guid":{"rendered":"https:\/\/roveyayinevi.com.tr\/index.php\/urun\/cilgin-muzisyenler-ciltli\/"},"modified":"2026-04-16T02:32:57","modified_gmt":"2026-04-15T23:32:57","slug":"cilgin-muzisyenler-ciltli","status":"publish","type":"product","link":"https:\/\/roveyayinevi.com.tr\/index.php\/urun\/cilgin-muzisyenler-ciltli\/","title":{"rendered":"\u00c7\u0131lg\u0131n M\u00fczisyenler (Ciltli )"},"content":{"rendered":"<p>\u0130\u015fitme engelli m\u00fczisyen Beethoven&#8217;dan K\u00f6t\u00fc sesler duyunca bayg\u0131nl\u0131k ge\u00e7iren Mozart&#8217;a, Mevlevi terbiyesiyle yeti\u015fmi\u015f Buhurizade Mustafa Itri&#8217;den Sesi hamamda ke\u015ffedilen Dede Efendi&#8217;ye,Birbirinden \u00e7\u0131lg\u0131n tam 15 m\u00fczisyen!Garip, acayip, hatta e\u011flenceli mi e\u011flenceli hayat hik\u00e2yeleri ilgini \u00e7ekiyorsa bu kitap tam sana g\u00f6re!\u00c7\u0131lg\u0131n M\u00fczisyenler: Bol e\u011flenceli, k\u0131p\u0131r k\u0131p\u0131rve \u00e7ok komik bir kitap.\u0130yi okumalar!<\/p>\n","protected":false},"excerpt":{"rendered":"<p>\u0130\u015fitme engelli m\u00fczisyen Beethoven&#8217;dan K\u00f6t\u00fc sesler duyunca bayg\u0131nl\u0131k ge\u00e7iren Mozart&#8217;a, Mevlevi terbiyesiyle yeti\u015fmi\u015f Buhurizade Mustafa Itri&#8217;den Sesi hamamda ke\u015ffedilen Dede Efendi&#8217;ye,Birbirinden \u00e7\u0131lg\u0131n tam 15 m\u00fczisyen!Garip, acayip,<span class=\"excerpt-hellip\"> [\u2026]<\/span><\/p>\n","protected":false},"featured_media":0,"template":"","meta":{"_monsterinsights_skip_tracking":false,"_monsterinsights_sitenote_active":false,"_monsterinsights_sitenote_note":"","_monsterinsights_sitenote_category":0},"product_brand":[],"product_cat":[12275,12274],"product_tag":[],"class_list":{"0":"post-725354","1":"product","2":"type-product","3":"status-publish","5":"product_cat-6-12-yas-kitaplari","6":"product_cat-cocuk-ve-genclik-kitaplari","7":"pa_cilt-ciltli","8":"pa_tur-kitap","9":"pa_yayinevi-nesil-genc","10":"pa_yazar-sengul-asal","12":"first","13":"instock","14":"sale","15":"shipping-taxable","16":"purchasable","17":"product-type-simple"},"_links":{"self":[{"href":"https:\/\/roveyayinevi.com.tr\/index.php\/wp-json\/wp\/v2\/product\/725354","targetHints":{"allow":["GET"]}}],"collection":[{"href":"https:\/\/roveyayinevi.com.tr\/index.php\/wp-json\/wp\/v2\/product"}],"about":[{"href":"https:\/\/roveyayinevi.com.tr\/index.php\/wp-json\/wp\/v2\/types\/product"}],"wp:attachment":[{"href":"https:\/\/roveyayinevi.com.tr\/index.php\/wp-json\/wp\/v2\/media?parent=725354"}],"wp:term":[{"taxonomy":"product_brand","embeddable":true,"href":"https:\/\/roveyayinevi.com.tr\/index.php\/wp-json\/wp\/v2\/product_brand?post=725354"},{"taxonomy":"product_cat","embeddable":true,"href":"https:\/\/roveyayinevi.com.tr\/index.php\/wp-json\/wp\/v2\/product_cat?post=725354"},{"taxonomy":"product_tag","embeddable":true,"href":"https:\/\/roveyayinevi.com.tr\/index.php\/wp-json\/wp\/v2\/product_tag?post=725354"}],"curies":[{"name":"wp","href":"https:\/\/api.w.org\/{rel}","templated":true}]}}