{"id":725353,"date":"2025-08-27T19:48:55","date_gmt":"2025-08-27T16:48:55","guid":{"rendered":"https:\/\/roveyayinevi.com.tr\/index.php\/urun\/oyun-ornekleri-ile-baba-ve-bebek-etkilesim-dunyasi\/"},"modified":"2026-04-16T02:32:57","modified_gmt":"2026-04-15T23:32:57","slug":"oyun-ornekleri-ile-baba-ve-bebek-etkilesim-dunyasi","status":"publish","type":"product","link":"https:\/\/roveyayinevi.com.tr\/index.php\/urun\/oyun-ornekleri-ile-baba-ve-bebek-etkilesim-dunyasi\/","title":{"rendered":"Oyun \u00d6rnekleri \u0130le Baba ve Bebek Etkile\u015fim D\u00fcnyas\u0131"},"content":{"rendered":"<p>Bireyin ya\u015fam yolculu\u011funun her an\u0131 birbirinden de\u011ferli olmaktad\u0131r. Ya\u015fama ba\u015flang\u0131\u00e7 bin bir t\u00fcrl\u00fc zorlu\u011fu hem anne-baba hem de bebek a\u00e7\u0131s\u0131ndan i\u00e7inde bar\u0131nd\u0131rsa da bebe\u011fin geli\u015fimi ve de\u011fi\u015fimi; ya\u015fanan zorluklar\u0131 hafifletmekte, yerini i\u00e7ten g\u00fcl\u00fcmsemelere ve tatl\u0131 bir huzura b\u0131rakmaktad\u0131r. Annelerin gebelik s\u00fcreci bebe\u011fe adaptasyonu kolayla\u015ft\u0131r\u0131rken yap\u0131lan ara\u015ft\u0131rmalar baba olduklar\u0131nda erkeklerin annelere oranla daha fazla kayg\u0131 ve stres durumu ya\u015fad\u0131klar\u0131n\u0131 ortaya koymaktad\u0131r. Dolay\u0131s\u0131yla bebe\u011fin geli\u015fiminde ilk olan en etkili iki varl\u0131k anne ve babalar\u0131n desteklenmesi bebe\u011fin sa\u011fl\u0131kl\u0131 geli\u015fimi a\u00e7\u0131s\u0131ndan \u00f6nem kazanmaktad\u0131r. Do\u011fal olarak bebek hayat\u0131nda var olan annelerin yan\u0131nda babalar\u0131n da kat\u0131l\u0131mlar\u0131n\u0131 art\u0131rmak ve bebek d\u00fcnyas\u0131nda daha fazla yer almalar\u0131n\u0131 sa\u011flamak \u00f6nemlidir.Bunun i\u00e7in de ilk olarak baba olman\u0131n \u00f6nemi, baba ve bebek etkile\u015fiminde dikkat edilmesi gereken noktalar, bebek geli\u015fim \u00f6zellikleri ve literat\u00fcrde oyun arkada\u015f\u0131 olarak yer alan babalar\u0131n bebekleri ile olan etkile\u015fimlerini art\u0131rman\u0131n en kolay yolu olan oyun \u00f6rneklerinin yer ald\u0131\u011f\u0131 bu kayna\u011f\u0131n; baba ve bebek d\u00fcnyas\u0131n\u0131 zenginle\u015ftirmesi, babalara rehberlik etmesi ve e\u011fitimcilere kaynak olmas\u0131 a\u00e7\u0131s\u0131ndan \u00f6nemli g\u00f6r\u00fclmektedir.<\/p>\n","protected":false},"excerpt":{"rendered":"<p>Bireyin ya\u015fam yolculu\u011funun her an\u0131 birbirinden de\u011ferli olmaktad\u0131r. Ya\u015fama ba\u015flang\u0131\u00e7 bin bir t\u00fcrl\u00fc zorlu\u011fu hem anne-baba hem de bebek a\u00e7\u0131s\u0131ndan i\u00e7inde bar\u0131nd\u0131rsa da bebe\u011fin geli\u015fimi ve<span class=\"excerpt-hellip\"> [\u2026]<\/span><\/p>\n","protected":false},"featured_media":0,"template":"","meta":{"_monsterinsights_skip_tracking":false,"_monsterinsights_sitenote_active":false,"_monsterinsights_sitenote_note":"","_monsterinsights_sitenote_category":0},"product_brand":[],"product_cat":[12573,12566],"product_tag":[],"class_list":{"0":"post-725353","1":"product","2":"type-product","3":"status-publish","5":"product_cat-akademik-kitaplar","6":"product_cat-egitim","7":"pa_cilt-ciltsiz","8":"pa_tur-kitap","9":"pa_yayinevi-egiten-kitap","10":"pa_yazar-ayse-belgin-aksoy-esra-demir-ozturk","12":"first","13":"instock","14":"sale","15":"shipping-taxable","16":"purchasable","17":"product-type-simple"},"_links":{"self":[{"href":"https:\/\/roveyayinevi.com.tr\/index.php\/wp-json\/wp\/v2\/product\/725353","targetHints":{"allow":["GET"]}}],"collection":[{"href":"https:\/\/roveyayinevi.com.tr\/index.php\/wp-json\/wp\/v2\/product"}],"about":[{"href":"https:\/\/roveyayinevi.com.tr\/index.php\/wp-json\/wp\/v2\/types\/product"}],"wp:attachment":[{"href":"https:\/\/roveyayinevi.com.tr\/index.php\/wp-json\/wp\/v2\/media?parent=725353"}],"wp:term":[{"taxonomy":"product_brand","embeddable":true,"href":"https:\/\/roveyayinevi.com.tr\/index.php\/wp-json\/wp\/v2\/product_brand?post=725353"},{"taxonomy":"product_cat","embeddable":true,"href":"https:\/\/roveyayinevi.com.tr\/index.php\/wp-json\/wp\/v2\/product_cat?post=725353"},{"taxonomy":"product_tag","embeddable":true,"href":"https:\/\/roveyayinevi.com.tr\/index.php\/wp-json\/wp\/v2\/product_tag?post=725353"}],"curies":[{"name":"wp","href":"https:\/\/api.w.org\/{rel}","templated":true}]}}