{"id":725352,"date":"2025-08-27T19:48:55","date_gmt":"2025-08-27T16:48:55","guid":{"rendered":"https:\/\/roveyayinevi.com.tr\/index.php\/urun\/okul-oncesi-egitimin-etkisi\/"},"modified":"2026-04-16T02:32:57","modified_gmt":"2026-04-15T23:32:57","slug":"okul-oncesi-egitimin-etkisi","status":"publish","type":"product","link":"https:\/\/roveyayinevi.com.tr\/index.php\/urun\/okul-oncesi-egitimin-etkisi\/","title":{"rendered":"Okul \u00d6ncesi E\u011fitimin Etkisi"},"content":{"rendered":"<p>I\u00e7inde bulundugumuz y\u00fczy\u0131lda en \u00f6nemli yat\u0131r\u0131m\u0131n egitim oldugu genel bir kabuld\u00fcr. Bu kapsamda, egitim yoluyla gen\u00e7 kusaklara yat\u0131r\u0131m yap\u0131lmas\u0131 pek \u00e7ok gelismis \u00fclke i\u00e7in bir devlet politikas\u0131 haline gelmistir. S\u00f6z konusu egitim, dogumdan zorunlu ilkokul egitimi y\u0131llar\u0131 aras\u0131nda yer alan okul \u00f6ncesi d\u00f6nem baglam\u0131nda ise ayr\u0131 bir anlam kazanmaktad\u0131r. Okul \u00f6ncesi y\u0131llar bilissel gelisim, duygusal ve sosyal gelisim, fiziksel gelisim, kisilik gelisimi ve dil gelisimi a\u00e7\u0131s\u0131ndan kritik d\u00f6nemleri bar\u0131nd\u0131rmaktad\u0131r. Dolay\u0131s\u0131yla bir \u00e7ocugun okul \u00f6ncesiegitim almas\u0131 tercihlere b\u0131rak\u0131labilecek basit bir se\u00e7im degildir. Ancak ne yaz\u0131k ki \u00fclkemizdeki t\u00fcm \u00e7ocuklar ilkokula baslamadan \u00f6nce okul \u00f6ncesi egitimden yararlanamamaktad\u0131r.Bu kitapta \u00fclkemizde okul \u00f6ncesi egitim alan ve almayan \u00e7ocuklar\u0131n gelisimsel olarak kars\u0131last\u0131r\u0131ld\u0131g\u0131 ve ulas\u0131labilen t\u00fcm bilimsel \u00e7al\u0131smalar incelenmis ve okul \u00f6ncesi egitimin etkisi bilimsel olarak g\u00f6z \u00f6n\u00fcne serilmeye \u00e7al\u0131s\u0131lm\u0131st\u0131r. Bu kapsamda 46842 bireyin toplam \u00f6rneklemi olusturdugu 115 bilimsel \u00e7al\u0131sma degerlendirmeye al\u0131nm\u0131st\u0131r. Incelenen bilimsel \u00e7al\u0131sma sonu\u00e7lar\u0131 okul \u00f6ncesi egitimin \u00e7ocuklar\u0131n t\u00fcm gelisim alanlar\u0131nda, \u00f6z-bak\u0131m becerilerinde ve hatta yarat\u0131c\u0131l\u0131k d\u00fczeylerinde olumlu y\u00f6nde etkili oldugunu ortayakoymaktad\u0131r. Bu y\u00f6n\u00fcyle kitap basta Milli Egitim ile Aile, \u00c7al\u0131sma ve Sosyal Hizmetler olmak \u00fczere Bakanl\u0131klar\u0131, yerel y\u00f6netimleri, sivil toplum ve meslek \u00f6rg\u00fctlerini, isadamlar\u0131n\u0131, egitim g\u00f6n\u00fcll\u00fclerini ve k\u0131saca \u201c\u00e7ocuklar gelecegimizdir\u201d diyen herkesi okul \u00f6ncesi egitimin zorunlu olmas\u0131 i\u00e7in g\u00f6reve davet etmektedir.<\/p>\n","protected":false},"excerpt":{"rendered":"<p>I\u00e7inde bulundugumuz y\u00fczy\u0131lda en \u00f6nemli yat\u0131r\u0131m\u0131n egitim oldugu genel bir kabuld\u00fcr. Bu kapsamda, egitim yoluyla gen\u00e7 kusaklara yat\u0131r\u0131m yap\u0131lmas\u0131 pek \u00e7ok gelismis \u00fclke i\u00e7in bir devlet<span class=\"excerpt-hellip\"> [\u2026]<\/span><\/p>\n","protected":false},"featured_media":0,"template":"","meta":{"_monsterinsights_skip_tracking":false,"_monsterinsights_sitenote_active":false,"_monsterinsights_sitenote_note":"","_monsterinsights_sitenote_category":0},"product_brand":[],"product_cat":[12573,12566],"product_tag":[],"class_list":{"0":"post-725352","1":"product","2":"type-product","3":"status-publish","5":"product_cat-akademik-kitaplar","6":"product_cat-egitim","7":"pa_cilt-ciltsiz","8":"pa_tur-kitap","9":"pa_yayinevi-egiten-kitap","10":"pa_yazar-ceyhun-ersan","12":"first","13":"instock","14":"sale","15":"shipping-taxable","16":"purchasable","17":"product-type-simple"},"_links":{"self":[{"href":"https:\/\/roveyayinevi.com.tr\/index.php\/wp-json\/wp\/v2\/product\/725352","targetHints":{"allow":["GET"]}}],"collection":[{"href":"https:\/\/roveyayinevi.com.tr\/index.php\/wp-json\/wp\/v2\/product"}],"about":[{"href":"https:\/\/roveyayinevi.com.tr\/index.php\/wp-json\/wp\/v2\/types\/product"}],"wp:attachment":[{"href":"https:\/\/roveyayinevi.com.tr\/index.php\/wp-json\/wp\/v2\/media?parent=725352"}],"wp:term":[{"taxonomy":"product_brand","embeddable":true,"href":"https:\/\/roveyayinevi.com.tr\/index.php\/wp-json\/wp\/v2\/product_brand?post=725352"},{"taxonomy":"product_cat","embeddable":true,"href":"https:\/\/roveyayinevi.com.tr\/index.php\/wp-json\/wp\/v2\/product_cat?post=725352"},{"taxonomy":"product_tag","embeddable":true,"href":"https:\/\/roveyayinevi.com.tr\/index.php\/wp-json\/wp\/v2\/product_tag?post=725352"}],"curies":[{"name":"wp","href":"https:\/\/api.w.org\/{rel}","templated":true}]}}