{"id":725350,"date":"2025-08-27T19:48:53","date_gmt":"2025-08-27T16:48:53","guid":{"rendered":"https:\/\/roveyayinevi.com.tr\/index.php\/urun\/kucuk-yazarlardan-buyuk-oykuler\/"},"modified":"2026-04-16T02:32:57","modified_gmt":"2026-04-15T23:32:57","slug":"kucuk-yazarlardan-buyuk-oykuler","status":"publish","type":"product","link":"https:\/\/roveyayinevi.com.tr\/index.php\/urun\/kucuk-yazarlardan-buyuk-oykuler\/","title":{"rendered":"K\u00fc\u00e7\u00fck Yazarlardan B\u00fcy\u00fck \u00d6yk\u00fcler"},"content":{"rendered":"<p>\u00d6\u011frencilerim; onlar birer hazine o kadar g\u00fczel d\u00fcnyalar\u0131 var ki bir elmas gibi p\u0131r\u0131l p\u0131r\u0131l.Onlar; kar tanelerine g\u00fclen y\u00fcz yapan en vah\u015fi hayvanlar\u0131 sevgi dolu s\u00f6zleriyle ikna edebilen sevdiklerini en g\u00fczel renklerle ve kocaman ifade eden tatl\u0131 kurnazl\u0131klar\u0131yla d\u00fcnyam\u0131z\u0131 zenginle\u015ftiren yanl\u0131\u015f yapt\u0131\u011f\u0131nda &#8220;\u0130\u00e7imden bir ses hata yapt\u0131\u011f\u0131m\u0131 s\u00f6yl\u00fcyor&#8221; diyecek kadar d\u00fcr\u00fcst olan sevgi dolu y\u00fcrekleriyle arkada\u015f\u0131n\u0131n \u00fcz\u00fcnt\u00fcs\u00fcn\u00fc payla\u015fan \u00e7abuk affedebilen arkada\u015f\u0131n\u0131 k\u0131rd\u0131\u011f\u0131 zaman daha fazla \u00fcz\u00fclen s\u0131rda\u015f olal\u0131m dedi\u011finde s\u0131rr\u0131n\u0131 sonuna kadar saklayan yard\u0131m istedi\u011finde ko\u015farak gelen d\u00fcnyan\u0131n en k\u0131ymetli m\u00fccehverleri. Onlarla d\u00fcnya daha da g\u00fczel.Bu Bak\u0131\u015f a\u00e7\u0131s\u0131yla \u00e7ok g\u00fczel \u00f6yk\u00fcler yazd\u0131lar.D\u00fcnyay\u0131 onlar\u0131n bak\u0131\u015flar\u0131yla bakal\u0131m. Eminim okurken y\u00fcz\u00fcn\u00fcze bir tebess\u00fcm bir s\u0131cakl\u0131k oturacak. Y\u00fcre\u011finiz sevgi ile dolacak.Onlar\u0131 parlak ve mutlu bir gelece\u011fin bekledi\u011fini biliyorum.Sizlere sevgi dolu s\u0131cac\u0131k \u00f6yk\u00fcler sunuyoruz.<\/p>\n","protected":false},"excerpt":{"rendered":"<p>\u00d6\u011frencilerim; onlar birer hazine o kadar g\u00fczel d\u00fcnyalar\u0131 var ki bir elmas gibi p\u0131r\u0131l p\u0131r\u0131l.Onlar; kar tanelerine g\u00fclen y\u00fcz yapan en vah\u015fi hayvanlar\u0131 sevgi dolu s\u00f6zleriyle<span class=\"excerpt-hellip\"> [\u2026]<\/span><\/p>\n","protected":false},"featured_media":0,"template":"","meta":{"_monsterinsights_skip_tracking":false,"_monsterinsights_sitenote_active":false,"_monsterinsights_sitenote_note":"","_monsterinsights_sitenote_category":0},"product_brand":[],"product_cat":[12291,12711],"product_tag":[],"class_list":{"0":"post-725350","1":"product","2":"type-product","3":"status-publish","5":"product_cat-edebiyat","6":"product_cat-roman-oyku","7":"pa_cilt-ciltsiz","8":"pa_tur-kitap","9":"pa_yayinevi-egiten-kitap","10":"pa_yazar-gulseren-guvenc","12":"first","13":"instock","14":"sale","15":"shipping-taxable","16":"purchasable","17":"product-type-simple"},"_links":{"self":[{"href":"https:\/\/roveyayinevi.com.tr\/index.php\/wp-json\/wp\/v2\/product\/725350","targetHints":{"allow":["GET"]}}],"collection":[{"href":"https:\/\/roveyayinevi.com.tr\/index.php\/wp-json\/wp\/v2\/product"}],"about":[{"href":"https:\/\/roveyayinevi.com.tr\/index.php\/wp-json\/wp\/v2\/types\/product"}],"wp:attachment":[{"href":"https:\/\/roveyayinevi.com.tr\/index.php\/wp-json\/wp\/v2\/media?parent=725350"}],"wp:term":[{"taxonomy":"product_brand","embeddable":true,"href":"https:\/\/roveyayinevi.com.tr\/index.php\/wp-json\/wp\/v2\/product_brand?post=725350"},{"taxonomy":"product_cat","embeddable":true,"href":"https:\/\/roveyayinevi.com.tr\/index.php\/wp-json\/wp\/v2\/product_cat?post=725350"},{"taxonomy":"product_tag","embeddable":true,"href":"https:\/\/roveyayinevi.com.tr\/index.php\/wp-json\/wp\/v2\/product_tag?post=725350"}],"curies":[{"name":"wp","href":"https:\/\/api.w.org\/{rel}","templated":true}]}}