{"id":725349,"date":"2025-08-27T19:48:52","date_gmt":"2025-08-27T16:48:52","guid":{"rendered":"https:\/\/roveyayinevi.com.tr\/index.php\/urun\/dunya-edebiyati-seti-3-kitap\/"},"modified":"2026-04-12T02:39:28","modified_gmt":"2026-04-11T23:39:28","slug":"dunya-edebiyati-seti-3-kitap","status":"publish","type":"product","link":"https:\/\/roveyayinevi.com.tr\/index.php\/urun\/dunya-edebiyati-seti-3-kitap\/","title":{"rendered":"D\u00fcnya Edebiyat\u0131 Seti (3 Kitap)"},"content":{"rendered":"<p>-G\u00f6kten Ku\u015f Ya\u011fd\u0131-Kule Saatindeki Kuzgun-Liseli Harriet\u2019\u0131n G\u00fcnl\u00fc\u011f\u00fcYeni \u0130nsan Yay\u0131nevi edebiyat okurlar\u0131na Kanada, Macaristan ve Yeni Zelanda Edebiyatlar\u0131ndan T\u00fcrk\u00e7eye kazand\u0131rd\u0131\u011f\u0131 \u00fc\u00e7 eserin bulundu\u011fu \u201cD\u00fcnya Edebiyat\u0131 Setini\u201d sunuyor.D\u00fcnya Edebiyat\u0131 Setinde \u00fc\u00e7 farkl\u0131 d\u00fcnya \u00fclkesinden T\u00fcrk\u00e7eye kazand\u0131rd\u0131\u011f\u0131m\u0131z \u00fc\u00e7 kitap bulunmakta. Bunlar; Kanada Edebiyat\u0131ndan Jocelyne Saucier\u2019in \u00f6d\u00fcll\u00fc eseri \u201cG\u00f6kten Ku\u015f Ya\u011fd\u0131\u201d, Yeni Zelanda Edebiyat\u0131ndan Harriet Rowland\u2019\u0131n \u201cLiseli Harriet\u2019\u0131n G\u00fcnl\u00fc\u011f\u00fc\u201d ve Macar Edebiyat\u0131ndan Kalman Csatho\u2019nun \u201cKule Saatindeki Kuzgun\u201d kitaplar\u0131.Kanada, Yeni Zelanda ve Macaristan\u2019dan \u00e7evirdi\u011fimiz kitaplar\u0131n edebiyat yelpazemizi geni\u015fletmesi ve ilham verici olmas\u0131 dile\u011fiyle, iyi okumalar.<\/p>\n","protected":false},"excerpt":{"rendered":"<p>-G\u00f6kten Ku\u015f Ya\u011fd\u0131-Kule Saatindeki Kuzgun-Liseli Harriet\u2019\u0131n G\u00fcnl\u00fc\u011f\u00fcYeni \u0130nsan Yay\u0131nevi edebiyat okurlar\u0131na Kanada, Macaristan ve Yeni Zelanda Edebiyatlar\u0131ndan T\u00fcrk\u00e7eye kazand\u0131rd\u0131\u011f\u0131 \u00fc\u00e7 eserin bulundu\u011fu \u201cD\u00fcnya Edebiyat\u0131 Setini\u201d sunuyor.D\u00fcnya<span class=\"excerpt-hellip\"> [\u2026]<\/span><\/p>\n","protected":false},"featured_media":0,"template":"","meta":{"_monsterinsights_skip_tracking":false,"_monsterinsights_sitenote_active":false,"_monsterinsights_sitenote_note":"","_monsterinsights_sitenote_category":0},"product_brand":[],"product_cat":[12291,12711],"product_tag":[],"class_list":{"0":"post-725349","1":"product","2":"type-product","3":"status-publish","5":"product_cat-edebiyat","6":"product_cat-roman-oyku","7":"pa_cilt-ciltsiz","8":"pa_tur-kitap","9":"pa_yayinevi-yeni-insan-yayinlari","10":"pa_yazar-kolektif","12":"first","13":"instock","14":"sale","15":"shipping-taxable","16":"purchasable","17":"product-type-simple"},"_links":{"self":[{"href":"https:\/\/roveyayinevi.com.tr\/index.php\/wp-json\/wp\/v2\/product\/725349","targetHints":{"allow":["GET"]}}],"collection":[{"href":"https:\/\/roveyayinevi.com.tr\/index.php\/wp-json\/wp\/v2\/product"}],"about":[{"href":"https:\/\/roveyayinevi.com.tr\/index.php\/wp-json\/wp\/v2\/types\/product"}],"wp:attachment":[{"href":"https:\/\/roveyayinevi.com.tr\/index.php\/wp-json\/wp\/v2\/media?parent=725349"}],"wp:term":[{"taxonomy":"product_brand","embeddable":true,"href":"https:\/\/roveyayinevi.com.tr\/index.php\/wp-json\/wp\/v2\/product_brand?post=725349"},{"taxonomy":"product_cat","embeddable":true,"href":"https:\/\/roveyayinevi.com.tr\/index.php\/wp-json\/wp\/v2\/product_cat?post=725349"},{"taxonomy":"product_tag","embeddable":true,"href":"https:\/\/roveyayinevi.com.tr\/index.php\/wp-json\/wp\/v2\/product_tag?post=725349"}],"curies":[{"name":"wp","href":"https:\/\/api.w.org\/{rel}","templated":true}]}}