{"id":725348,"date":"2025-08-27T19:48:51","date_gmt":"2025-08-27T16:48:51","guid":{"rendered":"https:\/\/roveyayinevi.com.tr\/index.php\/urun\/her-yuce-duruma-asamaya-ve-duraga-cennet-dendigini-bilesin-seyh-bedreddin\/"},"modified":"2026-04-16T02:32:57","modified_gmt":"2026-04-15T23:32:57","slug":"her-yuce-duruma-asamaya-ve-duraga-cennet-dendigini-bilesin-seyh-bedreddin","status":"publish","type":"product","link":"https:\/\/roveyayinevi.com.tr\/index.php\/urun\/her-yuce-duruma-asamaya-ve-duraga-cennet-dendigini-bilesin-seyh-bedreddin\/","title":{"rendered":"Her Y\u00fcce Duruma, A\u015famaya ve Dura\u011fa Cennet Dendi\u011fini Bilesin \/ \u015eeyh Bedreddin"},"content":{"rendered":"<p>\u201cBilgisiyle i\u015f g\u00f6rmeyen bilgin, cahil say\u0131l\u0131r!\u201dO, tarihe \u201c\u015eeyh Bedreddin \u0130syan\u0131\u201d ad\u0131yla ge\u00e7mi\u015f bir dini ve siyasi ayaklanman\u0131n lideri&#8230; Bir Osmanl\u0131 mutasavv\u0131f\u0131, filozof ve kazasker&#8230;\u015eeyh Bedreddin kurulu d\u00fczene kar\u015f\u0131 gelen ve tanr\u0131lardan ate\u015fi \u00e7al\u0131p insanlara veren Prometheus gibi bir yar\u0131 tanr\u0131yd\u0131. Prometheus iktidar\u0131n g\u00fcc\u00fc olan ate\u015fi insanlara vererek sarsm\u0131\u015ft\u0131 tanr\u0131lar\u0131n d\u00fczenini. \u015eeyh Bedreddin ise \u201ci\u015ftirak\u00e7i\u201d yeni bir d\u00fczen kurmakla y\u0131km\u0131\u015ft\u0131 otoritesini tiranlar\u0131n.\u015eeyh Bedreddin\u2019in, adalet m\u00fccadelesiyle \u00f6l\u00fc topraklar \u00fczerinde ye\u015fertti\u011fi umut, sonras\u0131nda zalimce kana bulansa da, tarihler boyunca cesaret ve eylem ate\u015fi \u00e7akt\u0131rmaya devam etti kendinden sonra gelenlere&#8230;<\/p>\n","protected":false},"excerpt":{"rendered":"<p>\u201cBilgisiyle i\u015f g\u00f6rmeyen bilgin, cahil say\u0131l\u0131r!\u201dO, tarihe \u201c\u015eeyh Bedreddin \u0130syan\u0131\u201d ad\u0131yla ge\u00e7mi\u015f bir dini ve siyasi ayaklanman\u0131n lideri&#8230; Bir Osmanl\u0131 mutasavv\u0131f\u0131, filozof ve kazasker&#8230;\u015eeyh Bedreddin kurulu<span class=\"excerpt-hellip\"> [\u2026]<\/span><\/p>\n","protected":false},"featured_media":0,"template":"","meta":{"_monsterinsights_skip_tracking":false,"_monsterinsights_sitenote_active":false,"_monsterinsights_sitenote_note":"","_monsterinsights_sitenote_category":0},"product_brand":[],"product_cat":[14009,12291],"product_tag":[],"class_list":{"0":"post-725348","1":"product","2":"type-product","3":"status-publish","5":"product_cat-biyografi-otobiyografi-edebiyat","6":"product_cat-edebiyat","7":"pa_cilt-ciltsiz","8":"pa_tur-kitap","9":"pa_yayinevi-destek-yayinlari","10":"pa_yazar-kemal-derin","12":"first","13":"instock","14":"sale","15":"shipping-taxable","16":"purchasable","17":"product-type-simple"},"_links":{"self":[{"href":"https:\/\/roveyayinevi.com.tr\/index.php\/wp-json\/wp\/v2\/product\/725348","targetHints":{"allow":["GET"]}}],"collection":[{"href":"https:\/\/roveyayinevi.com.tr\/index.php\/wp-json\/wp\/v2\/product"}],"about":[{"href":"https:\/\/roveyayinevi.com.tr\/index.php\/wp-json\/wp\/v2\/types\/product"}],"wp:attachment":[{"href":"https:\/\/roveyayinevi.com.tr\/index.php\/wp-json\/wp\/v2\/media?parent=725348"}],"wp:term":[{"taxonomy":"product_brand","embeddable":true,"href":"https:\/\/roveyayinevi.com.tr\/index.php\/wp-json\/wp\/v2\/product_brand?post=725348"},{"taxonomy":"product_cat","embeddable":true,"href":"https:\/\/roveyayinevi.com.tr\/index.php\/wp-json\/wp\/v2\/product_cat?post=725348"},{"taxonomy":"product_tag","embeddable":true,"href":"https:\/\/roveyayinevi.com.tr\/index.php\/wp-json\/wp\/v2\/product_tag?post=725348"}],"curies":[{"name":"wp","href":"https:\/\/api.w.org\/{rel}","templated":true}]}}