{"id":725346,"date":"2025-08-27T19:48:50","date_gmt":"2025-08-27T16:48:50","guid":{"rendered":"https:\/\/roveyayinevi.com.tr\/index.php\/urun\/dunyayi-kucuk-karabaliklar-kurtaracak-samed-behrengi-cep-boy\/"},"modified":"2026-04-16T02:32:57","modified_gmt":"2026-04-15T23:32:57","slug":"dunyayi-kucuk-karabaliklar-kurtaracak-samed-behrengi-cep-boy","status":"publish","type":"product","link":"https:\/\/roveyayinevi.com.tr\/index.php\/urun\/dunyayi-kucuk-karabaliklar-kurtaracak-samed-behrengi-cep-boy\/","title":{"rendered":"D\u00fcnyay\u0131 K\u00fc\u00e7\u00fck Karabal\u0131klar Kurtaracak -Samed Behrengi Cep Boy"},"content":{"rendered":"<p>\u201cArt\u0131k \u00f6l\u00fcm korkutmuyor beni, ama hayattayken de onu arayacak de\u011filim. \u00d6l\u00fcmle kar\u015f\u0131 kar\u015f\u0131ya gelince \u2013ki bu s\u0131k s\u0131k oluyor\u2013 ka\u00e7\u0131n\u0131lmaz bir ger\u00e7ekle y\u00fcz y\u00fcze gelece\u011fim. Ama \u00f6nemli olan bu de\u011fil, \u00f6nemli olan, benim ya\u015fam\u0131m\u0131n ya da \u00f6l\u00fcm\u00fcm\u00fcn ba\u015fkalar\u0131 \u00fczerinde b\u0131rakt\u0131\u011f\u0131 etkidir.\u201dSamed Behrengi, Tebriz\u2019in yoksul bir mahallesinde, bir i\u015f\u00e7i ailesinin d\u00f6rd\u00fcnc\u00fc \u00e7ocu\u011fu olarak geldi d\u00fcnyaya&#8230; Sadece yirmi dokuz y\u0131l ya\u015fad\u0131 ama bu k\u0131sac\u0131k hayat\u0131n\u0131n i\u00e7ine hem yoksullu\u011fun bir kader olmad\u0131\u011f\u0131 ba\u015fkald\u0131r\u0131s\u0131yla onurlu bir e\u015fitlik m\u00fccadelesi s\u0131\u011fd\u0131rd\u0131 hem de say\u0131s\u0131z masal, derleme, \u00e7eviri ve makale b\u0131rakt\u0131 arkas\u0131nda.Ekme\u011fin, haklar\u0131n ve adaletin herkese e\u015fit\u00e7e da\u011f\u0131t\u0131ld\u0131\u011f\u0131 ba\u015fka bir d\u00fcnyan\u0131n m\u00fcmk\u00fcn olabilece\u011fini var g\u00fcc\u00fcyle hayk\u0131ran, gelece\u011fe \u00fcmitli \u00e7ocuklar yeti\u015ftirebilmeye kendini adayan bir \u00f6\u011fretmen, ayd\u0131n ve edebiyat\u00e7\u0131yd\u0131 da ayn\u0131 zamanda.D\u00fcnyay\u0131 de\u011fi\u015ftirecek K\u00fc\u00e7\u00fck Karabal\u0131k\u2019lar\u0131 yeti\u015ftirmek u\u011fruna hayat\u0131n\u0131 bile feda etmekten \u00e7ekinmedi.Bu kitap bir K\u00fc\u00e7\u00fck Karabal\u0131k olup d\u00fcnyay\u0131 de\u011fi\u015ftirmeyi g\u00f6ze alabilenlere adanm\u0131\u015ft\u0131r.<\/p>\n","protected":false},"excerpt":{"rendered":"<p>\u201cArt\u0131k \u00f6l\u00fcm korkutmuyor beni, ama hayattayken de onu arayacak de\u011filim. \u00d6l\u00fcmle kar\u015f\u0131 kar\u015f\u0131ya gelince \u2013ki bu s\u0131k s\u0131k oluyor\u2013 ka\u00e7\u0131n\u0131lmaz bir ger\u00e7ekle y\u00fcz y\u00fcze gelece\u011fim. Ama<span class=\"excerpt-hellip\"> [\u2026]<\/span><\/p>\n","protected":false},"featured_media":0,"template":"","meta":{"_monsterinsights_skip_tracking":false,"_monsterinsights_sitenote_active":false,"_monsterinsights_sitenote_note":"","_monsterinsights_sitenote_category":0},"product_brand":[],"product_cat":[14009,12291],"product_tag":[],"class_list":{"0":"post-725346","1":"product","2":"type-product","3":"status-publish","5":"product_cat-biyografi-otobiyografi-edebiyat","6":"product_cat-edebiyat","7":"pa_cilt-ciltsiz","8":"pa_tur-kitap","9":"pa_yayinevi-destek-yayinlari","10":"pa_yazar-sule-aksun","12":"first","13":"instock","14":"sale","15":"shipping-taxable","16":"purchasable","17":"product-type-simple"},"_links":{"self":[{"href":"https:\/\/roveyayinevi.com.tr\/index.php\/wp-json\/wp\/v2\/product\/725346","targetHints":{"allow":["GET"]}}],"collection":[{"href":"https:\/\/roveyayinevi.com.tr\/index.php\/wp-json\/wp\/v2\/product"}],"about":[{"href":"https:\/\/roveyayinevi.com.tr\/index.php\/wp-json\/wp\/v2\/types\/product"}],"wp:attachment":[{"href":"https:\/\/roveyayinevi.com.tr\/index.php\/wp-json\/wp\/v2\/media?parent=725346"}],"wp:term":[{"taxonomy":"product_brand","embeddable":true,"href":"https:\/\/roveyayinevi.com.tr\/index.php\/wp-json\/wp\/v2\/product_brand?post=725346"},{"taxonomy":"product_cat","embeddable":true,"href":"https:\/\/roveyayinevi.com.tr\/index.php\/wp-json\/wp\/v2\/product_cat?post=725346"},{"taxonomy":"product_tag","embeddable":true,"href":"https:\/\/roveyayinevi.com.tr\/index.php\/wp-json\/wp\/v2\/product_tag?post=725346"}],"curies":[{"name":"wp","href":"https:\/\/api.w.org\/{rel}","templated":true}]}}