{"id":725345,"date":"2025-08-27T19:48:49","date_gmt":"2025-08-27T16:48:49","guid":{"rendered":"https:\/\/roveyayinevi.com.tr\/index.php\/urun\/milli-istihbarat\/"},"modified":"2025-11-07T06:08:45","modified_gmt":"2025-11-07T03:08:45","slug":"milli-istihbarat","status":"publish","type":"product","link":"https:\/\/roveyayinevi.com.tr\/index.php\/urun\/milli-istihbarat\/","title":{"rendered":"Milli \u0130stihbarat"},"content":{"rendered":"<p>B\u00fcy\u00fck devlet olabilmenin \u015fartlar\u0131ndan birisi de devletin varl\u0131\u011f\u0131na y\u00f6nelik g\u00f6zle g\u00f6r\u00fclemeyen, gizli ve derinden hareket eden tehditlere kar\u015f\u0131 \u00f6nceden haberdar olabilmektir. Bunun \u00f6nemini kavrayan devletler, sahip olduklar\u0131 savunma refleksleriyle gerekli m\u00fcdahaleyi yaparak tehdidi ortadan kald\u0131r\u0131rlar. Bu refleksleri besleyen ana damar, her \u015feyden haber almaya ba\u011fl\u0131 geli\u015fen bilginin i\u015flenmesidir. Bilgi ne kadar do\u011fru i\u015flenirse devlet kendi varl\u0131\u011f\u0131n\u0131 o kadar g\u00fc\u00e7l\u00fc hisseder. Haber alma ekseninde bilginin do\u011fru y\u00f6ntemlerle i\u015flenmesine \u00f6nem veren devletler, tarihin her d\u00f6neminde g\u00fc\u00e7l\u00fc istihbarat te\u015fkilatlar\u0131na sahip olmu\u015flard\u0131r. \u0130\u015fte bu kitap, 2500 y\u0131ll\u0131k devlet gelene\u011fine sahip olan T\u00fcrklerin, kurduklar\u0131 ilk devletlerden g\u00fcn\u00fcm\u00fcze, \u201cmill\u00ee istihbarat\u201d olgusunu nas\u0131l geli\u015ftirdiklerini, istihbarat\u0131 toplamak, de\u011ferlendirmek ve neticelendirmek ad\u0131na hangi y\u00f6ntemleri kulland\u0131klar\u0131n\u0131 tarihsel s\u00fcre\u00e7te ele almaktad\u0131r. T\u00fcrk devlet gelene\u011finden do\u011fan istihbarat yap\u0131s\u0131n\u0131n geli\u015fimine yak\u0131ndan bakan bu \u00e7al\u0131\u015fma, T\u00fcrk istihbarat sistemine ilgi duyan herkese nereden ba\u015flanaca\u011f\u0131na dair ipu\u00e7lar\u0131 vermektedir.<\/p>\n","protected":false},"excerpt":{"rendered":"<p>B\u00fcy\u00fck devlet olabilmenin \u015fartlar\u0131ndan birisi de devletin varl\u0131\u011f\u0131na y\u00f6nelik g\u00f6zle g\u00f6r\u00fclemeyen, gizli ve derinden hareket eden tehditlere kar\u015f\u0131 \u00f6nceden haberdar olabilmektir. Bunun \u00f6nemini kavrayan devletler, sahip<span class=\"excerpt-hellip\"> [\u2026]<\/span><\/p>\n","protected":false},"featured_media":0,"template":"","meta":{"_monsterinsights_skip_tracking":false,"_monsterinsights_sitenote_active":false,"_monsterinsights_sitenote_note":"","_monsterinsights_sitenote_category":0},"product_brand":[],"product_cat":[13590,12337],"product_tag":[],"class_list":{"0":"post-725345","1":"product","2":"type-product","3":"status-publish","5":"product_cat-arastirma-inceleme-politika-siyaset","6":"product_cat-politika-siyaset","7":"pa_cilt-ciltsiz","8":"pa_tur-kitap","9":"pa_yayinevi-kripto-basim-yayin","10":"pa_yazar-bora-iyiat","12":"first","13":"instock","14":"sale","15":"shipping-taxable","16":"purchasable","17":"product-type-simple"},"_links":{"self":[{"href":"https:\/\/roveyayinevi.com.tr\/index.php\/wp-json\/wp\/v2\/product\/725345","targetHints":{"allow":["GET"]}}],"collection":[{"href":"https:\/\/roveyayinevi.com.tr\/index.php\/wp-json\/wp\/v2\/product"}],"about":[{"href":"https:\/\/roveyayinevi.com.tr\/index.php\/wp-json\/wp\/v2\/types\/product"}],"wp:attachment":[{"href":"https:\/\/roveyayinevi.com.tr\/index.php\/wp-json\/wp\/v2\/media?parent=725345"}],"wp:term":[{"taxonomy":"product_brand","embeddable":true,"href":"https:\/\/roveyayinevi.com.tr\/index.php\/wp-json\/wp\/v2\/product_brand?post=725345"},{"taxonomy":"product_cat","embeddable":true,"href":"https:\/\/roveyayinevi.com.tr\/index.php\/wp-json\/wp\/v2\/product_cat?post=725345"},{"taxonomy":"product_tag","embeddable":true,"href":"https:\/\/roveyayinevi.com.tr\/index.php\/wp-json\/wp\/v2\/product_tag?post=725345"}],"curies":[{"name":"wp","href":"https:\/\/api.w.org\/{rel}","templated":true}]}}