{"id":725344,"date":"2025-08-27T19:48:48","date_gmt":"2025-08-27T16:48:48","guid":{"rendered":"https:\/\/roveyayinevi.com.tr\/index.php\/urun\/is-dunyamizi-altust-eden-dijital-trendler\/"},"modified":"2026-04-16T02:32:57","modified_gmt":"2026-04-15T23:32:57","slug":"is-dunyamizi-altust-eden-dijital-trendler","status":"publish","type":"product","link":"https:\/\/roveyayinevi.com.tr\/index.php\/urun\/is-dunyamizi-altust-eden-dijital-trendler\/","title":{"rendered":"\u0130\u015f D\u00fcnyam\u0131z\u0131 Alt\u00fcst Eden Dijital Trendler"},"content":{"rendered":"<p>Son on y\u0131la d\u00f6n\u00fcp bakt\u0131\u011f\u0131m\u0131zda teknolojiyle birlikte hayat\u0131m\u0131zda ne kadar \u00e7ok de\u011fi\u015fim ya\u015fad\u0131\u011f\u0131m\u0131z\u0131 ve bir\u00e7ok deneyimin ne denli dijitalle\u015fti\u011fini g\u00f6r\u00fcyoruz. Dijital uygulamalarla bu denli i\u00e7 i\u00e7eyiz fakat bunlar\u0131n ortaya \u00e7\u0131kmas\u0131n\u0131 sa\u011flayan yenilik\u00e7i teknolojilerden ve yarat\u0131c\u0131 i\u015f modellerinden ne kadar haberdar\u0131z? Medyada yapay zek\u00e2, blockchain, nesnelerin interneti gibi ad\u0131n\u0131 s\u0131k\u00e7a duydu\u011fumuz teknolojiler hayat\u0131m\u0131z\u0131 nas\u0131l etkiliyor? Giri\u015fimcilik ve start-up kavramlar\u0131 neden bu kadar pop\u00fcler? Biz de bu dijital d\u00fcnyada t\u00fcketici rol\u00fcnden \u00fcretici rol\u00fcne ge\u00e7ebilir miyiz? \u0130\u015fte bu ve buna benzer sorular\u0131n cevaplar\u0131n\u0131 bu kitapta tart\u0131\u015faca\u011f\u0131z. Farkl\u0131 teknolojilerden, sekt\u00f6rlerden ve i\u015f modellerinden \u00f6rnekler vererek dijital d\u00fcnyay\u0131 birlikte ke\u015ffe \u00e7\u0131kaca\u011f\u0131z. Gerek sosyal ya\u015fant\u0131m\u0131zda gerekse i\u015f hayat\u0131m\u0131zda bu teknolojilerin hem yans\u0131malar\u0131n\u0131 daha iyi anlayaca\u011f\u0131z hem de bunlardan yararlanarak daha g\u00fczel bir gelece\u011fi nas\u0131l tasarlayabilece\u011fimiz konusunda fikirler geli\u015ftirece\u011fiz.<\/p>\n","protected":false},"excerpt":{"rendered":"<p>Son on y\u0131la d\u00f6n\u00fcp bakt\u0131\u011f\u0131m\u0131zda teknolojiyle birlikte hayat\u0131m\u0131zda ne kadar \u00e7ok de\u011fi\u015fim ya\u015fad\u0131\u011f\u0131m\u0131z\u0131 ve bir\u00e7ok deneyimin ne denli dijitalle\u015fti\u011fini g\u00f6r\u00fcyoruz. Dijital uygulamalarla bu denli i\u00e7 i\u00e7eyiz<span class=\"excerpt-hellip\"> [\u2026]<\/span><\/p>\n","protected":false},"featured_media":0,"template":"","meta":{"_monsterinsights_skip_tracking":false,"_monsterinsights_sitenote_active":false,"_monsterinsights_sitenote_note":"","_monsterinsights_sitenote_category":0},"product_brand":[],"product_cat":[13043,17647],"product_tag":[],"class_list":{"0":"post-725344","1":"product","2":"type-product","3":"status-publish","5":"product_cat-ekonomi","6":"product_cat-is-dunyasi","7":"pa_cilt-ciltsiz","8":"pa_tur-kitap","9":"pa_yayinevi-the-kitap","10":"pa_yazar-serafettin-ozsoy","12":"first","13":"instock","14":"sale","15":"shipping-taxable","16":"purchasable","17":"product-type-simple"},"_links":{"self":[{"href":"https:\/\/roveyayinevi.com.tr\/index.php\/wp-json\/wp\/v2\/product\/725344","targetHints":{"allow":["GET"]}}],"collection":[{"href":"https:\/\/roveyayinevi.com.tr\/index.php\/wp-json\/wp\/v2\/product"}],"about":[{"href":"https:\/\/roveyayinevi.com.tr\/index.php\/wp-json\/wp\/v2\/types\/product"}],"wp:attachment":[{"href":"https:\/\/roveyayinevi.com.tr\/index.php\/wp-json\/wp\/v2\/media?parent=725344"}],"wp:term":[{"taxonomy":"product_brand","embeddable":true,"href":"https:\/\/roveyayinevi.com.tr\/index.php\/wp-json\/wp\/v2\/product_brand?post=725344"},{"taxonomy":"product_cat","embeddable":true,"href":"https:\/\/roveyayinevi.com.tr\/index.php\/wp-json\/wp\/v2\/product_cat?post=725344"},{"taxonomy":"product_tag","embeddable":true,"href":"https:\/\/roveyayinevi.com.tr\/index.php\/wp-json\/wp\/v2\/product_tag?post=725344"}],"curies":[{"name":"wp","href":"https:\/\/api.w.org\/{rel}","templated":true}]}}