{"id":725342,"date":"2025-08-27T19:48:47","date_gmt":"2025-08-27T16:48:47","guid":{"rendered":"https:\/\/roveyayinevi.com.tr\/index.php\/urun\/samanlarin-bilgeligi\/"},"modified":"2026-04-16T02:32:57","modified_gmt":"2026-04-15T23:32:57","slug":"samanlarin-bilgeligi","status":"publish","type":"product","link":"https:\/\/roveyayinevi.com.tr\/index.php\/urun\/samanlarin-bilgeligi\/","title":{"rendered":"\u015eamanlar\u0131n Bilgeli\u011fi"},"content":{"rendered":"<p>Kadim ustalar\u0131n bilgeli\u011fi kesinlikle ilkel bir olgu de\u011fildi ve sadece erkekler i\u00e7in korunmam\u0131\u015ft\u0131. Bu, t\u00fcm insanl\u0131\u011f\u0131n kullanabilece\u011fi g\u00fc\u00e7l\u00fc bir \u00f6\u011fretiler serisiydi. Uyanman\u0131n, kendi ki\u015fisel \u00f6zg\u00fcrl\u00fc\u011f\u00fcn\u00fcz\u00fc bulman\u0131n, bar\u0131\u015f ve uyum i\u00e7inde ya\u015faman\u0131n, ba\u015fkalar\u0131na ve gezegene hizmet etmenin bilgeli\u011fiydi. Basit\u00e7e, sevginin ve ya\u015fam\u0131n bilgeli\u011fi. Bu bilgelik sizin de i\u00e7inizde ve bu kitap onu bulman\u0131za yard\u0131mc\u0131 olacak bir rehberdir.\ufffcTan\u0131t\u0131m Metni<\/p>\n","protected":false},"excerpt":{"rendered":"<p>Kadim ustalar\u0131n bilgeli\u011fi kesinlikle ilkel bir olgu de\u011fildi ve sadece erkekler i\u00e7in korunmam\u0131\u015ft\u0131. Bu, t\u00fcm insanl\u0131\u011f\u0131n kullanabilece\u011fi g\u00fc\u00e7l\u00fc bir \u00f6\u011fretiler serisiydi. Uyanman\u0131n, kendi ki\u015fisel \u00f6zg\u00fcrl\u00fc\u011f\u00fcn\u00fcz\u00fc bulman\u0131n,<span class=\"excerpt-hellip\"> [\u2026]<\/span><\/p>\n","protected":false},"featured_media":0,"template":"","meta":{"_monsterinsights_skip_tracking":false,"_monsterinsights_sitenote_active":false,"_monsterinsights_sitenote_note":"","_monsterinsights_sitenote_category":0},"product_brand":[],"product_cat":[12364,12376],"product_tag":[],"class_list":{"0":"post-725342","1":"product","2":"type-product","3":"status-publish","5":"product_cat-genel-konular","6":"product_cat-kisisel-gelisim","7":"pa_cilt-ciltsiz","8":"pa_tur-kitap","9":"pa_yayinevi-butik-yayinlari","10":"pa_yazar-don-jose-ruiz","12":"first","13":"instock","14":"sale","15":"shipping-taxable","16":"purchasable","17":"product-type-simple"},"_links":{"self":[{"href":"https:\/\/roveyayinevi.com.tr\/index.php\/wp-json\/wp\/v2\/product\/725342","targetHints":{"allow":["GET"]}}],"collection":[{"href":"https:\/\/roveyayinevi.com.tr\/index.php\/wp-json\/wp\/v2\/product"}],"about":[{"href":"https:\/\/roveyayinevi.com.tr\/index.php\/wp-json\/wp\/v2\/types\/product"}],"wp:attachment":[{"href":"https:\/\/roveyayinevi.com.tr\/index.php\/wp-json\/wp\/v2\/media?parent=725342"}],"wp:term":[{"taxonomy":"product_brand","embeddable":true,"href":"https:\/\/roveyayinevi.com.tr\/index.php\/wp-json\/wp\/v2\/product_brand?post=725342"},{"taxonomy":"product_cat","embeddable":true,"href":"https:\/\/roveyayinevi.com.tr\/index.php\/wp-json\/wp\/v2\/product_cat?post=725342"},{"taxonomy":"product_tag","embeddable":true,"href":"https:\/\/roveyayinevi.com.tr\/index.php\/wp-json\/wp\/v2\/product_tag?post=725342"}],"curies":[{"name":"wp","href":"https:\/\/api.w.org\/{rel}","templated":true}]}}