{"id":725341,"date":"2025-08-27T19:48:46","date_gmt":"2025-08-27T16:48:46","guid":{"rendered":"https:\/\/roveyayinevi.com.tr\/index.php\/urun\/samanin-sifa-cantasi\/"},"modified":"2026-04-16T02:32:57","modified_gmt":"2026-04-15T23:32:57","slug":"samanin-sifa-cantasi","status":"publish","type":"product","link":"https:\/\/roveyayinevi.com.tr\/index.php\/urun\/samanin-sifa-cantasi\/","title":{"rendered":"\u015eaman\u0131n \u015eifa \u00c7antas\u0131"},"content":{"rendered":"<p>\u015eamanizm\u2019in ana ilkelerinden biri, seremoninin fiziksel d\u00fcnyada de\u011fi\u015fim yaratabilme g\u00fcc\u00fcne inanmakt\u0131r. Neredeyse t\u00fcm \u015famanik gelenekler, ki\u015fisel d\u00f6n\u00fc\u015f\u00fcm, \u015fifa ve kutlama ara\u00e7lar\u0131 olarak \u00e7e\u015fitli rit\u00fcel uygulamalar\u0131 kullan\u0131r.Elinizdeki bu heyecan verici kitapta, Toltek \u015eaman ve New York Times\u2019\u0131n en \u00e7ok satan yazar\u0131 Don Jose Ruiz, bu \u015famanik rit\u00fcel ve seremonilerin zenginli\u011fini tan\u0131t\u0131yor, a\u00e7\u0131kl\u0131yor ve bunlar\u0131 kendi ba\u015f\u0131n\u0131za uygulayabilmeniz i\u00e7in ayr\u0131nt\u0131l\u0131 bir rehber sunuyor.<\/p>\n","protected":false},"excerpt":{"rendered":"<p>\u015eamanizm\u2019in ana ilkelerinden biri, seremoninin fiziksel d\u00fcnyada de\u011fi\u015fim yaratabilme g\u00fcc\u00fcne inanmakt\u0131r. Neredeyse t\u00fcm \u015famanik gelenekler, ki\u015fisel d\u00f6n\u00fc\u015f\u00fcm, \u015fifa ve kutlama ara\u00e7lar\u0131 olarak \u00e7e\u015fitli rit\u00fcel uygulamalar\u0131 kullan\u0131r.Elinizdeki<span class=\"excerpt-hellip\"> [\u2026]<\/span><\/p>\n","protected":false},"featured_media":0,"template":"","meta":{"_monsterinsights_skip_tracking":false,"_monsterinsights_sitenote_active":false,"_monsterinsights_sitenote_note":"","_monsterinsights_sitenote_category":0},"product_brand":[],"product_cat":[12364,12376],"product_tag":[],"class_list":{"0":"post-725341","1":"product","2":"type-product","3":"status-publish","5":"product_cat-genel-konular","6":"product_cat-kisisel-gelisim","7":"pa_cilt-ciltsiz","8":"pa_tur-kitap","9":"pa_yayinevi-butik-yayinlari","10":"pa_yazar-don-jose-ruiz","12":"first","13":"instock","14":"sale","15":"shipping-taxable","16":"purchasable","17":"product-type-simple"},"_links":{"self":[{"href":"https:\/\/roveyayinevi.com.tr\/index.php\/wp-json\/wp\/v2\/product\/725341","targetHints":{"allow":["GET"]}}],"collection":[{"href":"https:\/\/roveyayinevi.com.tr\/index.php\/wp-json\/wp\/v2\/product"}],"about":[{"href":"https:\/\/roveyayinevi.com.tr\/index.php\/wp-json\/wp\/v2\/types\/product"}],"wp:attachment":[{"href":"https:\/\/roveyayinevi.com.tr\/index.php\/wp-json\/wp\/v2\/media?parent=725341"}],"wp:term":[{"taxonomy":"product_brand","embeddable":true,"href":"https:\/\/roveyayinevi.com.tr\/index.php\/wp-json\/wp\/v2\/product_brand?post=725341"},{"taxonomy":"product_cat","embeddable":true,"href":"https:\/\/roveyayinevi.com.tr\/index.php\/wp-json\/wp\/v2\/product_cat?post=725341"},{"taxonomy":"product_tag","embeddable":true,"href":"https:\/\/roveyayinevi.com.tr\/index.php\/wp-json\/wp\/v2\/product_tag?post=725341"}],"curies":[{"name":"wp","href":"https:\/\/api.w.org\/{rel}","templated":true}]}}