{"id":725334,"date":"2025-08-27T19:48:41","date_gmt":"2025-08-27T16:48:41","guid":{"rendered":"https:\/\/roveyayinevi.com.tr\/index.php\/urun\/manna\/"},"modified":"2026-04-16T02:32:56","modified_gmt":"2026-04-15T23:32:56","slug":"manna","status":"publish","type":"product","link":"https:\/\/roveyayinevi.com.tr\/index.php\/urun\/manna\/","title":{"rendered":"Manna"},"content":{"rendered":"<p>Ge\u00e7mi\u015fi insanl\u0131k tarihi kadar eski, i\u00e7ene ola\u011fan\u00fcst\u00fc kudretler kazand\u0131rd\u0131\u011f\u0131na inan\u0131lan bir iksir: Manna.Hayat\u0131 bir e\u011flence sayan, tek derdi babas\u0131yla girdi\u011fi m\u00fcnaka\u015falar olan, m\u00fcstakbel bir kimya m\u00fchendisi: \u00d6zg\u00fcr Alt\u0131nak.Bu ikisinin bir araya geli\u015fi; Alt\u0131nak ailesinin b\u00fcy\u00fck s\u0131rr\u0131n\u0131, ila\u00e7 sanayinin karanl\u0131k y\u00fcz\u00fcn\u00fc, g\u00fcn\u00fcm\u00fczde pandemik bir h\u00e2l alm\u0131\u015f yeni tip koronavir\u00fcs hakk\u0131ndaki teorileri ve belki de t\u00fcm insanl\u0131\u011f\u0131n kaderini tayin edecek ac\u0131mas\u0131z bir plan\u0131 g\u00fcn y\u00fcz\u00fcne \u00e7\u0131karacak.Sakin ve s\u0131radan bir hayat s\u00fcren \u00d6zg\u00fcr\u2019\u00fcn, Manna ile yollar\u0131n\u0131n kesi\u015fmesi neticesinde de\u011fi\u015fen hayat\u0131n\u0131n onu s\u00fcr\u00fckledi\u011fi ser\u00fcvende, \u00e7evirdi\u011finiz her sayfa, sizi ola\u011fan g\u00f6rd\u00fc\u011f\u00fcn\u00fcz olgular\u0131 d\u00e2hi sorgulamaya itecek.Daha \u00f6nce mizahi y\u00f6n\u00fc ile tan\u0131d\u0131\u011f\u0131n\u0131z Murat Sakao\u011flu, bu kitapta size karanl\u0131k bir d\u00fcnyan\u0131n kap\u0131lar\u0131n\u0131 aral\u0131yor<\/p>\n","protected":false},"excerpt":{"rendered":"<p>Ge\u00e7mi\u015fi insanl\u0131k tarihi kadar eski, i\u00e7ene ola\u011fan\u00fcst\u00fc kudretler kazand\u0131rd\u0131\u011f\u0131na inan\u0131lan bir iksir: Manna.Hayat\u0131 bir e\u011flence sayan, tek derdi babas\u0131yla girdi\u011fi m\u00fcnaka\u015falar olan, m\u00fcstakbel bir kimya m\u00fchendisi:<span class=\"excerpt-hellip\"> [\u2026]<\/span><\/p>\n","protected":false},"featured_media":0,"template":"","meta":{"_monsterinsights_skip_tracking":false,"_monsterinsights_sitenote_active":false,"_monsterinsights_sitenote_note":"","_monsterinsights_sitenote_category":0},"product_brand":[],"product_cat":[12291,12711],"product_tag":[],"class_list":{"0":"post-725334","1":"product","2":"type-product","3":"status-publish","5":"product_cat-edebiyat","6":"product_cat-roman-oyku","7":"pa_cilt-ciltsiz","8":"pa_tur-kitap","9":"pa_yayinevi-perseus","10":"pa_yazar-murat-sakaoglu","12":"first","13":"instock","14":"sale","15":"shipping-taxable","16":"purchasable","17":"product-type-simple"},"_links":{"self":[{"href":"https:\/\/roveyayinevi.com.tr\/index.php\/wp-json\/wp\/v2\/product\/725334","targetHints":{"allow":["GET"]}}],"collection":[{"href":"https:\/\/roveyayinevi.com.tr\/index.php\/wp-json\/wp\/v2\/product"}],"about":[{"href":"https:\/\/roveyayinevi.com.tr\/index.php\/wp-json\/wp\/v2\/types\/product"}],"wp:attachment":[{"href":"https:\/\/roveyayinevi.com.tr\/index.php\/wp-json\/wp\/v2\/media?parent=725334"}],"wp:term":[{"taxonomy":"product_brand","embeddable":true,"href":"https:\/\/roveyayinevi.com.tr\/index.php\/wp-json\/wp\/v2\/product_brand?post=725334"},{"taxonomy":"product_cat","embeddable":true,"href":"https:\/\/roveyayinevi.com.tr\/index.php\/wp-json\/wp\/v2\/product_cat?post=725334"},{"taxonomy":"product_tag","embeddable":true,"href":"https:\/\/roveyayinevi.com.tr\/index.php\/wp-json\/wp\/v2\/product_tag?post=725334"}],"curies":[{"name":"wp","href":"https:\/\/api.w.org\/{rel}","templated":true}]}}