{"id":725333,"date":"2025-08-27T19:48:40","date_gmt":"2025-08-27T16:48:40","guid":{"rendered":"https:\/\/roveyayinevi.com.tr\/index.php\/urun\/ilkel-tini\/"},"modified":"2026-04-16T02:32:56","modified_gmt":"2026-04-15T23:32:56","slug":"ilkel-tini","status":"publish","type":"product","link":"https:\/\/roveyayinevi.com.tr\/index.php\/urun\/ilkel-tini\/","title":{"rendered":"\u0130lkel T\u0131n\u0131"},"content":{"rendered":"<p>\u2019Kurtulmak i\u00e7in en h\u0131zl\u0131 ko\u015fan olmal\u0131yd\u0131 fakat ne kadar h\u0131zl\u0131 ko\u015farsa ko\u015fsun her zaman ayn\u0131 bitiyordu.\u2019\u2019Gizemli bir hayat\u0131n, meraka kap\u0131 a\u00e7t\u0131\u011f\u0131 o sokak&#8230; Basit olarak nitelendirilen her \u015feyin asl\u0131nda o kadar da sade olmad\u0131\u011f\u0131n\u0131 yans\u0131t\u0131yordu ve yanl\u0131\u015fa mahsur kalan g\u00fczel d\u00fc\u015f\u00fcncelerin alt\u0131nda eziliyordu. Bunun mutlaka bir sebebi olmal\u0131yd\u0131. Ama neydi?\u2018\u2019Vah\u015fi arenalar\u0131 aratmayan bu sahne, \u015fimdilik A\u015fkar\u2019\u0131n lehine g\u00f6r\u00fcn\u00fcyordu ama rakipleri bir \u00f6nceki sald\u0131r\u0131lara ziyaden daha kararl\u0131 pozisyon alm\u0131\u015flard\u0131 ve her \u015fey, her an de\u011fi\u015febilirdi.\u2019\u2019Kimileri sadece bir kitaptan ibaret zannederken bu d\u00fc\u015f\u00fcncesinden cay\u0131p merak\u0131n tutkulu kollar\u0131na at\u0131verecek kendini.\u00d6yle ki, sat\u0131rlara serpi\u015ftirilen t\u00fcm c\u00fcmlelerin nas\u0131l bir labirent yolculu\u011fu oldu\u011funa siz karar vereceksiniz.<\/p>\n","protected":false},"excerpt":{"rendered":"<p>\u2019Kurtulmak i\u00e7in en h\u0131zl\u0131 ko\u015fan olmal\u0131yd\u0131 fakat ne kadar h\u0131zl\u0131 ko\u015farsa ko\u015fsun her zaman ayn\u0131 bitiyordu.\u2019\u2019Gizemli bir hayat\u0131n, meraka kap\u0131 a\u00e7t\u0131\u011f\u0131 o sokak&#8230; Basit olarak nitelendirilen<span class=\"excerpt-hellip\"> [\u2026]<\/span><\/p>\n","protected":false},"featured_media":0,"template":"","meta":{"_monsterinsights_skip_tracking":false,"_monsterinsights_sitenote_active":false,"_monsterinsights_sitenote_note":"","_monsterinsights_sitenote_category":0},"product_brand":[],"product_cat":[12291,12711],"product_tag":[],"class_list":{"0":"post-725333","1":"product","2":"type-product","3":"status-publish","5":"product_cat-edebiyat","6":"product_cat-roman-oyku","7":"pa_cilt-ciltsiz","8":"pa_tur-kitap","9":"pa_yayinevi-perseus","10":"pa_yazar-musa-bilgili","12":"first","13":"instock","14":"sale","15":"shipping-taxable","16":"purchasable","17":"product-type-simple"},"_links":{"self":[{"href":"https:\/\/roveyayinevi.com.tr\/index.php\/wp-json\/wp\/v2\/product\/725333","targetHints":{"allow":["GET"]}}],"collection":[{"href":"https:\/\/roveyayinevi.com.tr\/index.php\/wp-json\/wp\/v2\/product"}],"about":[{"href":"https:\/\/roveyayinevi.com.tr\/index.php\/wp-json\/wp\/v2\/types\/product"}],"wp:attachment":[{"href":"https:\/\/roveyayinevi.com.tr\/index.php\/wp-json\/wp\/v2\/media?parent=725333"}],"wp:term":[{"taxonomy":"product_brand","embeddable":true,"href":"https:\/\/roveyayinevi.com.tr\/index.php\/wp-json\/wp\/v2\/product_brand?post=725333"},{"taxonomy":"product_cat","embeddable":true,"href":"https:\/\/roveyayinevi.com.tr\/index.php\/wp-json\/wp\/v2\/product_cat?post=725333"},{"taxonomy":"product_tag","embeddable":true,"href":"https:\/\/roveyayinevi.com.tr\/index.php\/wp-json\/wp\/v2\/product_tag?post=725333"}],"curies":[{"name":"wp","href":"https:\/\/api.w.org\/{rel}","templated":true}]}}