{"id":725332,"date":"2025-08-27T19:48:39","date_gmt":"2025-08-27T16:48:39","guid":{"rendered":"https:\/\/roveyayinevi.com.tr\/index.php\/urun\/huzunde-bir-cocuk\/"},"modified":"2026-04-16T02:32:56","modified_gmt":"2026-04-15T23:32:56","slug":"huzunde-bir-cocuk","status":"publish","type":"product","link":"https:\/\/roveyayinevi.com.tr\/index.php\/urun\/huzunde-bir-cocuk\/","title":{"rendered":"H\u00fcz\u00fcnde Bir \u00c7ocuk"},"content":{"rendered":"<p>G\u00f6zlerimin \u00f6n\u00fcnde kaybolup gidiyordu.Beni ve geriye kalan hayat\u0131m\u0131 bu odaya hapsedip \u00f6ylece uzakla\u015f\u0131yordu.\u0130\u00e7imdeki nehirler, ait olduklar\u0131 alan\u0131n d\u0131\u015f\u0131na ta\u015f\u0131yor; y\u0131rt\u0131c\u0131 dalgalar\u0131m, k\u0131y\u0131lar\u0131ma vurup t\u00fcm g\u00f6kdelenleri y\u0131k\u0131yordu.Ta\u015fk\u00fcre ortadan ikiye ayr\u0131lm\u0131\u015ft\u0131 ve kuca\u011f\u0131na d\u00fc\u015fen her \u015feyi sonsuz bir sona s\u00fcr\u00fckl\u00fcyordu.Zelzelem ba\u015flam\u0131\u015ft\u0131.Bazen korkular, esaretin dostu olur.Esaret, y\u0131k\u0131l\u0131\u015f\u0131 besler. \u00d6l\u00fcm, y\u0131k\u0131l\u0131\u015f\u0131n a\u015fk\u0131d\u0131r. Peki bir umut, ka\u00e7 \u00f6l\u00fcm\u00fc \u00f6ld\u00fcr\u00fcr?<\/p>\n","protected":false},"excerpt":{"rendered":"<p>G\u00f6zlerimin \u00f6n\u00fcnde kaybolup gidiyordu.Beni ve geriye kalan hayat\u0131m\u0131 bu odaya hapsedip \u00f6ylece uzakla\u015f\u0131yordu.\u0130\u00e7imdeki nehirler, ait olduklar\u0131 alan\u0131n d\u0131\u015f\u0131na ta\u015f\u0131yor; y\u0131rt\u0131c\u0131 dalgalar\u0131m, k\u0131y\u0131lar\u0131ma vurup t\u00fcm g\u00f6kdelenleri y\u0131k\u0131yordu.Ta\u015fk\u00fcre<span class=\"excerpt-hellip\"> [\u2026]<\/span><\/p>\n","protected":false},"featured_media":0,"template":"","meta":{"_monsterinsights_skip_tracking":false,"_monsterinsights_sitenote_active":false,"_monsterinsights_sitenote_note":"","_monsterinsights_sitenote_category":0},"product_brand":[],"product_cat":[12291,12711],"product_tag":[],"class_list":{"0":"post-725332","1":"product","2":"type-product","3":"status-publish","5":"product_cat-edebiyat","6":"product_cat-roman-oyku","7":"pa_cilt-ciltsiz","8":"pa_tur-kitap","9":"pa_yayinevi-perseus","10":"pa_yazar-ismail-akin","12":"first","13":"instock","14":"sale","15":"shipping-taxable","16":"purchasable","17":"product-type-simple"},"_links":{"self":[{"href":"https:\/\/roveyayinevi.com.tr\/index.php\/wp-json\/wp\/v2\/product\/725332","targetHints":{"allow":["GET"]}}],"collection":[{"href":"https:\/\/roveyayinevi.com.tr\/index.php\/wp-json\/wp\/v2\/product"}],"about":[{"href":"https:\/\/roveyayinevi.com.tr\/index.php\/wp-json\/wp\/v2\/types\/product"}],"wp:attachment":[{"href":"https:\/\/roveyayinevi.com.tr\/index.php\/wp-json\/wp\/v2\/media?parent=725332"}],"wp:term":[{"taxonomy":"product_brand","embeddable":true,"href":"https:\/\/roveyayinevi.com.tr\/index.php\/wp-json\/wp\/v2\/product_brand?post=725332"},{"taxonomy":"product_cat","embeddable":true,"href":"https:\/\/roveyayinevi.com.tr\/index.php\/wp-json\/wp\/v2\/product_cat?post=725332"},{"taxonomy":"product_tag","embeddable":true,"href":"https:\/\/roveyayinevi.com.tr\/index.php\/wp-json\/wp\/v2\/product_tag?post=725332"}],"curies":[{"name":"wp","href":"https:\/\/api.w.org\/{rel}","templated":true}]}}