{"id":725328,"date":"2025-08-27T19:48:36","date_gmt":"2025-08-27T16:48:36","guid":{"rendered":"https:\/\/roveyayinevi.com.tr\/index.php\/urun\/reform-serisi-idari-yargilama-hukuku\/"},"modified":"2026-04-16T02:32:56","modified_gmt":"2026-04-15T23:32:56","slug":"reform-serisi-idari-yargilama-hukuku","status":"publish","type":"product","link":"https:\/\/roveyayinevi.com.tr\/index.php\/urun\/reform-serisi-idari-yargilama-hukuku\/","title":{"rendered":"Reform Serisi \u0130dari Yarg\u0131lama Hukuku"},"content":{"rendered":"<p>\u0130\u00e7indekiler1.\u0130dari Yarg\u0131lama Hukuku1.1.\u0130darenin Yarg\u0131 D\u0131\u015f\u0131 Yollarla Denetlenmesi1.2.\u0130darenin Yarg\u0131sal Yolla Denetlenmesi1.3.T\u00fcrkiye\u2019de \u0130dari Yarg\u0131 Sistemi1.4.\u0130dari Yarg\u0131n\u0131n G\u00f6revi Alan\u01311.5.\u0130dari Yarg\u0131laman\u0131n Temel \u00d6zellikleri 2.\u0130dari Yarg\u0131da Mahkemeler   Dan\u0131\u015ftay2.1.Dan\u0131\u015ftay Te\u015fkilat\u0131 ve Dan\u0131\u015ftay\u2019\u0131n Karar Organlar\u01312.2.Dan\u0131\u015ftay\u2019\u0131n G\u00f6revleri2.3.Dan\u0131\u015ftay Organlar\u0131n\u0131n Olu\u015fumu ve G\u00f6revleri2.4.Dan\u0131\u015ftay \u00dcyeleri 3.\u0130dari Yarg\u0131da Mahkemeler   B\u00f6lge \u0130dare Mahkemesi3.1.B\u00f6lge \u0130dare Mahkemesi Daireleri3.2.B\u00f6lge \u0130dare Mahkemesi Ba\u015fkan\u0131n\u0131n G\u00f6revleri3.3.\u0130dare Mahkemeleri3.4.Vergi Mahkemeleri3.5.Askeri \u0130dari Yarg\u0131 : Askeri Y\u00fcksek \u0130dare Mahkemesi3.7.Uyu\u015fmazl\u0131k Mahkemesi3.8.G\u00f6rev Uyu\u015fmazl\u0131klar\u0131 4.\u0130dari Yarg\u0131da Dava T\u00fcrleri4.1.\u0130ptal Davas\u0131n\u0131n Genel \u00d6zellikleri4.2.Davan\u0131n Konusu4.3.Davac\u01314.4.Daval\u01314.5.S\u00fcreler4.6.G\u00f6rev ve Yetki  Tam Yarg\u0131 Davas\u01314.7.Tam Yarg\u0131 Davas\u01314.8.Tam Yarg\u0131 Davas\u0131n\u0131n \u00d6zellikleri4.9.Davan\u0131n Konusu4.10. Davac\u01314.11.Daval\u01314.12.S\u00fcre 5.Davalar\u0131n A\u00e7\u0131lmas\u0131 Ve \u0130lk \u0130ncelemeler5.1.Dilek\u00e7elerde Bulunmas\u0131 Gerekenler5.2.\u0130dari Yarg\u0131da Y\u00fcr\u00fctmenin Durdulmas\u0131 6.Kararlara Ba\u015fvuru Yollar\u0131 Kanun Yollar\u01316.1.Kararlarda Bulunacak Hususlar 6.2.Kararlar\u0131n Sonu\u00e7lar\u0131 6.3.Kararlara Kar\u015f\u0131 Ola\u011fan Kanun Yollar\u01316.4.Kararlara Kar\u015f\u0131 Ola\u011fan\u00fcst\u00fc Ba\u015fvuru Yollar\u01316.5.\u0130dari Yarg\u0131lama Usul\u00fcne \u0130li\u015fkin Ek Baz\u0131 Konular IslahKaynak\u00e7a\u0130dari Hakimlik \u0130dari Yarg\u0131 Sorular\u0131\u0130dari Yarg\u0131 Adli Hakimlik Sorular\u0131\u0130dari Yarg\u0131 Sorular\u0131<\/p>\n","protected":false},"excerpt":{"rendered":"<p>\u0130\u00e7indekiler1.\u0130dari Yarg\u0131lama Hukuku1.1.\u0130darenin Yarg\u0131 D\u0131\u015f\u0131 Yollarla Denetlenmesi1.2.\u0130darenin Yarg\u0131sal Yolla Denetlenmesi1.3.T\u00fcrkiye\u2019de \u0130dari Yarg\u0131 Sistemi1.4.\u0130dari Yarg\u0131n\u0131n G\u00f6revi Alan\u01311.5.\u0130dari Yarg\u0131laman\u0131n Temel \u00d6zellikleri 2.\u0130dari Yarg\u0131da Mahkemeler Dan\u0131\u015ftay2.1.Dan\u0131\u015ftay Te\u015fkilat\u0131 ve Dan\u0131\u015ftay\u2019\u0131n<span class=\"excerpt-hellip\"> [\u2026]<\/span><\/p>\n","protected":false},"featured_media":0,"template":"","meta":{"_monsterinsights_skip_tracking":false,"_monsterinsights_sitenote_active":false,"_monsterinsights_sitenote_note":"","_monsterinsights_sitenote_category":0},"product_brand":[],"product_cat":[15350,17602],"product_tag":[],"class_list":{"0":"post-725328","1":"product","2":"type-product","3":"status-publish","5":"product_cat-hukuk","6":"product_cat-hukuk-uzerine","7":"pa_cilt-ciltsiz","8":"pa_tur-kitap","9":"pa_yayinevi-gazi-kitabevi","10":"pa_yazar-kolektif","12":"first","13":"instock","14":"sale","15":"shipping-taxable","16":"purchasable","17":"product-type-simple"},"_links":{"self":[{"href":"https:\/\/roveyayinevi.com.tr\/index.php\/wp-json\/wp\/v2\/product\/725328","targetHints":{"allow":["GET"]}}],"collection":[{"href":"https:\/\/roveyayinevi.com.tr\/index.php\/wp-json\/wp\/v2\/product"}],"about":[{"href":"https:\/\/roveyayinevi.com.tr\/index.php\/wp-json\/wp\/v2\/types\/product"}],"wp:attachment":[{"href":"https:\/\/roveyayinevi.com.tr\/index.php\/wp-json\/wp\/v2\/media?parent=725328"}],"wp:term":[{"taxonomy":"product_brand","embeddable":true,"href":"https:\/\/roveyayinevi.com.tr\/index.php\/wp-json\/wp\/v2\/product_brand?post=725328"},{"taxonomy":"product_cat","embeddable":true,"href":"https:\/\/roveyayinevi.com.tr\/index.php\/wp-json\/wp\/v2\/product_cat?post=725328"},{"taxonomy":"product_tag","embeddable":true,"href":"https:\/\/roveyayinevi.com.tr\/index.php\/wp-json\/wp\/v2\/product_tag?post=725328"}],"curies":[{"name":"wp","href":"https:\/\/api.w.org\/{rel}","templated":true}]}}