{"id":725327,"date":"2025-08-27T19:48:35","date_gmt":"2025-08-27T16:48:35","guid":{"rendered":"https:\/\/roveyayinevi.com.tr\/index.php\/urun\/justice-league-vs-suicide-squad\/"},"modified":"2026-04-16T02:32:56","modified_gmt":"2026-04-15T23:32:56","slug":"justice-league-vs-suicide-squad","status":"publish","type":"product","link":"https:\/\/roveyayinevi.com.tr\/index.php\/urun\/justice-league-vs-suicide-squad\/","title":{"rendered":"Just\u0131ce League Vs. Su\u0131c\u0131de Squad"},"content":{"rendered":"<p>JUSTICE LEAGUE VS. SUICIDE SQUAD, iki ideolojik kar\u015f\u0131t\u0131 birbiriyle y\u00fczle\u015ftiren \u00e7ok e\u011flenceli bir deney.\u201d NEWSARAMA\u201cBu sayfalarda g\u00f6rkemli bir g\u00fc\u00e7 var.\u201d A.V. CLUB \/ THE ONION\u201cDestans\u0131, aksiyon dolu bir macera.\u201d IGND\u00dcNYANIN EN B\u00dcY\u00dcK KAHRAMANLARI. D\u00dcNYANIN EN TEHL\u0130KEL\u0130 SU\u00c7LULARI. BU D\u00dcNYA ONLARA YETECEK KADAR B\u00dcY\u00dcK DE\u011e\u0130L!DC\u2019nin Rebirth d\u00f6neminin ilk b\u00fcy\u00fck olay hik\u00e2yesi ba\u015fl\u0131yor! Justice League \u00fcyeleri D\u00fcnya\u2019n\u0131n en g\u00fc\u00e7l\u00fc ve en tan\u0131nan s\u00fcper kahramanlar\u0131d\u0131r&#8230; Ama onlar faaliyet g\u00f6steren tek s\u00fcper tak\u0131m de\u011fildir. Suicide Squad g\u00f6lgelerden harekete ge\u00e7erek s\u00fcper kahramanlar\u0131n elini s\u00fcrmeyece\u011fi kadar kirli i\u015flerle ilgilenmektedir. Bu manyaklar ve canavarlar Amanda Waller\u2019\u0131n demir yumru\u011fu alt\u0131nda tamamen gizlilik i\u00e7inde \u00e7al\u0131\u015fmaktayd\u0131lar&#8230; \u015eimdiye kadar. Batman onlar\u0131n izinis\u00fcrmekteydi ve Suicide Squad\u2019\u0131n varl\u0131\u011f\u0131 ne onun ne de Justice League\u2019in tahamm\u00fcl edebilece\u011fi bir \u015fey de\u011fildi. Bu operasyonun durdurulmas\u0131 gerekiyordu.Ama kahramanlar ve anti-kahramanlar birbirleriyle m\u00fccadele ederken, sapk\u0131n deha Maxwell Lord bu iki ekibi yok etmek i\u00e7in DC\u2019nin kabuslardan \u00e7\u0131kma en \u00f6l\u00fcmc\u00fcl hainleriyle kendi ordusunu kuracakt\u0131! \u00c7izgi roman\u0131n en b\u00fcy\u00fck kahramanlar\u0131n\u0131n ve hainlerinin ba\u015frollerde oldu\u011fu bu aksiyon dolu epik hik\u00e2yeyi sizlere yazarlar Joshua Williamson, Tim Seeley, Rob Williams veSi Spurrier ile s\u00fcperstar \u00e7izerler Jason Fabok, Tony S. Dan\u0131el, Jesus Merino, Fernando Pasarin, Robson Rocha, Howard Porter, Scot Eaton, Riley Rossmo, Christian Duce, Giuseppe Cafaro birlikte sunuyorlar! Bu cilt Justice League vs. Suicide Squad #1-6, Justice League #12-13, Suicide Squad #9-10 ve Suicide Squad #8\u2019den bir hik\u00e2yeyi bir araya getiriyor.<\/p>\n","protected":false},"excerpt":{"rendered":"<p>JUSTICE LEAGUE VS. SUICIDE SQUAD, iki ideolojik kar\u015f\u0131t\u0131 birbiriyle y\u00fczle\u015ftiren \u00e7ok e\u011flenceli bir deney.\u201d NEWSARAMA\u201cBu sayfalarda g\u00f6rkemli bir g\u00fc\u00e7 var.\u201d A.V. CLUB \/ THE ONION\u201cDestans\u0131, aksiyon<span class=\"excerpt-hellip\"> [\u2026]<\/span><\/p>\n","protected":false},"featured_media":0,"template":"","meta":{"_monsterinsights_skip_tracking":false,"_monsterinsights_sitenote_active":false,"_monsterinsights_sitenote_note":"","_monsterinsights_sitenote_category":0},"product_brand":[],"product_cat":[12416,12291],"product_tag":[],"class_list":{"0":"post-725327","1":"product","2":"type-product","3":"status-publish","5":"product_cat-cizgi-roman","6":"product_cat-edebiyat","7":"pa_cilt-ciltsiz","8":"pa_tur-kitap","9":"pa_yayinevi-yapi-kredi-yayinlari","10":"pa_yazar-kolektif","12":"first","13":"instock","14":"sale","15":"shipping-taxable","16":"purchasable","17":"product-type-simple"},"_links":{"self":[{"href":"https:\/\/roveyayinevi.com.tr\/index.php\/wp-json\/wp\/v2\/product\/725327","targetHints":{"allow":["GET"]}}],"collection":[{"href":"https:\/\/roveyayinevi.com.tr\/index.php\/wp-json\/wp\/v2\/product"}],"about":[{"href":"https:\/\/roveyayinevi.com.tr\/index.php\/wp-json\/wp\/v2\/types\/product"}],"wp:attachment":[{"href":"https:\/\/roveyayinevi.com.tr\/index.php\/wp-json\/wp\/v2\/media?parent=725327"}],"wp:term":[{"taxonomy":"product_brand","embeddable":true,"href":"https:\/\/roveyayinevi.com.tr\/index.php\/wp-json\/wp\/v2\/product_brand?post=725327"},{"taxonomy":"product_cat","embeddable":true,"href":"https:\/\/roveyayinevi.com.tr\/index.php\/wp-json\/wp\/v2\/product_cat?post=725327"},{"taxonomy":"product_tag","embeddable":true,"href":"https:\/\/roveyayinevi.com.tr\/index.php\/wp-json\/wp\/v2\/product_tag?post=725327"}],"curies":[{"name":"wp","href":"https:\/\/api.w.org\/{rel}","templated":true}]}}