{"id":725324,"date":"2025-08-27T19:48:32","date_gmt":"2025-08-27T16:48:32","guid":{"rendered":"https:\/\/roveyayinevi.com.tr\/index.php\/urun\/uygurlarin-dini-siyasi-ve-kultur-tarihinde-derin-iz-birakan-seyyid-afak-hoca-ve-tezkiresi\/"},"modified":"2026-04-16T02:32:56","modified_gmt":"2026-04-15T23:32:56","slug":"uygurlarin-dini-siyasi-ve-kultur-tarihinde-derin-iz-birakan-seyyid-afak-hoca-ve-tezkiresi","status":"publish","type":"product","link":"https:\/\/roveyayinevi.com.tr\/index.php\/urun\/uygurlarin-dini-siyasi-ve-kultur-tarihinde-derin-iz-birakan-seyyid-afak-hoca-ve-tezkiresi\/","title":{"rendered":"Uygurlar\u0131n Dini, Siyasi, ve K\u00fclt\u00fcr Tarihinde Derin \u0130z B\u0131rakan Seyyid Afak Hoca ve Tezkiresi"},"content":{"rendered":"<p>\u0130\u00e7indekiler 1.B\u00d6L\u00dcM  Uygurlar\u0131n Tarihinde Hocalar ve Afak Hoca1.1.Hoca Kavram\u0131, Hocalar\u0131n Men\u015fei ve Silsilesi1.2.Hocalar\u0131n Do\u011fu T\u00fcrkistan\u2019a Yerle\u015fmesi1.3.Hocalar\u0131n \u201cAkta\u011fl\u0131klar\u201d ve \u201cKarata\u011fl\u0131klar\u201d Olarak \u0130kiye B\u00f6l\u00fcnmesi1.4.Afak Hoca D\u00f6nemi 2.B\u00d6L\u00dcM   Uygurlarda Tezkirecilik Gelene\u011fi2.1.Tezkire Kavram\u01312.2.Uygurlarda Tezkirecilik Gelene\u011fi2.3.Uygur Sahas\u0131nda Yaz\u0131lan Tezkireler 3.B\u00d6L\u00dcM   Afak Hoca Tezkiresi3.1.Afak Hoca Tezkiresi\u2019nin N\u00fcshalar\u01313.2.Afak Hoca Tezkiresi\u2019nin Yap\u0131s\u0131 ve Olay \u00d6rg\u00fcs\u00fc3.3.Ki\u015fi \u0130simleri ve \u015eeceler3.4.Yer \u0130simleri ve \u015eehirler3.5.Kavimler ve Topluluklar3.6.R\u00fcya 3.7.H\u0131rka ve Halvet3.8.Keramet ve Ola\u011fan\u00fcst\u00fcl\u00fckler3.9.H\u0131z\u0131r3.10.Sohbet, Mevlana\u2019n\u0131n Mesnevisi ve Hafiz \u015eirazi\u2019nin \u015eiirleri3.11.Arap\u00e7a ve Fars\u00e7a Beyitler ile Ayet ve Hadisler3.12.Zehir ve Zehirleyerek \u00d6ld\u00fcrme3.13.Geleneksel \u0130nan\u0131\u015f ve Uygulamalar 4.B\u00d6L\u00dcM   Uygurlarda Mezar K\u00fclt\u00fcr\u00fc Ve Afak Hoca Mezar\u01314.1.Uygurlarda Mezar K\u00fclt\u00fcr\u00fc4.2.Afak Hoca Mezar\u0131\u2019n\u0131n Mimari \u00d6zellikleri ve Tarihi4.3.Afak Hoca Mezar\u0131 Etraf\u0131ndaki \u0130nan\u0131\u015f ve Rit\u00fceller4.4.Afak Hoca Hakk\u0131ndaki S\u00f6zl\u00fc Anlatmalar 5.B\u00d6L\u00dcM    Transkripsiyonlu Metinler5.1.A N\u00fcshas\u0131 (Prov.22)5.2.B N\u00fcshas\u0131 (Prov369) SONU\u00c7 KAYNAKLAR EKLER<\/p>\n","protected":false},"excerpt":{"rendered":"<p>\u0130\u00e7indekiler 1.B\u00d6L\u00dcM Uygurlar\u0131n Tarihinde Hocalar ve Afak Hoca1.1.Hoca Kavram\u0131, Hocalar\u0131n Men\u015fei ve Silsilesi1.2.Hocalar\u0131n Do\u011fu T\u00fcrkistan\u2019a Yerle\u015fmesi1.3.Hocalar\u0131n \u201cAkta\u011fl\u0131klar\u201d ve \u201cKarata\u011fl\u0131klar\u201d Olarak \u0130kiye B\u00f6l\u00fcnmesi1.4.Afak Hoca D\u00f6nemi 2.B\u00d6L\u00dcM Uygurlarda<span class=\"excerpt-hellip\"> [\u2026]<\/span><\/p>\n","protected":false},"featured_media":0,"template":"","meta":{"_monsterinsights_skip_tracking":false,"_monsterinsights_sitenote_active":false,"_monsterinsights_sitenote_note":"","_monsterinsights_sitenote_category":0},"product_brand":[],"product_cat":[13633,12324],"product_tag":[],"class_list":{"0":"post-725324","1":"product","2":"type-product","3":"status-publish","5":"product_cat-kultur-ve-bilim","6":"product_cat-sosyoloji","7":"pa_cilt-ciltsiz","8":"pa_tur-kitap","9":"pa_yayinevi-gazi-kitabevi","10":"pa_yazar-adem-oger","12":"first","13":"instock","14":"sale","15":"shipping-taxable","16":"purchasable","17":"product-type-simple"},"_links":{"self":[{"href":"https:\/\/roveyayinevi.com.tr\/index.php\/wp-json\/wp\/v2\/product\/725324","targetHints":{"allow":["GET"]}}],"collection":[{"href":"https:\/\/roveyayinevi.com.tr\/index.php\/wp-json\/wp\/v2\/product"}],"about":[{"href":"https:\/\/roveyayinevi.com.tr\/index.php\/wp-json\/wp\/v2\/types\/product"}],"wp:attachment":[{"href":"https:\/\/roveyayinevi.com.tr\/index.php\/wp-json\/wp\/v2\/media?parent=725324"}],"wp:term":[{"taxonomy":"product_brand","embeddable":true,"href":"https:\/\/roveyayinevi.com.tr\/index.php\/wp-json\/wp\/v2\/product_brand?post=725324"},{"taxonomy":"product_cat","embeddable":true,"href":"https:\/\/roveyayinevi.com.tr\/index.php\/wp-json\/wp\/v2\/product_cat?post=725324"},{"taxonomy":"product_tag","embeddable":true,"href":"https:\/\/roveyayinevi.com.tr\/index.php\/wp-json\/wp\/v2\/product_tag?post=725324"}],"curies":[{"name":"wp","href":"https:\/\/api.w.org\/{rel}","templated":true}]}}