{"id":725323,"date":"2025-08-27T19:48:32","date_gmt":"2025-08-27T16:48:32","guid":{"rendered":"https:\/\/roveyayinevi.com.tr\/index.php\/urun\/nenem-babam-ve-ben\/"},"modified":"2026-04-16T02:32:56","modified_gmt":"2026-04-15T23:32:56","slug":"nenem-babam-ve-ben","status":"publish","type":"product","link":"https:\/\/roveyayinevi.com.tr\/index.php\/urun\/nenem-babam-ve-ben\/","title":{"rendered":"Nenem Babam ve Ben"},"content":{"rendered":"<p>Yazar\u0131m\u0131z Diyarbak\u0131rl\u0131 bir eczac\u0131. Ama \u00f6yle s\u0131radan bir eczac\u0131 de\u011fil! Elinizde tuttu\u011funuz kitab\u0131n yazar\u0131 ve ba\u015frol oyuncusu. Kitaptaki karakterler i\u00e7inde en \u00e7ok ilgimi \u00e7eken, Ka\u00e7ak\u00e7\u0131 Ey\u015fe, Ke\u00e7eci Ey\u015fo, Hac\u0131 Anne diye an\u0131lan babaanne oldu. S\u00fclale kalabal\u0131k. Ya\u015fam \u00f6yk\u00fclerinin her biri,  ba\u015fl\u0131 ba\u015f\u0131na roman olacak zenginlikte. Ancak bizim buradaki ba\u015fkahraman\u0131m\u0131z, ki\u015fisel gayretleriyle eczac\u0131l\u0131k kariyerinin zirvesine t\u0131rmanmay\u0131 ba\u015farm\u0131\u015f bir meslekta\u015f\u0131m: Eczac\u0131 Berat Beran!   Canan Tan<\/p>\n","protected":false},"excerpt":{"rendered":"<p>Yazar\u0131m\u0131z Diyarbak\u0131rl\u0131 bir eczac\u0131. Ama \u00f6yle s\u0131radan bir eczac\u0131 de\u011fil! Elinizde tuttu\u011funuz kitab\u0131n yazar\u0131 ve ba\u015frol oyuncusu. Kitaptaki karakterler i\u00e7inde en \u00e7ok ilgimi \u00e7eken, Ka\u00e7ak\u00e7\u0131 Ey\u015fe,<span class=\"excerpt-hellip\"> [\u2026]<\/span><\/p>\n","protected":false},"featured_media":0,"template":"","meta":{"_monsterinsights_skip_tracking":false,"_monsterinsights_sitenote_active":false,"_monsterinsights_sitenote_note":"","_monsterinsights_sitenote_category":0},"product_brand":[],"product_cat":[14009,12291],"product_tag":[],"class_list":{"0":"post-725323","1":"product","2":"type-product","3":"status-publish","5":"product_cat-biyografi-otobiyografi-edebiyat","6":"product_cat-edebiyat","7":"pa_cilt-ciltsiz","8":"pa_tur-kitap","9":"pa_yayinevi-dogan-kitap","10":"pa_yazar-berat-beran","12":"first","13":"instock","14":"sale","15":"shipping-taxable","16":"purchasable","17":"product-type-simple"},"_links":{"self":[{"href":"https:\/\/roveyayinevi.com.tr\/index.php\/wp-json\/wp\/v2\/product\/725323","targetHints":{"allow":["GET"]}}],"collection":[{"href":"https:\/\/roveyayinevi.com.tr\/index.php\/wp-json\/wp\/v2\/product"}],"about":[{"href":"https:\/\/roveyayinevi.com.tr\/index.php\/wp-json\/wp\/v2\/types\/product"}],"wp:attachment":[{"href":"https:\/\/roveyayinevi.com.tr\/index.php\/wp-json\/wp\/v2\/media?parent=725323"}],"wp:term":[{"taxonomy":"product_brand","embeddable":true,"href":"https:\/\/roveyayinevi.com.tr\/index.php\/wp-json\/wp\/v2\/product_brand?post=725323"},{"taxonomy":"product_cat","embeddable":true,"href":"https:\/\/roveyayinevi.com.tr\/index.php\/wp-json\/wp\/v2\/product_cat?post=725323"},{"taxonomy":"product_tag","embeddable":true,"href":"https:\/\/roveyayinevi.com.tr\/index.php\/wp-json\/wp\/v2\/product_tag?post=725323"}],"curies":[{"name":"wp","href":"https:\/\/api.w.org\/{rel}","templated":true}]}}