{"id":725322,"date":"2025-08-27T19:48:31","date_gmt":"2025-08-27T16:48:31","guid":{"rendered":"https:\/\/roveyayinevi.com.tr\/index.php\/urun\/bizi-surukleyen-nehir\/"},"modified":"2025-11-13T06:06:15","modified_gmt":"2025-11-13T03:06:15","slug":"bizi-surukleyen-nehir","status":"publish","type":"product","link":"https:\/\/roveyayinevi.com.tr\/index.php\/urun\/bizi-surukleyen-nehir\/","title":{"rendered":"Bizi S\u00fcr\u00fckleyen Nehir"},"content":{"rendered":"<p>\u201cBenden tavsiye isteyenler oluyor. S\u00f6yleyece\u011fim tek \u015fey \u015fu: Bir an dur, geri \u00e7ekil, yapt\u0131\u011f\u0131n i\u015fi ve hayat\u0131n\u0131 g\u00f6zden ge\u00e7ir ve \u2018De\u011fiyor mu?\u2019 diye sor. Cevap olumluysa devam et.\u201d \u201cK\u0131skanmay\u0131 bile unutmak. Onu mutlu eden her \u015feyi ve herkesi sevmek&#8230; O noktada sahiplenmek biter, a\u015fk kal\u0131r.\u201d \u201cMakam\u0131yla, paras\u0131yla, \u015f\u00f6hretiyle \u00f6v\u00fcnenler beni g\u00fcld\u00fcr\u00fcyor. Sonunda \u2018ben\u2019 denilen varl\u0131k, kozmik sonsuzlukta bir an yan\u0131p s\u00f6nen bir ate\u015fb\u00f6ce\u011fi bile de\u011fil.\u201d \u201cZay\u0131fl\u0131\u011f\u0131n\u0131 g\u00f6sterecek kadar g\u00fc\u00e7l\u00fc ol.\u201d  Bizi S\u00fcr\u00fckleyen Nehir, Livaneli\u2019nin insanl\u0131\u011f\u0131n tarih boyunca y\u0131kand\u0131\u011f\u0131 \u0131rma\u011f\u0131 takip ederek vard\u0131\u011f\u0131 bilgelik noktas\u0131. Evrene, insana, insan ruhuna, T\u00fcrkiye\u2019ye, d\u00fcnyaya, d\u00fcne, bug\u00fcne ve gelece\u011fe tutulan bir ayna\u2026 Livaneli\u2019nin bug\u00fcne kadar yazd\u0131klar\u0131ndan, s\u00f6ylediklerinden s\u00fcz\u00fcl\u00fcp gelenler, hayat\u0131n kuytu k\u00f6\u015felerinde gezinen, \u201cbir g\u00f6z\u00fc a\u011flayan, bir g\u00f6z\u00fc g\u00fclen\u201d bir bilgenin s\u00f6zleri. <\/p>\n","protected":false},"excerpt":{"rendered":"<p>\u201cBenden tavsiye isteyenler oluyor. S\u00f6yleyece\u011fim tek \u015fey \u015fu: Bir an dur, geri \u00e7ekil, yapt\u0131\u011f\u0131n i\u015fi ve hayat\u0131n\u0131 g\u00f6zden ge\u00e7ir ve \u2018De\u011fiyor mu?\u2019 diye sor. Cevap olumluysa<span class=\"excerpt-hellip\"> [\u2026]<\/span><\/p>\n","protected":false},"featured_media":0,"template":"","meta":{"_monsterinsights_skip_tracking":false,"_monsterinsights_sitenote_active":false,"_monsterinsights_sitenote_note":"","_monsterinsights_sitenote_category":0},"product_brand":[],"product_cat":[12777,12291],"product_tag":[],"class_list":{"0":"post-725322","1":"product","2":"type-product","3":"status-publish","5":"product_cat-deneme","6":"product_cat-edebiyat","7":"pa_cilt-ciltsiz","8":"pa_tur-kitap","9":"pa_yayinevi-dogan-kitap","10":"pa_yazar-zulfu-livaneli","12":"first","13":"instock","14":"sale","15":"shipping-taxable","16":"purchasable","17":"product-type-simple"},"_links":{"self":[{"href":"https:\/\/roveyayinevi.com.tr\/index.php\/wp-json\/wp\/v2\/product\/725322","targetHints":{"allow":["GET"]}}],"collection":[{"href":"https:\/\/roveyayinevi.com.tr\/index.php\/wp-json\/wp\/v2\/product"}],"about":[{"href":"https:\/\/roveyayinevi.com.tr\/index.php\/wp-json\/wp\/v2\/types\/product"}],"wp:attachment":[{"href":"https:\/\/roveyayinevi.com.tr\/index.php\/wp-json\/wp\/v2\/media?parent=725322"}],"wp:term":[{"taxonomy":"product_brand","embeddable":true,"href":"https:\/\/roveyayinevi.com.tr\/index.php\/wp-json\/wp\/v2\/product_brand?post=725322"},{"taxonomy":"product_cat","embeddable":true,"href":"https:\/\/roveyayinevi.com.tr\/index.php\/wp-json\/wp\/v2\/product_cat?post=725322"},{"taxonomy":"product_tag","embeddable":true,"href":"https:\/\/roveyayinevi.com.tr\/index.php\/wp-json\/wp\/v2\/product_tag?post=725322"}],"curies":[{"name":"wp","href":"https:\/\/api.w.org\/{rel}","templated":true}]}}