{"id":725321,"date":"2025-08-27T19:48:30","date_gmt":"2025-08-27T16:48:30","guid":{"rendered":"https:\/\/roveyayinevi.com.tr\/index.php\/urun\/annelik-evlilik-ve-modern-kadin-bilmecesi\/"},"modified":"2026-02-23T11:34:11","modified_gmt":"2026-02-23T08:34:11","slug":"annelik-evlilik-ve-modern-kadin-bilmecesi","status":"publish","type":"product","link":"https:\/\/roveyayinevi.com.tr\/index.php\/urun\/annelik-evlilik-ve-modern-kadin-bilmecesi\/","title":{"rendered":"Annelik, Evlilik ve Modern Kad\u0131n Bilmecesi"},"content":{"rendered":"<p>Bir \u00e7ocuk sahibi olmak kad\u0131nlar\u0131 erkeklere g\u00f6re daha fazla etkiliyor. \u0130nsanlar\u0131n, kad\u0131nlardan beklentileri ve onlara y\u00f6neltti\u011fi bask\u0131lar dramatik d\u00fczeyde anksiyete ve depresyona sebep olmaya devam ediyor.Bu kitap bir klinik psikolo\u011fun kendi annelik deneyimleri sonras\u0131nda kad\u0131nlar\u0131n kar\u015f\u0131la\u015ft\u0131\u011f\u0131 modern ikilemlerin ke\u015ffi hakk\u0131ndad\u0131r.Dr. Molly Millwood bir anne oldu\u011funda, sahip olaca\u011f\u0131 \u015feye tamamen haz\u0131rd\u0131. \u00c7ok sevimli bir bebe\u011fe, zor kazan\u0131lan annelik becerilerine, da\u011f\u0131n\u0131k ve kaotik bir ya\u015fama sahipti. \u00c7ocuk sahibi olduktan sonra mutluluk e\u015fi\u011fi d\u00fc\u015fm\u00fc\u015f, ki\u015fili\u011finde \u00f6nemli de\u011fi\u015fiklikler olmu\u015ftu.Bir psikolog olarak Molly, deneyiminin hayat de\u011fi\u015ftirici bir olaya normal bir tepki oldu\u011funu biliyordu.Molly, kad\u0131nlar\u0131n anne olarak rahatl\u0131\u011f\u0131 ve ili\u015fkilerinin onlara sa\u011flad\u0131\u011f\u0131 refah\u0131 aras\u0131ndaki ayr\u0131lmaz ba\u011flant\u0131y\u0131 incelerken; okuyucular\u0131n kendi kimliklerini geri kazanmalar\u0131na, su\u00e7luluklar\u0131n\u0131 ve utan\u00e7lar\u0131n\u0131 a\u015fmalar\u0131na, ili\u015fkilerini onarmalar\u0131na yard\u0131mc\u0131  oluyor.<\/p>\n","protected":false},"excerpt":{"rendered":"<p>Bir \u00e7ocuk sahibi olmak kad\u0131nlar\u0131 erkeklere g\u00f6re daha fazla etkiliyor. \u0130nsanlar\u0131n, kad\u0131nlardan beklentileri ve onlara y\u00f6neltti\u011fi bask\u0131lar dramatik d\u00fczeyde anksiyete ve depresyona sebep olmaya devam ediyor.Bu<span class=\"excerpt-hellip\"> [\u2026]<\/span><\/p>\n","protected":false},"featured_media":0,"template":"","meta":{"_monsterinsights_skip_tracking":false,"_monsterinsights_sitenote_active":false,"_monsterinsights_sitenote_note":"","_monsterinsights_sitenote_category":0},"product_brand":[],"product_cat":[14902,13365],"product_tag":[],"class_list":{"0":"post-725321","1":"product","2":"type-product","3":"status-publish","5":"product_cat-annelik-ve-cocuk-bakimi","6":"product_cat-saglik","7":"pa_cilt-ciltsiz","8":"pa_tur-kitap","9":"pa_yayinevi-sola-unitas","10":"pa_yazar-molly-milwood","12":"first","13":"instock","14":"sale","15":"shipping-taxable","16":"purchasable","17":"product-type-simple"},"_links":{"self":[{"href":"https:\/\/roveyayinevi.com.tr\/index.php\/wp-json\/wp\/v2\/product\/725321","targetHints":{"allow":["GET"]}}],"collection":[{"href":"https:\/\/roveyayinevi.com.tr\/index.php\/wp-json\/wp\/v2\/product"}],"about":[{"href":"https:\/\/roveyayinevi.com.tr\/index.php\/wp-json\/wp\/v2\/types\/product"}],"wp:attachment":[{"href":"https:\/\/roveyayinevi.com.tr\/index.php\/wp-json\/wp\/v2\/media?parent=725321"}],"wp:term":[{"taxonomy":"product_brand","embeddable":true,"href":"https:\/\/roveyayinevi.com.tr\/index.php\/wp-json\/wp\/v2\/product_brand?post=725321"},{"taxonomy":"product_cat","embeddable":true,"href":"https:\/\/roveyayinevi.com.tr\/index.php\/wp-json\/wp\/v2\/product_cat?post=725321"},{"taxonomy":"product_tag","embeddable":true,"href":"https:\/\/roveyayinevi.com.tr\/index.php\/wp-json\/wp\/v2\/product_tag?post=725321"}],"curies":[{"name":"wp","href":"https:\/\/api.w.org\/{rel}","templated":true}]}}