{"id":725320,"date":"2025-08-27T19:48:29","date_gmt":"2025-08-27T16:48:29","guid":{"rendered":"https:\/\/roveyayinevi.com.tr\/index.php\/urun\/milletin-izdirabi\/"},"modified":"2026-04-16T02:32:56","modified_gmt":"2026-04-15T23:32:56","slug":"milletin-izdirabi","status":"publish","type":"product","link":"https:\/\/roveyayinevi.com.tr\/index.php\/urun\/milletin-izdirabi\/","title":{"rendered":"Milletin Izd\u0131rab\u0131"},"content":{"rendered":"<p>Nasrullo Sayyid 20 \u015eubat 1958 tarihinde Buhara \u0130li Vabkent \u0130l\u00e7esi Burkut k\u00f6y\u00fcnde do\u011fdu ve b\u00fcy\u00fcd\u00fc. 1980 y\u0131l\u0131nda Semerkant Mimarl\u0131k ve \u0130n\u015faat Enstit\u00fcs\u00fc\u2019nden mezun oldu. S\u0131n\u0131f arkada\u015f\u0131 Mukaddes Han\u0131m ile evlenen yazar\u0131n iki erkek, \u00fc\u00e7 k\u0131z olmak \u00fczere be\u015f \u00e7ocu\u011fu vard\u0131r.Nasrullo Sayyid\u2019in ara\u015ft\u0131rma makaleleri ve edebi eserleri 1990\u2019l\u0131 y\u0131llardan itibaren \u00d6zbekistan\u2019daki gazete ve dergilerde bas\u0131lmaya ba\u015flam\u0131\u015ft\u0131r. Yazar, 19 \u015eubat 1990 tarihinde \u00d6zbekistan Sovyet Sosyalist Cumhuriyeti \u00c2li Kene\u015fi\u2019ne milletvekili se\u00e7ilmi\u015ftir. Nasrullo Sayyid 20 Haziran 1990 tarihinde Kene\u015fte \u00d6zbekistan Cumhuriyeti\u2019nin &#8220;Ba\u011f\u0131ms\u0131zl\u0131k Beyannamesinin\u201d kabul edilmesini talep eden az say\u0131daki milletvekilinden biridir.O\u2019nun b\u00fct\u00fcn faaliyetleri \u00d6zbekistan\u2019\u0131n ba\u011f\u0131ms\u0131zl\u0131\u011f\u0131 yolundaki m\u00fccadeleden ibarettir. Yaz\u0131lar\u0131nda milletin \u00e7ekti\u011fi \u0131zd\u0131raplar\u0131 konu edinmi\u015ftir. Nasrullo Sayyid 2005 y\u0131l\u0131n\u0131n Kas\u0131m ay\u0131nda rejimin siyasi bask\u0131lar\u0131 sebebiyle \u00d6zbekistan\u2019\u0131 terk etmek zorunda kalm\u0131\u015ft\u0131r. 2007 y\u0131l\u0131ndan bu yana Kanada\u2019da ya\u015famaktad\u0131r. 2019 y\u0131l\u0131n\u0131n Nisan ay\u0131nda \u0130stanbul\u2019da yazar\u0131n &#8220;\u015e\u00fcpheli \u0130nsanlar\u201d adl\u0131 kitab\u0131 yay\u0131mlanm\u0131\u015ft\u0131r.<\/p>\n","protected":false},"excerpt":{"rendered":"<p>Nasrullo Sayyid 20 \u015eubat 1958 tarihinde Buhara \u0130li Vabkent \u0130l\u00e7esi Burkut k\u00f6y\u00fcnde do\u011fdu ve b\u00fcy\u00fcd\u00fc. 1980 y\u0131l\u0131nda Semerkant Mimarl\u0131k ve \u0130n\u015faat Enstit\u00fcs\u00fc\u2019nden mezun oldu. S\u0131n\u0131f arkada\u015f\u0131<span class=\"excerpt-hellip\"> [\u2026]<\/span><\/p>\n","protected":false},"featured_media":0,"template":"","meta":{"_monsterinsights_skip_tracking":false,"_monsterinsights_sitenote_active":false,"_monsterinsights_sitenote_note":"","_monsterinsights_sitenote_category":0},"product_brand":[],"product_cat":[12777,12291],"product_tag":[],"class_list":{"0":"post-725320","1":"product","2":"type-product","3":"status-publish","5":"product_cat-deneme","6":"product_cat-edebiyat","7":"pa_cilt-ciltsiz","8":"pa_tur-kitap","9":"pa_yayinevi-omca-yayinlari","10":"pa_yazar-nasrullo-sayyid","12":"first","13":"instock","14":"sale","15":"shipping-taxable","16":"purchasable","17":"product-type-simple"},"_links":{"self":[{"href":"https:\/\/roveyayinevi.com.tr\/index.php\/wp-json\/wp\/v2\/product\/725320","targetHints":{"allow":["GET"]}}],"collection":[{"href":"https:\/\/roveyayinevi.com.tr\/index.php\/wp-json\/wp\/v2\/product"}],"about":[{"href":"https:\/\/roveyayinevi.com.tr\/index.php\/wp-json\/wp\/v2\/types\/product"}],"wp:attachment":[{"href":"https:\/\/roveyayinevi.com.tr\/index.php\/wp-json\/wp\/v2\/media?parent=725320"}],"wp:term":[{"taxonomy":"product_brand","embeddable":true,"href":"https:\/\/roveyayinevi.com.tr\/index.php\/wp-json\/wp\/v2\/product_brand?post=725320"},{"taxonomy":"product_cat","embeddable":true,"href":"https:\/\/roveyayinevi.com.tr\/index.php\/wp-json\/wp\/v2\/product_cat?post=725320"},{"taxonomy":"product_tag","embeddable":true,"href":"https:\/\/roveyayinevi.com.tr\/index.php\/wp-json\/wp\/v2\/product_tag?post=725320"}],"curies":[{"name":"wp","href":"https:\/\/api.w.org\/{rel}","templated":true}]}}