{"id":725319,"date":"2025-08-27T19:48:28","date_gmt":"2025-08-27T16:48:28","guid":{"rendered":"https:\/\/roveyayinevi.com.tr\/index.php\/urun\/insan-nedir-1-kisim\/"},"modified":"2026-04-16T02:32:56","modified_gmt":"2026-04-15T23:32:56","slug":"insan-nedir-1-kisim","status":"publish","type":"product","link":"https:\/\/roveyayinevi.com.tr\/index.php\/urun\/insan-nedir-1-kisim\/","title":{"rendered":"\u0130nsan Nedir? &#8211; 1. K\u0131s\u0131m"},"content":{"rendered":"<p>\u00dcnl\u00fc edebiyat\u00e7\u0131 Mark Twain\u2019in (ger\u00e7ek ad\u0131yla Samuel Langhorne Clemens) d\u00fc\u015f\u00fcn kitab\u0131 olan \u2018\u0130nsan Nedir?\u2019 \u015fa\u015fk\u0131nl\u0131k verici bir eserdir. G\u00fcn\u00fcm\u00fczde bu eseri okumak bir \u015fans, \u00e7\u00fcnk\u00fc \u2018\u0130nsan Nedir?\u2019 belirli bir z\u00fcmre i\u00e7in sadece 250 adet bas\u0131lm\u0131\u015ft\u0131r. Eserin sayfalar\u0131na dald\u0131\u011f\u0131n\u0131zda neden s\u0131n\u0131rl\u0131 say\u0131da bas\u0131ld\u0131\u011f\u0131n\u0131 daha iyi anlayacaks\u0131n\u0131z. Twain bizlere, insan olmaya dair bildi\u011fimiz bir\u00e7ok olguyu \u00e7\u00fcr\u00fct\u00fcp \u00e7\u00f6pe atmam\u0131za neden olurken ayn\u0131 zamanda \u00e7ok farkl\u0131 bak\u0131\u015f a\u00e7\u0131lar\u0131 kazand\u0131r\u0131yor. Eseri okurken Ya\u015fl\u0131 Adam acaba Mark Twain mi sorusu akl\u0131n\u0131za gelebilir. Buna, yine de di\u011fer Twain okumalar\u0131n\u0131z\u0131 temel alarak siz karar verin. \u2018\u0130nsan Nedir?\u2019 her sat\u0131rda her sat\u0131rda ak\u0131l, iyilik, k\u00f6t\u00fcl\u00fck, vicdan, \u00f6zg\u00fcr irade, bencillik, d\u00fc\u015f\u00fcnce gibi pek \u00e7ok konuda okuru y\u00fczle\u015fme ve tart\u0131\u015fmaya d\u00e2hil ederken, hayat\u0131 farkl\u0131 a\u00e7\u0131dan de\u011ferlendirerek insan oldu\u011funuzu hissettiren bir eserdir.<\/p>\n","protected":false},"excerpt":{"rendered":"<p>\u00dcnl\u00fc edebiyat\u00e7\u0131 Mark Twain\u2019in (ger\u00e7ek ad\u0131yla Samuel Langhorne Clemens) d\u00fc\u015f\u00fcn kitab\u0131 olan \u2018\u0130nsan Nedir?\u2019 \u015fa\u015fk\u0131nl\u0131k verici bir eserdir. G\u00fcn\u00fcm\u00fczde bu eseri okumak bir \u015fans, \u00e7\u00fcnk\u00fc \u2018\u0130nsan<span class=\"excerpt-hellip\"> [\u2026]<\/span><\/p>\n","protected":false},"featured_media":0,"template":"","meta":{"_monsterinsights_skip_tracking":false,"_monsterinsights_sitenote_active":false,"_monsterinsights_sitenote_note":"","_monsterinsights_sitenote_category":0},"product_brand":[],"product_cat":[12291,12711],"product_tag":[],"class_list":{"0":"post-725319","1":"product","2":"type-product","3":"status-publish","5":"product_cat-edebiyat","6":"product_cat-roman-oyku","7":"pa_cilt-ciltsiz","8":"pa_tur-kitap","9":"pa_yayinevi-mirhan-kitap","10":"pa_yazar-mark-twain","12":"first","13":"instock","14":"sale","15":"shipping-taxable","16":"purchasable","17":"product-type-simple"},"_links":{"self":[{"href":"https:\/\/roveyayinevi.com.tr\/index.php\/wp-json\/wp\/v2\/product\/725319","targetHints":{"allow":["GET"]}}],"collection":[{"href":"https:\/\/roveyayinevi.com.tr\/index.php\/wp-json\/wp\/v2\/product"}],"about":[{"href":"https:\/\/roveyayinevi.com.tr\/index.php\/wp-json\/wp\/v2\/types\/product"}],"wp:attachment":[{"href":"https:\/\/roveyayinevi.com.tr\/index.php\/wp-json\/wp\/v2\/media?parent=725319"}],"wp:term":[{"taxonomy":"product_brand","embeddable":true,"href":"https:\/\/roveyayinevi.com.tr\/index.php\/wp-json\/wp\/v2\/product_brand?post=725319"},{"taxonomy":"product_cat","embeddable":true,"href":"https:\/\/roveyayinevi.com.tr\/index.php\/wp-json\/wp\/v2\/product_cat?post=725319"},{"taxonomy":"product_tag","embeddable":true,"href":"https:\/\/roveyayinevi.com.tr\/index.php\/wp-json\/wp\/v2\/product_tag?post=725319"}],"curies":[{"name":"wp","href":"https:\/\/api.w.org\/{rel}","templated":true}]}}