{"id":725318,"date":"2025-08-27T19:48:28","date_gmt":"2025-08-27T16:48:28","guid":{"rendered":"https:\/\/roveyayinevi.com.tr\/index.php\/urun\/rusyanin-suriye-politikasi\/"},"modified":"2026-04-16T02:32:56","modified_gmt":"2026-04-15T23:32:56","slug":"rusyanin-suriye-politikasi","status":"publish","type":"product","link":"https:\/\/roveyayinevi.com.tr\/index.php\/urun\/rusyanin-suriye-politikasi\/","title":{"rendered":"Rusya\u2019n\u0131n Suriye Politikas\u0131"},"content":{"rendered":"<p>Rusya\u2019da 2014 y\u0131l\u0131 itibariyle \u201cPutin Doktrini\u201d olarak ifade edilen strateji uygulama safhas\u0131na ge\u00e7mi\u015ftir. Buna g\u00f6re Bat\u0131 art\u0131k Rusya\u2019n\u0131n g\u00fcvenilir bir orta\u011f\u0131 de\u011fildir. Rusya a\u00e7\u0131s\u0131ndan uluslararas\u0131 hukuk art\u0131k bir kurallar b\u00fct\u00fcn\u00fc ve uluslararas\u0131 koordinasyonu sa\u011flayan norm de\u011fildir. Yeni stratejide Post-Sovyet \u00fclkelerin egemenli\u011fi Rusya\u2019n\u0131n korumas\u0131 alt\u0131ndad\u0131r. Rusya ve Rus kamuoyu, Avrasya\u2019da ve Suriye\u2019de \u00e7\u0131karlar\u0131 \u00e7at\u0131\u015fan Bat\u0131 ile krize girmeyi g\u00f6ze alarak Suriye\u2019ye m\u00fcdahalede bulunmu\u015ftur. G\u00fcn\u00fcm\u00fczde \u201cRusya\u2019n\u0131n Yolu\u201d tabiri t\u00fcm d\u00fcnyada hemen hemen kabul edilebilir seviyeye gelmi\u015ftir. Hem i\u00e7 politika da hem de d\u0131\u015f politikada Rusya\u2019ya \u2018\u00f6zel\u2019 bu duruma kar\u015f\u0131 \u00e7\u0131kabilen etkin bir g\u00fc\u00e7 hen\u00fcz bulunmuyor. Rus \u015fair ve diplomat Fyodor \u0130vanovi\u00e7 Tyut\u00e7ev\u2019in me\u015fhur d\u00f6rt m\u0131sral\u0131k bir \u015fiirinde \u015f\u00f6yle der:Rusya ak\u0131lla kavranmazGenel kabul g\u00f6rm\u00fc\u015f bir ar\u015f\u0131nla \u00f6l\u00e7\u00fclmezOnun kendine \u00f6zg\u00fc bir hali, geli\u015fimi vard\u0131rRusya&#8217;ya sadece inan\u0131l\u0131r, iman edilir.Bu \u00f6zdeyi\u015f Rusya\u2019y\u0131 tan\u0131mlayan en yayg\u0131n ifadelerdir. Tyut\u00e7ev\u2019e g\u00f6re Rusya\u2019y\u0131 anlamak istiyorsak \u201cona inanmak\u201d gereklidir. Bug\u00fcnlerde, T\u00fcrkiye-Rusya aras\u0131nda ortaya \u00e7\u0131kan i\u015fbirli\u011fi\/rekabet, Ukrayna, Libya ve Suriye krizlerinde Rusya\u2019n\u0131n tav\u0131rlar\u0131 dolay\u0131s\u0131yla \u201cRusya ne yapmaya \u00e7al\u0131\u015f\u0131yor?\u201d sorusunu art\u0131k daha s\u0131k duyuyoruz ve \u00f6n\u00fcm\u00fczdeki d\u00f6nemde de duymaya devam edece\u011fimiz ger\u00e7e\u011fiyle ya\u015famal\u0131y\u0131z. Bu sorunun cevab\u0131n\u0131 Ruslar\u0131n tarihten itibaren kendilerine bi\u00e7tikleri \u201ckurtar\u0131c\u0131\u201d rol\u00fcn\u00fc anlamadan vermek m\u00fcmk\u00fcn de\u011fildir. Bu kitab\u0131 okudu\u011fumuzda eminim bu sorular\u0131n baz\u0131lar\u0131na cevap bulabilirsiniz. Bu kitab\u0131m\u0131zda Putin Rusya\u2019s\u0131n\u0131n olu\u015fumu ve Suriye\u2019deki politikalar\u0131n\u0131n genel sebepleri anlat\u0131lm\u0131\u015ft\u0131r. Bu kitaba ek olarak \u201cRusya-Tu\u0308rkiye Avrasya Pakt\u0131 M\u00fcmk\u00fcn m\u00fc?\u201d ve \u201cPutin D\u00f6nemi Rusya D\u0131\u015f Politikas\u0131 ve G\u00fcvenlik Doktrinleri\u201d adl\u0131 kitaplar\u0131m\u0131z\u0131 da okuman\u0131zda fayda vard\u0131r.<\/p>\n","protected":false},"excerpt":{"rendered":"<p>Rusya\u2019da 2014 y\u0131l\u0131 itibariyle \u201cPutin Doktrini\u201d olarak ifade edilen strateji uygulama safhas\u0131na ge\u00e7mi\u015ftir. Buna g\u00f6re Bat\u0131 art\u0131k Rusya\u2019n\u0131n g\u00fcvenilir bir orta\u011f\u0131 de\u011fildir. Rusya a\u00e7\u0131s\u0131ndan uluslararas\u0131 hukuk<span class=\"excerpt-hellip\"> [\u2026]<\/span><\/p>\n","protected":false},"featured_media":0,"template":"","meta":{"_monsterinsights_skip_tracking":false,"_monsterinsights_sitenote_active":false,"_monsterinsights_sitenote_note":"","_monsterinsights_sitenote_category":0},"product_brand":[],"product_cat":[12338,12337],"product_tag":[],"class_list":{"0":"post-725318","1":"product","2":"type-product","3":"status-publish","5":"product_cat-dunya-siyaseti-ve-politikasi","6":"product_cat-politika-siyaset","7":"pa_cilt-ciltsiz","8":"pa_tur-kitap","9":"pa_yayinevi-ilbilge-yayincilik","10":"pa_yazar-salih-yilmaz","12":"first","13":"instock","14":"sale","15":"shipping-taxable","16":"purchasable","17":"product-type-simple"},"_links":{"self":[{"href":"https:\/\/roveyayinevi.com.tr\/index.php\/wp-json\/wp\/v2\/product\/725318","targetHints":{"allow":["GET"]}}],"collection":[{"href":"https:\/\/roveyayinevi.com.tr\/index.php\/wp-json\/wp\/v2\/product"}],"about":[{"href":"https:\/\/roveyayinevi.com.tr\/index.php\/wp-json\/wp\/v2\/types\/product"}],"wp:attachment":[{"href":"https:\/\/roveyayinevi.com.tr\/index.php\/wp-json\/wp\/v2\/media?parent=725318"}],"wp:term":[{"taxonomy":"product_brand","embeddable":true,"href":"https:\/\/roveyayinevi.com.tr\/index.php\/wp-json\/wp\/v2\/product_brand?post=725318"},{"taxonomy":"product_cat","embeddable":true,"href":"https:\/\/roveyayinevi.com.tr\/index.php\/wp-json\/wp\/v2\/product_cat?post=725318"},{"taxonomy":"product_tag","embeddable":true,"href":"https:\/\/roveyayinevi.com.tr\/index.php\/wp-json\/wp\/v2\/product_tag?post=725318"}],"curies":[{"name":"wp","href":"https:\/\/api.w.org\/{rel}","templated":true}]}}