{"id":725317,"date":"2025-08-27T19:48:27","date_gmt":"2025-08-27T16:48:27","guid":{"rendered":"https:\/\/roveyayinevi.com.tr\/index.php\/urun\/dunya-askeri-tarihi\/"},"modified":"2026-04-16T02:32:56","modified_gmt":"2026-04-15T23:32:56","slug":"dunya-askeri-tarihi","status":"publish","type":"product","link":"https:\/\/roveyayinevi.com.tr\/index.php\/urun\/dunya-askeri-tarihi\/","title":{"rendered":"D\u00fcnya Askeri Tarihi"},"content":{"rendered":"<p>D\u00fcnya Askeri Tarihi Kitap A\u00e7\u0131klamas\u0131D\u00fcnyada XIX. Y\u00fczy\u0131lda modern tarih biliminin do\u011fu\u015fu ile birlikte geli\u015fen kazanan asker\u00ee tarih \u00e7al\u0131\u015fmalar\u0131, daha \u00e7ok Bat\u0131 merkezli perspektifle kaleme al\u0131nm\u0131\u015ft\u0131r. Kendi i\u00e7inde \u00e7ok uzun bir tecr\u00fcbeyi bar\u0131nd\u0131ran T\u00fcrk asker\u00ee tarih ve k\u00fclt\u00fcr\u00fcn\u00fcn, D\u00fcnya literat\u00fcr\u00fcnde kendine hakketti\u011fi yeri buldu\u011fu s\u00f6ylenemez. Osmanl\u0131 son d\u00f6neminden Cumhuriyete son birbu\u00e7uk as\u0131rl\u0131k s\u00fcrede Bat\u0131 dillerinden \u00e7e\u015fitli \u00e7eviriler yap\u0131lm\u0131\u015f olsa da, D\u00fcnya asker\u00ee tarihine dair genel ve kapsay\u0131c\u0131 bir T\u00fcrk\u00e7e telif eser de bug\u00fcne kadar yaz\u0131lamam\u0131\u015ft\u0131r. D\u00fcnya asker\u00ee tarihine dair kapsaml\u0131 ilk T\u00fcrk\u00e7e telif olan bu eserde, eski \u00e7a\u011flardan g\u00fcn\u00fcm\u00fcze silahl\u0131 \u00e7at\u0131\u015fmalar\u0131n d\u00f6n\u00fc\u015f\u00fcm\u00fc farkl\u0131 co\u011frafyalar \u00f6zelinde ele al\u0131nmaktad\u0131r. \u0130nsano\u011flunun kara ve denizde ba\u015flayan silahl\u0131 \u00e7at\u0131\u015fma maceras\u0131, XX. y\u00fczy\u0131lda bunlara eklenen hava boyutu ile birlikte i\u015flenerek g\u00fcn\u00fcm\u00fcze kadar getirilmektedir. Asya\u2019dan Avrupa\u2019ya y\u00fczlerce y\u0131ll\u0131k T\u00fcrk asker\u00ee tarihi de D\u00fcnya asker\u00ee tarihi \u00e7er\u00e7evesinde de\u011ferlendirilmektedir. Harp silah ve aletleri, asker\u00ee te\u015fkilatlar, taktik ve stratejilerin tarih\u00ee seyri ile askerli\u011fe dair pek \u00e7ok kavram tek bir kitab\u0131n i\u00e7erisinde okuyucuyla bulu\u015fturulmaktad\u0131r.<\/p>\n","protected":false},"excerpt":{"rendered":"<p>D\u00fcnya Askeri Tarihi Kitap A\u00e7\u0131klamas\u0131D\u00fcnyada XIX. Y\u00fczy\u0131lda modern tarih biliminin do\u011fu\u015fu ile birlikte geli\u015fen kazanan asker\u00ee tarih \u00e7al\u0131\u015fmalar\u0131, daha \u00e7ok Bat\u0131 merkezli perspektifle kaleme al\u0131nm\u0131\u015ft\u0131r. Kendi<span class=\"excerpt-hellip\"> [\u2026]<\/span><\/p>\n","protected":false},"featured_media":0,"template":"","meta":{"_monsterinsights_skip_tracking":false,"_monsterinsights_sitenote_active":false,"_monsterinsights_sitenote_note":"","_monsterinsights_sitenote_category":0},"product_brand":[],"product_cat":[12305,12304],"product_tag":[],"class_list":{"0":"post-725317","1":"product","2":"type-product","3":"status-publish","5":"product_cat-dunya-tarihi","6":"product_cat-tarih","7":"pa_cilt-ciltsiz","8":"pa_tur-kitap","9":"pa_yayinevi-dogu-kutuphanesi","10":"pa_yazar-mesut-uyar","12":"first","13":"instock","14":"sale","15":"shipping-taxable","16":"purchasable","17":"product-type-simple"},"_links":{"self":[{"href":"https:\/\/roveyayinevi.com.tr\/index.php\/wp-json\/wp\/v2\/product\/725317","targetHints":{"allow":["GET"]}}],"collection":[{"href":"https:\/\/roveyayinevi.com.tr\/index.php\/wp-json\/wp\/v2\/product"}],"about":[{"href":"https:\/\/roveyayinevi.com.tr\/index.php\/wp-json\/wp\/v2\/types\/product"}],"wp:attachment":[{"href":"https:\/\/roveyayinevi.com.tr\/index.php\/wp-json\/wp\/v2\/media?parent=725317"}],"wp:term":[{"taxonomy":"product_brand","embeddable":true,"href":"https:\/\/roveyayinevi.com.tr\/index.php\/wp-json\/wp\/v2\/product_brand?post=725317"},{"taxonomy":"product_cat","embeddable":true,"href":"https:\/\/roveyayinevi.com.tr\/index.php\/wp-json\/wp\/v2\/product_cat?post=725317"},{"taxonomy":"product_tag","embeddable":true,"href":"https:\/\/roveyayinevi.com.tr\/index.php\/wp-json\/wp\/v2\/product_tag?post=725317"}],"curies":[{"name":"wp","href":"https:\/\/api.w.org\/{rel}","templated":true}]}}