{"id":725316,"date":"2025-08-27T19:48:26","date_gmt":"2025-08-27T16:48:26","guid":{"rendered":"https:\/\/roveyayinevi.com.tr\/index.php\/urun\/frankenstein-ya-da-modern-prometheus-3\/"},"modified":"2026-04-16T02:32:56","modified_gmt":"2026-04-15T23:32:56","slug":"frankenstein-ya-da-modern-prometheus-3","status":"publish","type":"product","link":"https:\/\/roveyayinevi.com.tr\/index.php\/urun\/frankenstein-ya-da-modern-prometheus-3\/","title":{"rendered":"Frankenstein ya da Modern Prometheus"},"content":{"rendered":"<p>Victor Frankenstein\u2019\u0131n al\u0131\u015f\u0131lmad\u0131k y\u00f6ntemlerle laboratuvar ortam\u0131nda can verdi\u011fi yarat\u0131k, \u00e7evresindekiler taraf\u0131ndan hor g\u00f6r\u00fcld\u00fck\u00e7e bir insanl\u0131k d\u00fc\u015fman\u0131 haline gelir. Mary Shelley\u2019nin on sekiz ya\u015f\u0131nda kaleme ald\u0131\u011f\u0131 ve ilk bilim kurgu roman\u0131 say\u0131lan Frankenstein, yozla\u015fm\u0131\u015f bilimin gebe oldu\u011fu sorunlardan yola \u00e7\u0131karak ameliyat masas\u0131na bu kez insan\u0131 yat\u0131r\u0131yor. <\/p>\n","protected":false},"excerpt":{"rendered":"<p>Victor Frankenstein\u2019\u0131n al\u0131\u015f\u0131lmad\u0131k y\u00f6ntemlerle laboratuvar ortam\u0131nda can verdi\u011fi yarat\u0131k, \u00e7evresindekiler taraf\u0131ndan hor g\u00f6r\u00fcld\u00fck\u00e7e bir insanl\u0131k d\u00fc\u015fman\u0131 haline gelir. Mary Shelley\u2019nin on sekiz ya\u015f\u0131nda kaleme ald\u0131\u011f\u0131 ve<span class=\"excerpt-hellip\"> [\u2026]<\/span><\/p>\n","protected":false},"featured_media":0,"template":"","meta":{"_monsterinsights_skip_tracking":false,"_monsterinsights_sitenote_active":false,"_monsterinsights_sitenote_note":"","_monsterinsights_sitenote_category":0},"product_brand":[],"product_cat":[12291,12711],"product_tag":[],"class_list":{"0":"post-725316","1":"product","2":"type-product","3":"status-publish","5":"product_cat-edebiyat","6":"product_cat-roman-oyku","7":"pa_cilt-ciltsiz","8":"pa_tur-kitap","9":"pa_yayinevi-turkuvaz-kitap","10":"pa_yazar-mary-shelley","12":"first","13":"instock","14":"sale","15":"shipping-taxable","16":"purchasable","17":"product-type-simple"},"_links":{"self":[{"href":"https:\/\/roveyayinevi.com.tr\/index.php\/wp-json\/wp\/v2\/product\/725316","targetHints":{"allow":["GET"]}}],"collection":[{"href":"https:\/\/roveyayinevi.com.tr\/index.php\/wp-json\/wp\/v2\/product"}],"about":[{"href":"https:\/\/roveyayinevi.com.tr\/index.php\/wp-json\/wp\/v2\/types\/product"}],"wp:attachment":[{"href":"https:\/\/roveyayinevi.com.tr\/index.php\/wp-json\/wp\/v2\/media?parent=725316"}],"wp:term":[{"taxonomy":"product_brand","embeddable":true,"href":"https:\/\/roveyayinevi.com.tr\/index.php\/wp-json\/wp\/v2\/product_brand?post=725316"},{"taxonomy":"product_cat","embeddable":true,"href":"https:\/\/roveyayinevi.com.tr\/index.php\/wp-json\/wp\/v2\/product_cat?post=725316"},{"taxonomy":"product_tag","embeddable":true,"href":"https:\/\/roveyayinevi.com.tr\/index.php\/wp-json\/wp\/v2\/product_tag?post=725316"}],"curies":[{"name":"wp","href":"https:\/\/api.w.org\/{rel}","templated":true}]}}