{"id":725315,"date":"2025-08-27T19:48:25","date_gmt":"2025-08-27T16:48:25","guid":{"rendered":"https:\/\/roveyayinevi.com.tr\/index.php\/urun\/hipernesneler\/"},"modified":"2026-04-16T02:32:56","modified_gmt":"2026-04-15T23:32:56","slug":"hipernesneler","status":"publish","type":"product","link":"https:\/\/roveyayinevi.com.tr\/index.php\/urun\/hipernesneler\/","title":{"rendered":"Hipernesneler"},"content":{"rendered":"<p>K\u00fcresel \u0131s\u0131nma d\u00f6n\u00fc\u015f\u00fc olmayan bir yolda ilerliyor. Ekolojik felaket olas\u0131l\u0131\u011f\u0131yla kar\u015f\u0131 kar\u015f\u0131yay\u0131z. Co*vid19 vir\u00fcs\u00fc t\u00fcm d\u00fcnyada on binlerce insan\u0131n hayat\u0131na mal oldu. Ancak \u00e7evresel krizlerin felsefi d\u00fc\u015f\u00fcnce prati\u011fi i\u00e7in de bir kriz niteli\u011fi ta\u015f\u0131d\u0131\u011f\u0131n\u0131 s\u00f6ylemek m\u00fcmk\u00fcn: Bizi sadece kontrol etme arzumuza de\u011fil, hayat anlay\u0131\u015f\u0131m\u0131za da meydan okuyan bir sorunla kar\u015f\u0131 kar\u015f\u0131ya b\u0131rak\u0131rlar.K\u00fcresel \u0131s\u0131nma, Timothy Morton\u2019\u0131n \u201chipernesne\u201d dedi\u011fi \u015feyin belki de en \u00e7arp\u0131c\u0131 \u00f6rne\u011fi. \u0130klim, \u00e7evre, n\u00fckleer silahlar, evrim ya da g\u00f6relilik gibi bir dizi hipernesne i\u00e7inde ya\u015f\u0131yoruz. Bunlar\u0131n zamansal ve uzamsal boyutlar\u0131 da \u00f6yle b\u00fcy\u00fck ki nesnenin ne oldu\u011funa dair fikirleri yutuyor, normal ak\u0131l y\u00fcr\u00fctme y\u00f6ntemlerimizi ciddi bi\u00e7imde zorlayabiliyorlar.Timothy Morton, hipernesnelerin ne oldu\u011funu, onlarla ilgili ne d\u00fc\u015f\u00fcnd\u00fc\u011f\u00fcm\u00fcz\u00fc, insanlar\u0131n birbiriyle ve insan-olmayanlarla nas\u0131l bir arada ya\u015fad\u0131\u011f\u0131n\u0131 anlat\u0131rken; hipernesnelerin etkilerine yani siyaseti, ahlak\u0131 ve sanat\u0131 deneyimleyi\u015f bi\u00e7imimize dikkat \u00e7ekiyor. Ya\u015fad\u0131\u011f\u0131m\u0131z d\u00fcnyay\u0131 kavray\u0131\u015f\u0131m\u0131z\u0131 yeniden ke\u015ffetmemiz gerekti\u011finde \u0131srar eden Hipernesneler, d\u00fc\u015f\u00fcnce ve eyleme ger\u00e7ek anlamda postmodern bir ekolojik yakla\u015f\u0131m getiriyor.<\/p>\n","protected":false},"excerpt":{"rendered":"<p>K\u00fcresel \u0131s\u0131nma d\u00f6n\u00fc\u015f\u00fc olmayan bir yolda ilerliyor. Ekolojik felaket olas\u0131l\u0131\u011f\u0131yla kar\u015f\u0131 kar\u015f\u0131yay\u0131z. Co*vid19 vir\u00fcs\u00fc t\u00fcm d\u00fcnyada on binlerce insan\u0131n hayat\u0131na mal oldu. Ancak \u00e7evresel krizlerin felsefi<span class=\"excerpt-hellip\"> [\u2026]<\/span><\/p>\n","protected":false},"featured_media":0,"template":"","meta":{"_monsterinsights_skip_tracking":false,"_monsterinsights_sitenote_active":false,"_monsterinsights_sitenote_note":"","_monsterinsights_sitenote_category":0},"product_brand":[],"product_cat":[23323,12364],"product_tag":[],"class_list":{"0":"post-725315","1":"product","2":"type-product","3":"status-publish","5":"product_cat-ekoloji","6":"product_cat-genel-konular","7":"pa_cilt-ciltsiz","8":"pa_tur-kitap","9":"pa_yayinevi-tellekt","10":"pa_yazar-timothy-morton","12":"first","13":"instock","14":"sale","15":"shipping-taxable","16":"purchasable","17":"product-type-simple"},"_links":{"self":[{"href":"https:\/\/roveyayinevi.com.tr\/index.php\/wp-json\/wp\/v2\/product\/725315","targetHints":{"allow":["GET"]}}],"collection":[{"href":"https:\/\/roveyayinevi.com.tr\/index.php\/wp-json\/wp\/v2\/product"}],"about":[{"href":"https:\/\/roveyayinevi.com.tr\/index.php\/wp-json\/wp\/v2\/types\/product"}],"wp:attachment":[{"href":"https:\/\/roveyayinevi.com.tr\/index.php\/wp-json\/wp\/v2\/media?parent=725315"}],"wp:term":[{"taxonomy":"product_brand","embeddable":true,"href":"https:\/\/roveyayinevi.com.tr\/index.php\/wp-json\/wp\/v2\/product_brand?post=725315"},{"taxonomy":"product_cat","embeddable":true,"href":"https:\/\/roveyayinevi.com.tr\/index.php\/wp-json\/wp\/v2\/product_cat?post=725315"},{"taxonomy":"product_tag","embeddable":true,"href":"https:\/\/roveyayinevi.com.tr\/index.php\/wp-json\/wp\/v2\/product_tag?post=725315"}],"curies":[{"name":"wp","href":"https:\/\/api.w.org\/{rel}","templated":true}]}}